{"id":1658,"date":"2026-04-06T12:01:19","date_gmt":"2026-04-06T15:01:19","guid":{"rendered":"https:\/\/ibemf.org.br\/?page_id=1658"},"modified":"2026-04-06T12:06:57","modified_gmt":"2026-04-06T15:06:57","slug":"previne","status":"publish","type":"page","link":"https:\/\/ibemf.org.br\/index.php\/previne\/","title":{"rendered":"PREVINE+"},"content":{"rendered":"\t\t<div data-elementor-type=\"wp-page\" data-elementor-id=\"1658\" class=\"elementor elementor-1658\" data-elementor-post-type=\"page\">\n\t\t\t\t<div class=\"elementor-element elementor-element-94c1419 e-flex e-con-boxed e-con e-parent\" data-id=\"94c1419\" data-element_type=\"container\" data-e-type=\"container\">\n\t\t\t\t\t<div class=\"e-con-inner\">\n\t\t<div class=\"elementor-element elementor-element-f6e090a e-con-full e-flex e-con e-child\" data-id=\"f6e090a\" data-element_type=\"container\" data-e-type=\"container\">\n\t\t\t\t<div class=\"elementor-element elementor-element-a0b38ff elementor-widget elementor-widget-image\" data-id=\"a0b38ff\" data-element_type=\"widget\" data-e-type=\"widget\" data-widget_type=\"image.default\">\n\t\t\t\t<div class=\"elementor-widget-container\">\n\t\t\t\t\t\t\t\t\t\t\t\t\t\t\t<img fetchpriority=\"high\" decoding=\"async\" width=\"447\" height=\"559\" src=\"https:\/\/ibemf.org.br\/wp-content\/uploads\/2026\/04\/Posts_4_-_SEMCRJ___6_-removebg-preview.png\" class=\"attachment-large size-large wp-image-1661\" alt=\"PREVINE+\" srcset=\"https:\/\/ibemf.org.br\/wp-content\/uploads\/2026\/04\/Posts_4_-_SEMCRJ___6_-removebg-preview.png 447w, https:\/\/ibemf.org.br\/wp-content\/uploads\/2026\/04\/Posts_4_-_SEMCRJ___6_-removebg-preview-240x300.png 240w\" sizes=\"(max-width: 447px) 100vw, 447px\" \/>\t\t\t\t\t\t\t\t\t\t\t\t\t\t\t<\/div>\n\t\t\t\t<\/div>\n\t\t\t\t<\/div>\n\t\t<div class=\"elementor-element elementor-element-71335fd e-con-full e-flex e-con e-child\" data-id=\"71335fd\" data-element_type=\"container\" data-e-type=\"container\">\n\t\t\t\t<div class=\"elementor-element elementor-element-a716126 elementor-widget elementor-widget-text-editor\" data-id=\"a716126\" data-element_type=\"widget\" data-e-type=\"widget\" data-widget_type=\"text-editor.default\">\n\t\t\t\t<div class=\"elementor-widget-container\">\n\t\t\t\t\t\t\t\t\t<p>O PREVINE+ \u00e9 um programa desenvolvido para promover a sa\u00fade mental, a seguran\u00e7a e o bem-estar dos profissionais que atuam no mercado financeiro. A iniciativa \u00e9 fruto da parceria entre o IBEMF, o <a href=\"https:\/\/semcrj.org.br\/\" target=\"_blank\" rel=\"noopener\">SEMCRJ<\/a> e o <a href=\"https:\/\/www.sindicorrj.com.br\/\" target=\"_blank\" rel=\"noopener\">SINDICOR-RJ<\/a>, reunindo experi\u00eancia institucional, conhecimento t\u00e9cnico e compromisso com a valoriza\u00e7\u00e3o do trabalhador.<\/p><p>Em um cen\u00e1rio de alta exig\u00eancia e press\u00e3o por resultados, temas como estresse ocupacional, esgotamento emocional e burnout tornam-se cada vez mais relevantes. Nesse contexto, o PREVINE+ foi criado para apoiar empresas e profissionais na constru\u00e7\u00e3o de ambientes de trabalho mais saud\u00e1veis, produtivos e sustent\u00e1veis.<\/p><p>Al\u00e9m de promover a\u00e7\u00f5es de conscientiza\u00e7\u00e3o e preven\u00e7\u00e3o, o programa atua no alinhamento das empresas \u00e0s diretrizes da NR-1, contribuindo para a gest\u00e3o adequada de riscos psicossociais no ambiente corporativo. Dessa forma, a iniciativa integra conformidade regulat\u00f3ria com suporte psicol\u00f3gico e t\u00e9cnico especializado.<\/p><p>O PREVINE+ representa um compromisso conjunto com a qualidade de vida no trabalho, incentivando uma cultura organizacional que valoriza o cuidado com as pessoas e a preven\u00e7\u00e3o de riscos no ambiente profissional.<\/p>\t\t\t\t\t\t\t\t<\/div>\n\t\t\t\t<\/div>\n\t\t\t\t<\/div>\n\t\t\t\t\t<\/div>\n\t\t\t\t<\/div>\n\t\t\t\t<\/div>\n\t\t","protected":false},"excerpt":{"rendered":"<p>O PREVINE+ \u00e9 um programa desenvolvido para promover a sa\u00fade mental, a seguran\u00e7a e o bem-estar dos profissionais que atuam no mercado financeiro. A iniciativa \u00e9 fruto da parceria entre o IBEMF, o SEMCRJ e o SINDICOR-RJ, reunindo experi\u00eancia institucional, conhecimento t\u00e9cnico e compromisso com a valoriza\u00e7\u00e3o do trabalhador. Em um cen\u00e1rio de alta exig\u00eancia [&hellip;]<\/p>\n","protected":false},"author":1,"featured_media":0,"parent":0,"menu_order":0,"comment_status":"closed","ping_status":"closed","template":"","meta":{"_joinchat":[],"footnotes":""},"class_list":["post-1658","page","type-page","status-publish","hentry"],"yoast_head":"<!-- This site is optimized with the Yoast SEO Premium plugin v26.9 (Yoast SEO v26.9) - https:\/\/yoast.com\/product\/yoast-seo-premium-wordpress\/ -->\n<title>PREVINE+ - IBEMF - Cursos Certifica\u00e7\u00f5es e Forma\u00e7\u00f5es<\/title>\n<meta name=\"robots\" content=\"index, follow, max-snippet:-1, max-image-preview:large, max-video-preview:-1\" \/>\n<link rel=\"canonical\" href=\"https:\/\/ibemf.org.br\/index.php\/previne\/\" \/>\n<meta property=\"og:locale\" content=\"pt_BR\" \/>\n<meta property=\"og:type\" content=\"article\" \/>\n<meta property=\"og:title\" content=\"PREVINE+\" \/>\n<meta property=\"og:description\" content=\"O PREVINE+ \u00e9 um programa desenvolvido para promover a sa\u00fade mental, a seguran\u00e7a e o bem-estar dos profissionais que atuam no mercado financeiro. A iniciativa \u00e9 fruto da parceria entre o IBEMF, o SEMCRJ e o SINDICOR-RJ, reunindo experi\u00eancia institucional, conhecimento t\u00e9cnico e compromisso com a valoriza\u00e7\u00e3o do trabalhador. Em um cen\u00e1rio de alta exig\u00eancia [&hellip;]\" \/>\n<meta property=\"og:url\" content=\"https:\/\/ibemf.org.br\/index.php\/previne\/\" \/>\n<meta property=\"og:site_name\" content=\"IBEMF - Cursos Certifica\u00e7\u00f5es e Forma\u00e7\u00f5es\" \/>\n<meta property=\"article:publisher\" content=\"https:\/\/www.facebook.com\/ibemfrj\" \/>\n<meta property=\"article:modified_time\" content=\"2026-04-06T15:06:57+00:00\" \/>\n<meta property=\"og:image\" content=\"https:\/\/ibemf.org.br\/wp-content\/uploads\/2026\/04\/Posts_4_-_SEMCRJ___6_-removebg-preview.png\" \/>\n\t<meta property=\"og:image:width\" content=\"447\" \/>\n\t<meta property=\"og:image:height\" content=\"559\" \/>\n\t<meta property=\"og:image:type\" content=\"image\/png\" \/>\n<meta name=\"twitter:card\" content=\"summary_large_image\" \/>\n<meta name=\"twitter:label1\" content=\"Est. tempo de leitura\" \/>\n\t<meta name=\"twitter:data1\" content=\"2 minutos\" \/>\n<script type=\"application\/ld+json\" class=\"yoast-schema-graph\">{\"@context\":\"https:\/\/schema.org\",\"@graph\":[{\"@type\":\"WebPage\",\"@id\":\"https:\/\/ibemf.org.br\/index.php\/previne\/\",\"url\":\"https:\/\/ibemf.org.br\/index.php\/previne\/\",\"name\":\"PREVINE+ - IBEMF - Cursos Certifica\u00e7\u00f5es e Forma\u00e7\u00f5es\",\"isPartOf\":{\"@id\":\"https:\/\/ibemf.org.br\/#website\"},\"primaryImageOfPage\":{\"@id\":\"https:\/\/ibemf.org.br\/index.php\/previne\/#primaryimage\"},\"image\":{\"@id\":\"https:\/\/ibemf.org.br\/index.php\/previne\/#primaryimage\"},\"thumbnailUrl\":\"https:\/\/ibemf.org.br\/wp-content\/uploads\/2026\/04\/Posts_4_-_SEMCRJ___6_-removebg-preview.png\",\"datePublished\":\"2026-04-06T15:01:19+00:00\",\"dateModified\":\"2026-04-06T15:06:57+00:00\",\"breadcrumb\":{\"@id\":\"https:\/\/ibemf.org.br\/index.php\/previne\/#breadcrumb\"},\"inLanguage\":\"pt-BR\",\"potentialAction\":[{\"@type\":\"ReadAction\",\"target\":[\"https:\/\/ibemf.org.br\/index.php\/previne\/\"]}]},{\"@type\":\"ImageObject\",\"inLanguage\":\"pt-BR\",\"@id\":\"https:\/\/ibemf.org.br\/index.php\/previne\/#primaryimage\",\"url\":\"https:\/\/ibemf.org.br\/wp-content\/uploads\/2026\/04\/Posts_4_-_SEMCRJ___6_-removebg-preview.png\",\"contentUrl\":\"https:\/\/ibemf.org.br\/wp-content\/uploads\/2026\/04\/Posts_4_-_SEMCRJ___6_-removebg-preview.png\",\"width\":447,\"height\":559,\"caption\":\"PREVINE+\"},{\"@type\":\"BreadcrumbList\",\"@id\":\"https:\/\/ibemf.org.br\/index.php\/previne\/#breadcrumb\",\"itemListElement\":[{\"@type\":\"ListItem\",\"position\":1,\"name\":\"In\u00edcio\",\"item\":\"https:\/\/ibemf.org.br\/\"},{\"@type\":\"ListItem\",\"position\":2,\"name\":\"PREVINE+\"}]},{\"@type\":\"WebSite\",\"@id\":\"https:\/\/ibemf.org.br\/#website\",\"url\":\"https:\/\/ibemf.org.br\/\",\"name\":\"IBEMF - Cursos Certifica\u00e7\u00f5es e Forma\u00e7\u00f5es\",\"description\":\"\",\"publisher\":{\"@id\":\"https:\/\/ibemf.org.br\/#organization\"},\"potentialAction\":[{\"@type\":\"SearchAction\",\"target\":{\"@type\":\"EntryPoint\",\"urlTemplate\":\"https:\/\/ibemf.org.br\/?s={search_term_string}\"},\"query-input\":{\"@type\":\"PropertyValueSpecification\",\"valueRequired\":true,\"valueName\":\"search_term_string\"}}],\"inLanguage\":\"pt-BR\"},{\"@type\":\"Organization\",\"@id\":\"https:\/\/ibemf.org.br\/#organization\",\"name\":\"IBEMF - Cursos Certifica\u00e7\u00f5es e Forma\u00e7\u00f5es\",\"url\":\"https:\/\/ibemf.org.br\/\",\"logo\":{\"@type\":\"ImageObject\",\"inLanguage\":\"pt-BR\",\"@id\":\"https:\/\/ibemf.org.br\/#\/schema\/logo\/image\/\",\"url\":\"https:\/\/novo.ibemf.org.br\/wp-content\/uploads\/2024\/07\/logo_ibemfxselo.png\",\"contentUrl\":\"https:\/\/novo.ibemf.org.br\/wp-content\/uploads\/2024\/07\/logo_ibemfxselo.png\",\"width\":200,\"height\":199,\"caption\":\"IBEMF - Cursos Certifica\u00e7\u00f5es e Forma\u00e7\u00f5es\"},\"image\":{\"@id\":\"https:\/\/ibemf.org.br\/#\/schema\/logo\/image\/\"},\"sameAs\":[\"https:\/\/www.facebook.com\/ibemfrj\",\"https:\/\/www.instagram.com\/ibemf.investeduc?utm_source=ig_web_button_share_sheet&igsh=ZDNlZDc0MzIxNw\",\"https:\/\/www.linkedin.com\/in\/ibemf-instituto-brasileiro-de-estudos-para-o-mercado-financeiro-26430220b\/\"]}]}<\/script>\n<!-- \/ Yoast SEO Premium plugin. -->","yoast_head_json":{"title":"PREVINE+ - IBEMF - Cursos Certifica\u00e7\u00f5es e Forma\u00e7\u00f5es","robots":{"index":"index","follow":"follow","max-snippet":"max-snippet:-1","max-image-preview":"max-image-preview:large","max-video-preview":"max-video-preview:-1"},"canonical":"https:\/\/ibemf.org.br\/index.php\/previne\/","og_locale":"pt_BR","og_type":"article","og_title":"PREVINE+","og_description":"O PREVINE+ \u00e9 um programa desenvolvido para promover a sa\u00fade mental, a seguran\u00e7a e o bem-estar dos profissionais que atuam no mercado financeiro. A iniciativa \u00e9 fruto da parceria entre o IBEMF, o SEMCRJ e o SINDICOR-RJ, reunindo experi\u00eancia institucional, conhecimento t\u00e9cnico e compromisso com a valoriza\u00e7\u00e3o do trabalhador. Em um cen\u00e1rio de alta exig\u00eancia [&hellip;]","og_url":"https:\/\/ibemf.org.br\/index.php\/previne\/","og_site_name":"IBEMF - Cursos Certifica\u00e7\u00f5es e Forma\u00e7\u00f5es","article_publisher":"https:\/\/www.facebook.com\/ibemfrj","article_modified_time":"2026-04-06T15:06:57+00:00","og_image":[{"width":447,"height":559,"url":"https:\/\/ibemf.org.br\/wp-content\/uploads\/2026\/04\/Posts_4_-_SEMCRJ___6_-removebg-preview.png","type":"image\/png"}],"twitter_card":"summary_large_image","twitter_misc":{"Est. tempo de leitura":"2 minutos"},"schema":{"@context":"https:\/\/schema.org","@graph":[{"@type":"WebPage","@id":"https:\/\/ibemf.org.br\/index.php\/previne\/","url":"https:\/\/ibemf.org.br\/index.php\/previne\/","name":"PREVINE+ - IBEMF - Cursos Certifica\u00e7\u00f5es e Forma\u00e7\u00f5es","isPartOf":{"@id":"https:\/\/ibemf.org.br\/#website"},"primaryImageOfPage":{"@id":"https:\/\/ibemf.org.br\/index.php\/previne\/#primaryimage"},"image":{"@id":"https:\/\/ibemf.org.br\/index.php\/previne\/#primaryimage"},"thumbnailUrl":"https:\/\/ibemf.org.br\/wp-content\/uploads\/2026\/04\/Posts_4_-_SEMCRJ___6_-removebg-preview.png","datePublished":"2026-04-06T15:01:19+00:00","dateModified":"2026-04-06T15:06:57+00:00","breadcrumb":{"@id":"https:\/\/ibemf.org.br\/index.php\/previne\/#breadcrumb"},"inLanguage":"pt-BR","potentialAction":[{"@type":"ReadAction","target":["https:\/\/ibemf.org.br\/index.php\/previne\/"]}]},{"@type":"ImageObject","inLanguage":"pt-BR","@id":"https:\/\/ibemf.org.br\/index.php\/previne\/#primaryimage","url":"https:\/\/ibemf.org.br\/wp-content\/uploads\/2026\/04\/Posts_4_-_SEMCRJ___6_-removebg-preview.png","contentUrl":"https:\/\/ibemf.org.br\/wp-content\/uploads\/2026\/04\/Posts_4_-_SEMCRJ___6_-removebg-preview.png","width":447,"height":559,"caption":"PREVINE+"},{"@type":"BreadcrumbList","@id":"https:\/\/ibemf.org.br\/index.php\/previne\/#breadcrumb","itemListElement":[{"@type":"ListItem","position":1,"name":"In\u00edcio","item":"https:\/\/ibemf.org.br\/"},{"@type":"ListItem","position":2,"name":"PREVINE+"}]},{"@type":"WebSite","@id":"https:\/\/ibemf.org.br\/#website","url":"https:\/\/ibemf.org.br\/","name":"IBEMF - Cursos Certifica\u00e7\u00f5es e Forma\u00e7\u00f5es","description":"","publisher":{"@id":"https:\/\/ibemf.org.br\/#organization"},"potentialAction":[{"@type":"SearchAction","target":{"@type":"EntryPoint","urlTemplate":"https:\/\/ibemf.org.br\/?s={search_term_string}"},"query-input":{"@type":"PropertyValueSpecification","valueRequired":true,"valueName":"search_term_string"}}],"inLanguage":"pt-BR"},{"@type":"Organization","@id":"https:\/\/ibemf.org.br\/#organization","name":"IBEMF - Cursos Certifica\u00e7\u00f5es e Forma\u00e7\u00f5es","url":"https:\/\/ibemf.org.br\/","logo":{"@type":"ImageObject","inLanguage":"pt-BR","@id":"https:\/\/ibemf.org.br\/#\/schema\/logo\/image\/","url":"https:\/\/novo.ibemf.org.br\/wp-content\/uploads\/2024\/07\/logo_ibemfxselo.png","contentUrl":"https:\/\/novo.ibemf.org.br\/wp-content\/uploads\/2024\/07\/logo_ibemfxselo.png","width":200,"height":199,"caption":"IBEMF - Cursos Certifica\u00e7\u00f5es e Forma\u00e7\u00f5es"},"image":{"@id":"https:\/\/ibemf.org.br\/#\/schema\/logo\/image\/"},"sameAs":["https:\/\/www.facebook.com\/ibemfrj","https:\/\/www.instagram.com\/ibemf.investeduc?utm_source=ig_web_button_share_sheet&igsh=ZDNlZDc0MzIxNw","https:\/\/www.linkedin.com\/in\/ibemf-instituto-brasileiro-de-estudos-para-o-mercado-financeiro-26430220b\/"]}]}},"_links":{"self":[{"href":"https:\/\/ibemf.org.br\/index.php\/wp-json\/wp\/v2\/pages\/1658","targetHints":{"allow":["GET"]}}],"collection":[{"href":"https:\/\/ibemf.org.br\/index.php\/wp-json\/wp\/v2\/pages"}],"about":[{"href":"https:\/\/ibemf.org.br\/index.php\/wp-json\/wp\/v2\/types\/page"}],"author":[{"embeddable":true,"href":"https:\/\/ibemf.org.br\/index.php\/wp-json\/wp\/v2\/users\/1"}],"replies":[{"embeddable":true,"href":"https:\/\/ibemf.org.br\/index.php\/wp-json\/wp\/v2\/comments?post=1658"}],"version-history":[{"count":17,"href":"https:\/\/ibemf.org.br\/index.php\/wp-json\/wp\/v2\/pages\/1658\/revisions"}],"predecessor-version":[{"id":1683,"href":"https:\/\/ibemf.org.br\/index.php\/wp-json\/wp\/v2\/pages\/1658\/revisions\/1683"}],"wp:attachment":[{"href":"https:\/\/ibemf.org.br\/index.php\/wp-json\/wp\/v2\/media?parent=1658"}],"curies":[{"name":"wp","href":"https:\/\/api.w.org\/{rel}","templated":true}]}}