{"id":25,"date":"2024-08-08T13:52:15","date_gmt":"2024-08-08T13:52:15","guid":{"rendered":"https:\/\/novo.ibemf.org.br\/?page_id=25"},"modified":"2025-09-23T16:18:16","modified_gmt":"2025-09-23T19:18:16","slug":"sustentabilidade","status":"publish","type":"page","link":"https:\/\/ibemf.org.br\/index.php\/sustentabilidade\/","title":{"rendered":"SUSTENTABILIDADE"},"content":{"rendered":"\t\t<div data-elementor-type=\"wp-page\" data-elementor-id=\"25\" class=\"elementor elementor-25\" data-elementor-post-type=\"page\">\n\t\t\t\t<div class=\"elementor-element elementor-element-c6bf569 e-flex e-con-boxed e-con e-parent\" data-id=\"c6bf569\" data-element_type=\"container\" data-e-type=\"container\">\n\t\t\t\t\t<div class=\"e-con-inner\">\n\t\t<div class=\"elementor-element elementor-element-66a6dac e-con-full e-flex e-con e-child\" data-id=\"66a6dac\" data-element_type=\"container\" data-e-type=\"container\">\n\t\t\t\t<div class=\"elementor-element elementor-element-9dc468e elementor-widget elementor-widget-heading\" data-id=\"9dc468e\" data-element_type=\"widget\" data-e-type=\"widget\" data-widget_type=\"heading.default\">\n\t\t\t\t<div class=\"elementor-widget-container\">\n\t\t\t\t\t<h2 class=\"elementor-heading-title elementor-size-default\">SUSTENTABILIDADE<\/h2>\t\t\t\t<\/div>\n\t\t\t\t<\/div>\n\t\t\t\t<div class=\"elementor-element elementor-element-a5ff136 elementor-widget elementor-widget-text-editor\" data-id=\"a5ff136\" data-element_type=\"widget\" data-e-type=\"widget\" data-widget_type=\"text-editor.default\">\n\t\t\t\t<div class=\"elementor-widget-container\">\n\t\t\t\t\t\t\t\t\t<p dir=\"ltr\">O N\u00facleo de Estudo de Sustentabilidade do IBEMF, foi criado com o prop\u00f3sito de trazer solu\u00e7\u00f5es no \u00e2mbito de meio ambiente, ESG e Economia Verde. O N\u00facleo se desenvolveu, virou a Green Sinergy, uma empresa formada por um grupo de profissionais de diferentes \u00e1reas para atender ao mercado investidor no setor empresarial, com foco dedicado \u00e0 \u00e1rea ambiental. Um Hub para a Capta\u00e7\u00e3o de recursos de investidores, institui\u00e7\u00f5es de fomento (BNDES, AGE RIO, e outros), fundos de investimento e organismos internacionais (ONU, Banco Mundial, e outros).<\/p><p dir=\"ltr\">Muito mais que uma empresa que desenvolve e fomenta projetos ambientais, \u00e9 uma empresa que atua acelerando para um mundo melhor.\u00a0<\/p><p dir=\"ltr\"><a href=\"https:\/\/greensinergy.com.br\/\" target=\"_blank\" rel=\"noopener\">Saiba mais&#8230;<\/a><\/p>\t\t\t\t\t\t\t\t<\/div>\n\t\t\t\t<\/div>\n\t\t\t\t<\/div>\n\t\t<div class=\"elementor-element elementor-element-57094fe e-con-full e-flex e-con e-child\" data-id=\"57094fe\" data-element_type=\"container\" data-e-type=\"container\">\n\t\t\t\t<div class=\"elementor-element elementor-element-c6d053a elementor-widget elementor-widget-image\" data-id=\"c6d053a\" data-element_type=\"widget\" data-e-type=\"widget\" data-widget_type=\"image.default\">\n\t\t\t\t<div class=\"elementor-widget-container\">\n\t\t\t\t\t\t\t\t\t\t\t\t\t\t\t\t<a href=\"https:\/\/greensinergy.com.br\/\" target=\"_blank\">\n\t\t\t\t\t\t\t<img fetchpriority=\"high\" decoding=\"async\" width=\"800\" height=\"800\" src=\"https:\/\/ibemf.org.br\/wp-content\/uploads\/2025\/09\/Design-sem-nome-8-1024x1024.png\" class=\"attachment-large size-large wp-image-1293\" alt=\"\" srcset=\"https:\/\/ibemf.org.br\/wp-content\/uploads\/2025\/09\/Design-sem-nome-8-1024x1024.png 1024w, https:\/\/ibemf.org.br\/wp-content\/uploads\/2025\/09\/Design-sem-nome-8-300x300.png 300w, https:\/\/ibemf.org.br\/wp-content\/uploads\/2025\/09\/Design-sem-nome-8-150x150.png 150w, https:\/\/ibemf.org.br\/wp-content\/uploads\/2025\/09\/Design-sem-nome-8-768x768.png 768w, https:\/\/ibemf.org.br\/wp-content\/uploads\/2025\/09\/Design-sem-nome-8-600x600.png 600w, https:\/\/ibemf.org.br\/wp-content\/uploads\/2025\/09\/Design-sem-nome-8-100x100.png 100w, https:\/\/ibemf.org.br\/wp-content\/uploads\/2025\/09\/Design-sem-nome-8.png 1080w\" sizes=\"(max-width: 800px) 100vw, 800px\" \/>\t\t\t\t\t\t\t\t<\/a>\n\t\t\t\t\t\t\t\t\t\t\t\t\t\t\t<\/div>\n\t\t\t\t<\/div>\n\t\t\t\t<\/div>\n\t\t\t\t\t<\/div>\n\t\t\t\t<\/div>\n\t\t\t\t<\/div>\n\t\t","protected":false},"excerpt":{"rendered":"<p>SUSTENTABILIDADE O N\u00facleo de Estudo de Sustentabilidade do IBEMF, foi criado com o prop\u00f3sito de trazer solu\u00e7\u00f5es no \u00e2mbito de meio ambiente, ESG e Economia Verde. O N\u00facleo se desenvolveu, virou a Green Sinergy, uma empresa formada por um grupo de profissionais de diferentes \u00e1reas para atender ao mercado investidor no setor empresarial, com foco [&hellip;]<\/p>\n","protected":false},"author":1,"featured_media":0,"parent":0,"menu_order":0,"comment_status":"closed","ping_status":"closed","template":"","meta":{"_joinchat":[],"footnotes":""},"class_list":["post-25","page","type-page","status-publish","hentry"],"yoast_head":"<!-- This site is optimized with the Yoast SEO Premium plugin v26.9 (Yoast SEO v26.9) - https:\/\/yoast.com\/product\/yoast-seo-premium-wordpress\/ -->\n<title>SUSTENTABILIDADE - IBEMF - Cursos Certifica\u00e7\u00f5es e Forma\u00e7\u00f5es<\/title>\n<meta name=\"robots\" content=\"index, follow, max-snippet:-1, max-image-preview:large, max-video-preview:-1\" \/>\n<link rel=\"canonical\" href=\"https:\/\/ibemf.org.br\/index.php\/sustentabilidade\/\" \/>\n<meta property=\"og:locale\" content=\"pt_BR\" \/>\n<meta property=\"og:type\" content=\"article\" \/>\n<meta property=\"og:title\" content=\"SUSTENTABILIDADE\" \/>\n<meta property=\"og:description\" content=\"SUSTENTABILIDADE O N\u00facleo de Estudo de Sustentabilidade do IBEMF, foi criado com o prop\u00f3sito de trazer solu\u00e7\u00f5es no \u00e2mbito de meio ambiente, ESG e Economia Verde. O N\u00facleo se desenvolveu, virou a Green Sinergy, uma empresa formada por um grupo de profissionais de diferentes \u00e1reas para atender ao mercado investidor no setor empresarial, com foco [&hellip;]\" \/>\n<meta property=\"og:url\" content=\"https:\/\/ibemf.org.br\/index.php\/sustentabilidade\/\" \/>\n<meta property=\"og:site_name\" content=\"IBEMF - Cursos Certifica\u00e7\u00f5es e Forma\u00e7\u00f5es\" \/>\n<meta property=\"article:publisher\" content=\"https:\/\/www.facebook.com\/ibemfrj\" \/>\n<meta property=\"article:modified_time\" content=\"2025-09-23T19:18:16+00:00\" \/>\n<meta property=\"og:image\" content=\"https:\/\/ibemf.org.br\/wp-content\/uploads\/2025\/09\/Design-sem-nome-8.png\" \/>\n\t<meta property=\"og:image:width\" content=\"1080\" \/>\n\t<meta property=\"og:image:height\" content=\"1080\" \/>\n\t<meta property=\"og:image:type\" content=\"image\/png\" \/>\n<meta name=\"twitter:card\" content=\"summary_large_image\" \/>\n<meta name=\"twitter:label1\" content=\"Est. tempo de leitura\" \/>\n\t<meta name=\"twitter:data1\" content=\"1 minuto\" \/>\n<script type=\"application\/ld+json\" class=\"yoast-schema-graph\">{\"@context\":\"https:\/\/schema.org\",\"@graph\":[{\"@type\":\"WebPage\",\"@id\":\"https:\/\/ibemf.org.br\/index.php\/sustentabilidade\/\",\"url\":\"https:\/\/ibemf.org.br\/index.php\/sustentabilidade\/\",\"name\":\"SUSTENTABILIDADE - IBEMF - Cursos Certifica\u00e7\u00f5es e Forma\u00e7\u00f5es\",\"isPartOf\":{\"@id\":\"https:\/\/ibemf.org.br\/#website\"},\"primaryImageOfPage\":{\"@id\":\"https:\/\/ibemf.org.br\/index.php\/sustentabilidade\/#primaryimage\"},\"image\":{\"@id\":\"https:\/\/ibemf.org.br\/index.php\/sustentabilidade\/#primaryimage\"},\"thumbnailUrl\":\"https:\/\/ibemf.org.br\/wp-content\/uploads\/2025\/09\/Design-sem-nome-8-1024x1024.png\",\"datePublished\":\"2024-08-08T13:52:15+00:00\",\"dateModified\":\"2025-09-23T19:18:16+00:00\",\"breadcrumb\":{\"@id\":\"https:\/\/ibemf.org.br\/index.php\/sustentabilidade\/#breadcrumb\"},\"inLanguage\":\"pt-BR\",\"potentialAction\":[{\"@type\":\"ReadAction\",\"target\":[\"https:\/\/ibemf.org.br\/index.php\/sustentabilidade\/\"]}]},{\"@type\":\"ImageObject\",\"inLanguage\":\"pt-BR\",\"@id\":\"https:\/\/ibemf.org.br\/index.php\/sustentabilidade\/#primaryimage\",\"url\":\"https:\/\/ibemf.org.br\/wp-content\/uploads\/2025\/09\/Design-sem-nome-8.png\",\"contentUrl\":\"https:\/\/ibemf.org.br\/wp-content\/uploads\/2025\/09\/Design-sem-nome-8.png\",\"width\":1080,\"height\":1080},{\"@type\":\"BreadcrumbList\",\"@id\":\"https:\/\/ibemf.org.br\/index.php\/sustentabilidade\/#breadcrumb\",\"itemListElement\":[{\"@type\":\"ListItem\",\"position\":1,\"name\":\"In\u00edcio\",\"item\":\"https:\/\/ibemf.org.br\/\"},{\"@type\":\"ListItem\",\"position\":2,\"name\":\"SUSTENTABILIDADE\"}]},{\"@type\":\"WebSite\",\"@id\":\"https:\/\/ibemf.org.br\/#website\",\"url\":\"https:\/\/ibemf.org.br\/\",\"name\":\"IBEMF - Cursos Certifica\u00e7\u00f5es e Forma\u00e7\u00f5es\",\"description\":\"\",\"publisher\":{\"@id\":\"https:\/\/ibemf.org.br\/#organization\"},\"potentialAction\":[{\"@type\":\"SearchAction\",\"target\":{\"@type\":\"EntryPoint\",\"urlTemplate\":\"https:\/\/ibemf.org.br\/?s={search_term_string}\"},\"query-input\":{\"@type\":\"PropertyValueSpecification\",\"valueRequired\":true,\"valueName\":\"search_term_string\"}}],\"inLanguage\":\"pt-BR\"},{\"@type\":\"Organization\",\"@id\":\"https:\/\/ibemf.org.br\/#organization\",\"name\":\"IBEMF - Cursos Certifica\u00e7\u00f5es e Forma\u00e7\u00f5es\",\"url\":\"https:\/\/ibemf.org.br\/\",\"logo\":{\"@type\":\"ImageObject\",\"inLanguage\":\"pt-BR\",\"@id\":\"https:\/\/ibemf.org.br\/#\/schema\/logo\/image\/\",\"url\":\"https:\/\/novo.ibemf.org.br\/wp-content\/uploads\/2024\/07\/logo_ibemfxselo.png\",\"contentUrl\":\"https:\/\/novo.ibemf.org.br\/wp-content\/uploads\/2024\/07\/logo_ibemfxselo.png\",\"width\":200,\"height\":199,\"caption\":\"IBEMF - Cursos Certifica\u00e7\u00f5es e Forma\u00e7\u00f5es\"},\"image\":{\"@id\":\"https:\/\/ibemf.org.br\/#\/schema\/logo\/image\/\"},\"sameAs\":[\"https:\/\/www.facebook.com\/ibemfrj\",\"https:\/\/www.instagram.com\/ibemf.investeduc?utm_source=ig_web_button_share_sheet&igsh=ZDNlZDc0MzIxNw\",\"https:\/\/www.linkedin.com\/in\/ibemf-instituto-brasileiro-de-estudos-para-o-mercado-financeiro-26430220b\/\"]}]}<\/script>\n<!-- \/ Yoast SEO Premium plugin. -->","yoast_head_json":{"title":"SUSTENTABILIDADE - IBEMF - Cursos Certifica\u00e7\u00f5es e Forma\u00e7\u00f5es","robots":{"index":"index","follow":"follow","max-snippet":"max-snippet:-1","max-image-preview":"max-image-preview:large","max-video-preview":"max-video-preview:-1"},"canonical":"https:\/\/ibemf.org.br\/index.php\/sustentabilidade\/","og_locale":"pt_BR","og_type":"article","og_title":"SUSTENTABILIDADE","og_description":"SUSTENTABILIDADE O N\u00facleo de Estudo de Sustentabilidade do IBEMF, foi criado com o prop\u00f3sito de trazer solu\u00e7\u00f5es no \u00e2mbito de meio ambiente, ESG e Economia Verde. O N\u00facleo se desenvolveu, virou a Green Sinergy, uma empresa formada por um grupo de profissionais de diferentes \u00e1reas para atender ao mercado investidor no setor empresarial, com foco [&hellip;]","og_url":"https:\/\/ibemf.org.br\/index.php\/sustentabilidade\/","og_site_name":"IBEMF - Cursos Certifica\u00e7\u00f5es e Forma\u00e7\u00f5es","article_publisher":"https:\/\/www.facebook.com\/ibemfrj","article_modified_time":"2025-09-23T19:18:16+00:00","og_image":[{"width":1080,"height":1080,"url":"https:\/\/ibemf.org.br\/wp-content\/uploads\/2025\/09\/Design-sem-nome-8.png","type":"image\/png"}],"twitter_card":"summary_large_image","twitter_misc":{"Est. tempo de leitura":"1 minuto"},"schema":{"@context":"https:\/\/schema.org","@graph":[{"@type":"WebPage","@id":"https:\/\/ibemf.org.br\/index.php\/sustentabilidade\/","url":"https:\/\/ibemf.org.br\/index.php\/sustentabilidade\/","name":"SUSTENTABILIDADE - IBEMF - Cursos Certifica\u00e7\u00f5es e Forma\u00e7\u00f5es","isPartOf":{"@id":"https:\/\/ibemf.org.br\/#website"},"primaryImageOfPage":{"@id":"https:\/\/ibemf.org.br\/index.php\/sustentabilidade\/#primaryimage"},"image":{"@id":"https:\/\/ibemf.org.br\/index.php\/sustentabilidade\/#primaryimage"},"thumbnailUrl":"https:\/\/ibemf.org.br\/wp-content\/uploads\/2025\/09\/Design-sem-nome-8-1024x1024.png","datePublished":"2024-08-08T13:52:15+00:00","dateModified":"2025-09-23T19:18:16+00:00","breadcrumb":{"@id":"https:\/\/ibemf.org.br\/index.php\/sustentabilidade\/#breadcrumb"},"inLanguage":"pt-BR","potentialAction":[{"@type":"ReadAction","target":["https:\/\/ibemf.org.br\/index.php\/sustentabilidade\/"]}]},{"@type":"ImageObject","inLanguage":"pt-BR","@id":"https:\/\/ibemf.org.br\/index.php\/sustentabilidade\/#primaryimage","url":"https:\/\/ibemf.org.br\/wp-content\/uploads\/2025\/09\/Design-sem-nome-8.png","contentUrl":"https:\/\/ibemf.org.br\/wp-content\/uploads\/2025\/09\/Design-sem-nome-8.png","width":1080,"height":1080},{"@type":"BreadcrumbList","@id":"https:\/\/ibemf.org.br\/index.php\/sustentabilidade\/#breadcrumb","itemListElement":[{"@type":"ListItem","position":1,"name":"In\u00edcio","item":"https:\/\/ibemf.org.br\/"},{"@type":"ListItem","position":2,"name":"SUSTENTABILIDADE"}]},{"@type":"WebSite","@id":"https:\/\/ibemf.org.br\/#website","url":"https:\/\/ibemf.org.br\/","name":"IBEMF - Cursos Certifica\u00e7\u00f5es e Forma\u00e7\u00f5es","description":"","publisher":{"@id":"https:\/\/ibemf.org.br\/#organization"},"potentialAction":[{"@type":"SearchAction","target":{"@type":"EntryPoint","urlTemplate":"https:\/\/ibemf.org.br\/?s={search_term_string}"},"query-input":{"@type":"PropertyValueSpecification","valueRequired":true,"valueName":"search_term_string"}}],"inLanguage":"pt-BR"},{"@type":"Organization","@id":"https:\/\/ibemf.org.br\/#organization","name":"IBEMF - Cursos Certifica\u00e7\u00f5es e Forma\u00e7\u00f5es","url":"https:\/\/ibemf.org.br\/","logo":{"@type":"ImageObject","inLanguage":"pt-BR","@id":"https:\/\/ibemf.org.br\/#\/schema\/logo\/image\/","url":"https:\/\/novo.ibemf.org.br\/wp-content\/uploads\/2024\/07\/logo_ibemfxselo.png","contentUrl":"https:\/\/novo.ibemf.org.br\/wp-content\/uploads\/2024\/07\/logo_ibemfxselo.png","width":200,"height":199,"caption":"IBEMF - Cursos Certifica\u00e7\u00f5es e Forma\u00e7\u00f5es"},"image":{"@id":"https:\/\/ibemf.org.br\/#\/schema\/logo\/image\/"},"sameAs":["https:\/\/www.facebook.com\/ibemfrj","https:\/\/www.instagram.com\/ibemf.investeduc?utm_source=ig_web_button_share_sheet&igsh=ZDNlZDc0MzIxNw","https:\/\/www.linkedin.com\/in\/ibemf-instituto-brasileiro-de-estudos-para-o-mercado-financeiro-26430220b\/"]}]}},"_links":{"self":[{"href":"https:\/\/ibemf.org.br\/index.php\/wp-json\/wp\/v2\/pages\/25","targetHints":{"allow":["GET"]}}],"collection":[{"href":"https:\/\/ibemf.org.br\/index.php\/wp-json\/wp\/v2\/pages"}],"about":[{"href":"https:\/\/ibemf.org.br\/index.php\/wp-json\/wp\/v2\/types\/page"}],"author":[{"embeddable":true,"href":"https:\/\/ibemf.org.br\/index.php\/wp-json\/wp\/v2\/users\/1"}],"replies":[{"embeddable":true,"href":"https:\/\/ibemf.org.br\/index.php\/wp-json\/wp\/v2\/comments?post=25"}],"version-history":[{"count":33,"href":"https:\/\/ibemf.org.br\/index.php\/wp-json\/wp\/v2\/pages\/25\/revisions"}],"predecessor-version":[{"id":1478,"href":"https:\/\/ibemf.org.br\/index.php\/wp-json\/wp\/v2\/pages\/25\/revisions\/1478"}],"wp:attachment":[{"href":"https:\/\/ibemf.org.br\/index.php\/wp-json\/wp\/v2\/media?parent=25"}],"curies":[{"name":"wp","href":"https:\/\/api.w.org\/{rel}","templated":true}]}}