{"id":295,"date":"2024-08-21T14:57:48","date_gmt":"2024-08-21T14:57:48","guid":{"rendered":"https:\/\/novo.ibemf.org.br\/?page_id=295"},"modified":"2025-09-17T19:09:04","modified_gmt":"2025-09-17T19:09:04","slug":"fintech","status":"publish","type":"page","link":"https:\/\/ibemf.org.br\/index.php\/fintech\/","title":{"rendered":"FINTECH"},"content":{"rendered":"\t\t<div data-elementor-type=\"wp-page\" data-elementor-id=\"295\" class=\"elementor elementor-295\" data-elementor-post-type=\"page\">\n\t\t\t\t<div class=\"elementor-element elementor-element-31a98a2 e-flex e-con-boxed e-con e-parent\" data-id=\"31a98a2\" data-element_type=\"container\" data-e-type=\"container\">\n\t\t\t\t\t<div class=\"e-con-inner\">\n\t\t\t\t<div class=\"elementor-element elementor-element-3aec6aa elementor-widget elementor-widget-image\" data-id=\"3aec6aa\" data-element_type=\"widget\" data-e-type=\"widget\" data-widget_type=\"image.default\">\n\t\t\t\t<div class=\"elementor-widget-container\">\n\t\t\t\t\t\t\t\t\t\t\t\t\t\t\t<img fetchpriority=\"high\" decoding=\"async\" width=\"900\" height=\"300\" src=\"https:\/\/ibemf.org.br\/wp-content\/uploads\/2025\/09\/Cabecalho.png\" class=\"attachment-full size-full wp-image-1092\" alt=\"\" srcset=\"https:\/\/ibemf.org.br\/wp-content\/uploads\/2025\/09\/Cabecalho.png 900w, https:\/\/ibemf.org.br\/wp-content\/uploads\/2025\/09\/Cabecalho-300x100.png 300w, https:\/\/ibemf.org.br\/wp-content\/uploads\/2025\/09\/Cabecalho-768x256.png 768w, https:\/\/ibemf.org.br\/wp-content\/uploads\/2025\/09\/Cabecalho-600x200.png 600w\" sizes=\"(max-width: 900px) 100vw, 900px\" \/>\t\t\t\t\t\t\t\t\t\t\t\t\t\t\t<\/div>\n\t\t\t\t<\/div>\n\t\t\t\t\t<\/div>\n\t\t\t\t<\/div>\n\t\t<div class=\"elementor-element elementor-element-73eaf07 e-flex e-con-boxed e-con e-parent\" data-id=\"73eaf07\" data-element_type=\"container\" data-e-type=\"container\">\n\t\t\t\t\t<div class=\"e-con-inner\">\n\t\t<div class=\"elementor-element elementor-element-1856ae7 e-con-full e-flex e-con e-child\" data-id=\"1856ae7\" data-element_type=\"container\" data-e-type=\"container\">\n\t\t\t\t<div class=\"elementor-element elementor-element-774a336 elementor-widget elementor-widget-image\" data-id=\"774a336\" data-element_type=\"widget\" data-e-type=\"widget\" data-widget_type=\"image.default\">\n\t\t\t\t<div class=\"elementor-widget-container\">\n\t\t\t\t\t\t\t\t\t\t\t\t\t\t\t<img decoding=\"async\" width=\"300\" height=\"200\" src=\"https:\/\/ibemf.org.br\/wp-content\/uploads\/2025\/09\/Design-sem-nome-7.png\" class=\"attachment-full size-full wp-image-1095\" alt=\"\" \/>\t\t\t\t\t\t\t\t\t\t\t\t\t\t\t<\/div>\n\t\t\t\t<\/div>\n\t\t\t\t<\/div>\n\t\t<div class=\"elementor-element elementor-element-bcf1e3a e-con-full e-flex e-con e-child\" data-id=\"bcf1e3a\" data-element_type=\"container\" data-e-type=\"container\">\n\t\t\t\t<div class=\"elementor-element elementor-element-35510dd elementor-widget elementor-widget-text-editor\" data-id=\"35510dd\" data-element_type=\"widget\" data-e-type=\"widget\" data-widget_type=\"text-editor.default\">\n\t\t\t\t<div class=\"elementor-widget-container\">\n\t\t\t\t\t\t\t\t\t<p>Estruturamos uma plataforma tecnol\u00f3gica completa e diversificada, visando a otimiza\u00e7\u00e3o dos servi\u00e7os financeiros de forma segura e eficaz, dentro dos padr\u00f5es de compliance e governan\u00e7a exigidos pelo mercado.<\/p><p>\u00a0<\/p><p>Com um programa \u00fanico de Treinamento e Desenvolvimento dos profissionais da fintech, chancelado, reconhecido e dentro dos padr\u00f5es exigidos pelas institui\u00e7\u00f5es mais relevantes do mercado financeiro.<\/p>\t\t\t\t\t\t\t\t<\/div>\n\t\t\t\t<\/div>\n\t\t\t\t<\/div>\n\t\t\t\t\t<\/div>\n\t\t\t\t<\/div>\n\t\t<div class=\"elementor-element elementor-element-56e214c e-flex e-con-boxed e-con e-parent\" data-id=\"56e214c\" data-element_type=\"container\" data-e-type=\"container\">\n\t\t\t\t\t<div class=\"e-con-inner\">\n\t\t<div class=\"elementor-element elementor-element-ffbc718 e-con-full e-flex e-con e-child\" data-id=\"ffbc718\" data-element_type=\"container\" data-e-type=\"container\">\n\t\t<div class=\"elementor-element elementor-element-0e4aa41 e-con-full e-flex e-con e-child\" data-id=\"0e4aa41\" data-element_type=\"container\" data-e-type=\"container\" data-settings=\"{&quot;background_background&quot;:&quot;classic&quot;}\">\n\t\t\t\t<div class=\"elementor-element elementor-element-3f01022 elementor-view-default elementor-widget elementor-widget-icon\" data-id=\"3f01022\" data-element_type=\"widget\" data-e-type=\"widget\" data-widget_type=\"icon.default\">\n\t\t\t\t<div class=\"elementor-widget-container\">\n\t\t\t\t\t\t\t<div class=\"elementor-icon-wrapper\">\n\t\t\t<div class=\"elementor-icon\">\n\t\t\t<svg aria-hidden=\"true\" class=\"e-font-icon-svg e-fas-qrcode\" viewBox=\"0 0 448 512\" xmlns=\"http:\/\/www.w3.org\/2000\/svg\"><path d=\"M0 224h192V32H0v192zM64 96h64v64H64V96zm192-64v192h192V32H256zm128 128h-64V96h64v64zM0 480h192V288H0v192zm64-128h64v64H64v-64zm352-64h32v128h-96v-32h-32v96h-64V288h96v32h64v-32zm0 160h32v32h-32v-32zm-64 0h32v32h-32v-32z\"><\/path><\/svg>\t\t\t<\/div>\n\t\t<\/div>\n\t\t\t\t\t\t<\/div>\n\t\t\t\t<\/div>\n\t\t\t\t<div class=\"elementor-element elementor-element-8b2c7d7 elementor-widget__width-initial elementor-widget elementor-widget-text-editor\" data-id=\"8b2c7d7\" data-element_type=\"widget\" data-e-type=\"widget\" data-widget_type=\"text-editor.default\">\n\t\t\t\t<div class=\"elementor-widget-container\">\n\t\t\t\t\t\t\t\t\t<p>Conta de Pagamento, Transfer\u00eancia, Pagamento de Boletos, Cart\u00e3o Pr\u00e9-Pago D\u00e9bito, Dep\u00f3sito via boleto e muito mais.<\/p>\t\t\t\t\t\t\t\t<\/div>\n\t\t\t\t<\/div>\n\t\t\t\t<\/div>\n\t\t\t\t<\/div>\n\t\t<div class=\"elementor-element elementor-element-df63c2e e-con-full e-flex e-con e-child\" data-id=\"df63c2e\" data-element_type=\"container\" data-e-type=\"container\">\n\t\t<div class=\"elementor-element elementor-element-ad2929c e-con-full e-flex e-con e-child\" data-id=\"ad2929c\" data-element_type=\"container\" data-e-type=\"container\" data-settings=\"{&quot;background_background&quot;:&quot;classic&quot;}\">\n\t\t\t\t<div class=\"elementor-element elementor-element-18f2b60 elementor-view-default elementor-widget elementor-widget-icon\" data-id=\"18f2b60\" data-element_type=\"widget\" data-e-type=\"widget\" data-widget_type=\"icon.default\">\n\t\t\t\t<div class=\"elementor-widget-container\">\n\t\t\t\t\t\t\t<div class=\"elementor-icon-wrapper\">\n\t\t\t<div class=\"elementor-icon\">\n\t\t\t<svg aria-hidden=\"true\" class=\"e-font-icon-svg e-fas-credit-card\" viewBox=\"0 0 576 512\" xmlns=\"http:\/\/www.w3.org\/2000\/svg\"><path d=\"M0 432c0 26.5 21.5 48 48 48h480c26.5 0 48-21.5 48-48V256H0v176zm192-68c0-6.6 5.4-12 12-12h136c6.6 0 12 5.4 12 12v40c0 6.6-5.4 12-12 12H204c-6.6 0-12-5.4-12-12v-40zm-128 0c0-6.6 5.4-12 12-12h72c6.6 0 12 5.4 12 12v40c0 6.6-5.4 12-12 12H76c-6.6 0-12-5.4-12-12v-40zM576 80v48H0V80c0-26.5 21.5-48 48-48h480c26.5 0 48 21.5 48 48z\"><\/path><\/svg>\t\t\t<\/div>\n\t\t<\/div>\n\t\t\t\t\t\t<\/div>\n\t\t\t\t<\/div>\n\t\t\t\t<div class=\"elementor-element elementor-element-23b3dd2 elementor-widget elementor-widget-text-editor\" data-id=\"23b3dd2\" data-element_type=\"widget\" data-e-type=\"widget\" data-widget_type=\"text-editor.default\">\n\t\t\t\t<div class=\"elementor-widget-container\">\n\t\t\t\t\t\t\t\t\t<p>Seu pr\u00f3prio Cart\u00e3o de Cr\u00e9dito e meio de pagamentos, com maquininhas e e-commerce.\u00a0 \u00a0 \u00a0 \u00a0 \u00a0 \u00a0 \u00a0 \u00a0 \u00a0<\/p>\t\t\t\t\t\t\t\t<\/div>\n\t\t\t\t<\/div>\n\t\t\t\t<\/div>\n\t\t\t\t<\/div>\n\t\t<div class=\"elementor-element elementor-element-295a281 e-con-full e-flex e-con e-child\" data-id=\"295a281\" data-element_type=\"container\" data-e-type=\"container\">\n\t\t<div class=\"elementor-element elementor-element-22d4dcb e-con-full e-flex e-con e-child\" data-id=\"22d4dcb\" data-element_type=\"container\" data-e-type=\"container\" data-settings=\"{&quot;background_background&quot;:&quot;classic&quot;}\">\n\t\t\t\t<div class=\"elementor-element elementor-element-2298c1a elementor-view-default elementor-widget elementor-widget-icon\" data-id=\"2298c1a\" data-element_type=\"widget\" data-e-type=\"widget\" data-widget_type=\"icon.default\">\n\t\t\t\t<div class=\"elementor-widget-container\">\n\t\t\t\t\t\t\t<div class=\"elementor-icon-wrapper\">\n\t\t\t<div class=\"elementor-icon\">\n\t\t\t<svg aria-hidden=\"true\" class=\"e-font-icon-svg e-fas-tv\" viewBox=\"0 0 640 512\" xmlns=\"http:\/\/www.w3.org\/2000\/svg\"><path d=\"M592 0H48A48 48 0 0 0 0 48v320a48 48 0 0 0 48 48h240v32H112a16 16 0 0 0-16 16v32a16 16 0 0 0 16 16h416a16 16 0 0 0 16-16v-32a16 16 0 0 0-16-16H352v-32h240a48 48 0 0 0 48-48V48a48 48 0 0 0-48-48zm-16 352H64V64h512z\"><\/path><\/svg>\t\t\t<\/div>\n\t\t<\/div>\n\t\t\t\t\t\t<\/div>\n\t\t\t\t<\/div>\n\t\t\t\t<div class=\"elementor-element elementor-element-f1a649e elementor-widget elementor-widget-text-editor\" data-id=\"f1a649e\" data-element_type=\"widget\" data-e-type=\"widget\" data-widget_type=\"text-editor.default\">\n\t\t\t\t<div class=\"elementor-widget-container\">\n\t\t\t\t\t\t\t\t\t<p>Sua pr\u00f3pria estrutura de C\u00e2mbio para comercializa\u00e7\u00e3o de papel moeda, transfer\u00eancia internacional e cart\u00e3o viagem.\u00a0<\/p>\t\t\t\t\t\t\t\t<\/div>\n\t\t\t\t<\/div>\n\t\t\t\t<\/div>\n\t\t\t\t<\/div>\n\t\t<div class=\"elementor-element elementor-element-b7f1568 e-con-full e-flex e-con e-child\" data-id=\"b7f1568\" data-element_type=\"container\" data-e-type=\"container\">\n\t\t<div class=\"elementor-element elementor-element-66290ce e-con-full e-flex e-con e-child\" data-id=\"66290ce\" data-element_type=\"container\" data-e-type=\"container\" data-settings=\"{&quot;background_background&quot;:&quot;classic&quot;}\">\n\t\t\t\t<div class=\"elementor-element elementor-element-3de7b54 elementor-view-default elementor-widget elementor-widget-icon\" data-id=\"3de7b54\" data-element_type=\"widget\" data-e-type=\"widget\" data-widget_type=\"icon.default\">\n\t\t\t\t<div class=\"elementor-widget-container\">\n\t\t\t\t\t\t\t<div class=\"elementor-icon-wrapper\">\n\t\t\t<div class=\"elementor-icon\">\n\t\t\t<svg aria-hidden=\"true\" class=\"e-font-icon-svg e-far-chart-bar\" viewBox=\"0 0 512 512\" xmlns=\"http:\/\/www.w3.org\/2000\/svg\"><path d=\"M396.8 352h22.4c6.4 0 12.8-6.4 12.8-12.8V108.8c0-6.4-6.4-12.8-12.8-12.8h-22.4c-6.4 0-12.8 6.4-12.8 12.8v230.4c0 6.4 6.4 12.8 12.8 12.8zm-192 0h22.4c6.4 0 12.8-6.4 12.8-12.8V140.8c0-6.4-6.4-12.8-12.8-12.8h-22.4c-6.4 0-12.8 6.4-12.8 12.8v198.4c0 6.4 6.4 12.8 12.8 12.8zm96 0h22.4c6.4 0 12.8-6.4 12.8-12.8V204.8c0-6.4-6.4-12.8-12.8-12.8h-22.4c-6.4 0-12.8 6.4-12.8 12.8v134.4c0 6.4 6.4 12.8 12.8 12.8zM496 400H48V80c0-8.84-7.16-16-16-16H16C7.16 64 0 71.16 0 80v336c0 17.67 14.33 32 32 32h464c8.84 0 16-7.16 16-16v-16c0-8.84-7.16-16-16-16zm-387.2-48h22.4c6.4 0 12.8-6.4 12.8-12.8v-70.4c0-6.4-6.4-12.8-12.8-12.8h-22.4c-6.4 0-12.8 6.4-12.8 12.8v70.4c0 6.4 6.4 12.8 12.8 12.8z\"><\/path><\/svg>\t\t\t<\/div>\n\t\t<\/div>\n\t\t\t\t\t\t<\/div>\n\t\t\t\t<\/div>\n\t\t\t\t<div class=\"elementor-element elementor-element-3ae178c elementor-widget elementor-widget-text-editor\" data-id=\"3ae178c\" data-element_type=\"widget\" data-e-type=\"widget\" data-widget_type=\"text-editor.default\">\n\t\t\t\t<div class=\"elementor-widget-container\">\n\t\t\t\t\t\t\t\t\t<p>Seus clientes ter\u00e3o dispon\u00edvel uma variedade de investimentos e op\u00e7\u00f5es de seguros.<\/p><p>\u00a0<\/p>\t\t\t\t\t\t\t\t<\/div>\n\t\t\t\t<\/div>\n\t\t\t\t<\/div>\n\t\t\t\t<\/div>\n\t\t<div class=\"elementor-element elementor-element-38196d4 e-con-full e-flex e-con e-child\" data-id=\"38196d4\" data-element_type=\"container\" data-e-type=\"container\">\n\t\t<div class=\"elementor-element elementor-element-23d1c11 e-con-full e-flex e-con e-child\" data-id=\"23d1c11\" data-element_type=\"container\" data-e-type=\"container\" data-settings=\"{&quot;background_background&quot;:&quot;classic&quot;}\">\n\t\t\t\t<div class=\"elementor-element elementor-element-9012dba elementor-view-default elementor-widget elementor-widget-icon\" data-id=\"9012dba\" data-element_type=\"widget\" data-e-type=\"widget\" data-widget_type=\"icon.default\">\n\t\t\t\t<div class=\"elementor-widget-container\">\n\t\t\t\t\t\t\t<div class=\"elementor-icon-wrapper\">\n\t\t\t<div class=\"elementor-icon\">\n\t\t\t<svg aria-hidden=\"true\" class=\"e-font-icon-svg e-far-credit-card\" viewBox=\"0 0 576 512\" xmlns=\"http:\/\/www.w3.org\/2000\/svg\"><path d=\"M527.9 32H48.1C21.5 32 0 53.5 0 80v352c0 26.5 21.5 48 48.1 48h479.8c26.6 0 48.1-21.5 48.1-48V80c0-26.5-21.5-48-48.1-48zM54.1 80h467.8c3.3 0 6 2.7 6 6v42H48.1V86c0-3.3 2.7-6 6-6zm467.8 352H54.1c-3.3 0-6-2.7-6-6V256h479.8v170c0 3.3-2.7 6-6 6zM192 332v40c0 6.6-5.4 12-12 12h-72c-6.6 0-12-5.4-12-12v-40c0-6.6 5.4-12 12-12h72c6.6 0 12 5.4 12 12zm192 0v40c0 6.6-5.4 12-12 12H236c-6.6 0-12-5.4-12-12v-40c0-6.6 5.4-12 12-12h136c6.6 0 12 5.4 12 12z\"><\/path><\/svg>\t\t\t<\/div>\n\t\t<\/div>\n\t\t\t\t\t\t<\/div>\n\t\t\t\t<\/div>\n\t\t\t\t<div class=\"elementor-element elementor-element-61786fa elementor-widget elementor-widget-text-editor\" data-id=\"61786fa\" data-element_type=\"widget\" data-e-type=\"widget\" data-widget_type=\"text-editor.default\">\n\t\t\t\t<div class=\"elementor-widget-container\">\n\t\t\t\t\t\t\t\t\t<p>Um processo f\u00e1cil, r\u00e1pido e com as melhores taxas para seus clientes obterem cr\u00e9dito.<\/p><p>\u00a0<\/p>\t\t\t\t\t\t\t\t<\/div>\n\t\t\t\t<\/div>\n\t\t\t\t<\/div>\n\t\t\t\t<\/div>\n\t\t<div class=\"elementor-element elementor-element-3f04876 e-con-full e-flex e-con e-child\" data-id=\"3f04876\" data-element_type=\"container\" data-e-type=\"container\">\n\t\t<div class=\"elementor-element elementor-element-2338637 e-con-full e-flex e-con e-child\" data-id=\"2338637\" data-element_type=\"container\" data-e-type=\"container\" data-settings=\"{&quot;background_background&quot;:&quot;classic&quot;}\">\n\t\t\t\t<div class=\"elementor-element elementor-element-ff9158e elementor-view-default elementor-widget elementor-widget-icon\" data-id=\"ff9158e\" data-element_type=\"widget\" data-e-type=\"widget\" data-widget_type=\"icon.default\">\n\t\t\t\t<div class=\"elementor-widget-container\">\n\t\t\t\t\t\t\t<div class=\"elementor-icon-wrapper\">\n\t\t\t<div class=\"elementor-icon\">\n\t\t\t<svg aria-hidden=\"true\" class=\"e-font-icon-svg e-fas-graduation-cap\" viewBox=\"0 0 640 512\" xmlns=\"http:\/\/www.w3.org\/2000\/svg\"><path d=\"M622.34 153.2L343.4 67.5c-15.2-4.67-31.6-4.67-46.79 0L17.66 153.2c-23.54 7.23-23.54 38.36 0 45.59l48.63 14.94c-10.67 13.19-17.23 29.28-17.88 46.9C38.78 266.15 32 276.11 32 288c0 10.78 5.68 19.85 13.86 25.65L20.33 428.53C18.11 438.52 25.71 448 35.94 448h56.11c10.24 0 17.84-9.48 15.62-19.47L82.14 313.65C90.32 307.85 96 298.78 96 288c0-11.57-6.47-21.25-15.66-26.87.76-15.02 8.44-28.3 20.69-36.72L296.6 284.5c9.06 2.78 26.44 6.25 46.79 0l278.95-85.7c23.55-7.24 23.55-38.36 0-45.6zM352.79 315.09c-28.53 8.76-52.84 3.92-65.59 0l-145.02-44.55L128 384c0 35.35 85.96 64 192 64s192-28.65 192-64l-14.18-113.47-145.03 44.56z\"><\/path><\/svg>\t\t\t<\/div>\n\t\t<\/div>\n\t\t\t\t\t\t<\/div>\n\t\t\t\t<\/div>\n\t\t\t\t<div class=\"elementor-element elementor-element-5b9a570 elementor-widget elementor-widget-text-editor\" data-id=\"5b9a570\" data-element_type=\"widget\" data-e-type=\"widget\" data-widget_type=\"text-editor.default\">\n\t\t\t\t<div class=\"elementor-widget-container\">\n\t\t\t\t\t\t\t\t\t<p>Uma plataforma EAD com cursos renomados e certificados em Educa\u00e7\u00e3o Financeira<\/p><p>\u00a0<\/p>\t\t\t\t\t\t\t\t<\/div>\n\t\t\t\t<\/div>\n\t\t\t\t<\/div>\n\t\t\t\t<\/div>\n\t\t\t\t\t<\/div>\n\t\t\t\t<\/div>\n\t\t\t\t<\/div>\n\t\t","protected":false},"excerpt":{"rendered":"<p>Estruturamos uma plataforma tecnol\u00f3gica completa e diversificada, visando a otimiza\u00e7\u00e3o dos servi\u00e7os financeiros de forma segura e eficaz, dentro dos padr\u00f5es de compliance e governan\u00e7a exigidos pelo mercado. \u00a0 Com um programa \u00fanico de Treinamento e Desenvolvimento dos profissionais da fintech, chancelado, reconhecido e dentro dos padr\u00f5es exigidos pelas institui\u00e7\u00f5es mais relevantes do mercado financeiro. [&hellip;]<\/p>\n","protected":false},"author":1,"featured_media":0,"parent":0,"menu_order":0,"comment_status":"closed","ping_status":"closed","template":"","meta":{"_joinchat":[],"footnotes":""},"class_list":["post-295","page","type-page","status-publish","hentry"],"yoast_head":"<!-- This site is optimized with the Yoast SEO Premium plugin v26.9 (Yoast SEO v26.9) - https:\/\/yoast.com\/product\/yoast-seo-premium-wordpress\/ -->\n<title>FINTECH - IBEMF - Cursos Certifica\u00e7\u00f5es e Forma\u00e7\u00f5es<\/title>\n<meta name=\"robots\" content=\"index, follow, max-snippet:-1, max-image-preview:large, max-video-preview:-1\" \/>\n<link rel=\"canonical\" href=\"https:\/\/ibemf.org.br\/index.php\/fintech\/\" \/>\n<meta property=\"og:locale\" content=\"pt_BR\" \/>\n<meta property=\"og:type\" content=\"article\" \/>\n<meta property=\"og:title\" content=\"FINTECH\" \/>\n<meta property=\"og:description\" content=\"Estruturamos uma plataforma tecnol\u00f3gica completa e diversificada, visando a otimiza\u00e7\u00e3o dos servi\u00e7os financeiros de forma segura e eficaz, dentro dos padr\u00f5es de compliance e governan\u00e7a exigidos pelo mercado. \u00a0 Com um programa \u00fanico de Treinamento e Desenvolvimento dos profissionais da fintech, chancelado, reconhecido e dentro dos padr\u00f5es exigidos pelas institui\u00e7\u00f5es mais relevantes do mercado financeiro. [&hellip;]\" \/>\n<meta property=\"og:url\" content=\"https:\/\/ibemf.org.br\/index.php\/fintech\/\" \/>\n<meta property=\"og:site_name\" content=\"IBEMF - Cursos Certifica\u00e7\u00f5es e Forma\u00e7\u00f5es\" \/>\n<meta property=\"article:publisher\" content=\"https:\/\/www.facebook.com\/ibemfrj\" \/>\n<meta property=\"article:modified_time\" content=\"2025-09-17T19:09:04+00:00\" \/>\n<meta property=\"og:image\" content=\"https:\/\/novo.ibemf.org.br\/wp-content\/uploads\/2025\/09\/Cabecalho.png\" \/>\n<meta name=\"twitter:card\" content=\"summary_large_image\" \/>\n<meta name=\"twitter:label1\" content=\"Est. tempo de leitura\" \/>\n\t<meta name=\"twitter:data1\" content=\"2 minutos\" \/>\n<script type=\"application\/ld+json\" class=\"yoast-schema-graph\">{\"@context\":\"https:\/\/schema.org\",\"@graph\":[{\"@type\":\"WebPage\",\"@id\":\"https:\/\/ibemf.org.br\/index.php\/fintech\/\",\"url\":\"https:\/\/ibemf.org.br\/index.php\/fintech\/\",\"name\":\"FINTECH - IBEMF - Cursos Certifica\u00e7\u00f5es e Forma\u00e7\u00f5es\",\"isPartOf\":{\"@id\":\"https:\/\/ibemf.org.br\/#website\"},\"primaryImageOfPage\":{\"@id\":\"https:\/\/ibemf.org.br\/index.php\/fintech\/#primaryimage\"},\"image\":{\"@id\":\"https:\/\/ibemf.org.br\/index.php\/fintech\/#primaryimage\"},\"thumbnailUrl\":\"https:\/\/novo.ibemf.org.br\/wp-content\/uploads\/2025\/09\/Cabecalho.png\",\"datePublished\":\"2024-08-21T14:57:48+00:00\",\"dateModified\":\"2025-09-17T19:09:04+00:00\",\"breadcrumb\":{\"@id\":\"https:\/\/ibemf.org.br\/index.php\/fintech\/#breadcrumb\"},\"inLanguage\":\"pt-BR\",\"potentialAction\":[{\"@type\":\"ReadAction\",\"target\":[\"https:\/\/ibemf.org.br\/index.php\/fintech\/\"]}]},{\"@type\":\"ImageObject\",\"inLanguage\":\"pt-BR\",\"@id\":\"https:\/\/ibemf.org.br\/index.php\/fintech\/#primaryimage\",\"url\":\"https:\/\/novo.ibemf.org.br\/wp-content\/uploads\/2025\/09\/Cabecalho.png\",\"contentUrl\":\"https:\/\/novo.ibemf.org.br\/wp-content\/uploads\/2025\/09\/Cabecalho.png\"},{\"@type\":\"BreadcrumbList\",\"@id\":\"https:\/\/ibemf.org.br\/index.php\/fintech\/#breadcrumb\",\"itemListElement\":[{\"@type\":\"ListItem\",\"position\":1,\"name\":\"In\u00edcio\",\"item\":\"https:\/\/ibemf.org.br\/\"},{\"@type\":\"ListItem\",\"position\":2,\"name\":\"FINTECH\"}]},{\"@type\":\"WebSite\",\"@id\":\"https:\/\/ibemf.org.br\/#website\",\"url\":\"https:\/\/ibemf.org.br\/\",\"name\":\"IBEMF - Cursos Certifica\u00e7\u00f5es e Forma\u00e7\u00f5es\",\"description\":\"\",\"publisher\":{\"@id\":\"https:\/\/ibemf.org.br\/#organization\"},\"potentialAction\":[{\"@type\":\"SearchAction\",\"target\":{\"@type\":\"EntryPoint\",\"urlTemplate\":\"https:\/\/ibemf.org.br\/?s={search_term_string}\"},\"query-input\":{\"@type\":\"PropertyValueSpecification\",\"valueRequired\":true,\"valueName\":\"search_term_string\"}}],\"inLanguage\":\"pt-BR\"},{\"@type\":\"Organization\",\"@id\":\"https:\/\/ibemf.org.br\/#organization\",\"name\":\"IBEMF - Cursos Certifica\u00e7\u00f5es e Forma\u00e7\u00f5es\",\"url\":\"https:\/\/ibemf.org.br\/\",\"logo\":{\"@type\":\"ImageObject\",\"inLanguage\":\"pt-BR\",\"@id\":\"https:\/\/ibemf.org.br\/#\/schema\/logo\/image\/\",\"url\":\"https:\/\/novo.ibemf.org.br\/wp-content\/uploads\/2024\/07\/logo_ibemfxselo.png\",\"contentUrl\":\"https:\/\/novo.ibemf.org.br\/wp-content\/uploads\/2024\/07\/logo_ibemfxselo.png\",\"width\":200,\"height\":199,\"caption\":\"IBEMF - Cursos Certifica\u00e7\u00f5es e Forma\u00e7\u00f5es\"},\"image\":{\"@id\":\"https:\/\/ibemf.org.br\/#\/schema\/logo\/image\/\"},\"sameAs\":[\"https:\/\/www.facebook.com\/ibemfrj\",\"https:\/\/www.instagram.com\/ibemf.investeduc?utm_source=ig_web_button_share_sheet&igsh=ZDNlZDc0MzIxNw\",\"https:\/\/www.linkedin.com\/in\/ibemf-instituto-brasileiro-de-estudos-para-o-mercado-financeiro-26430220b\/\"]}]}<\/script>\n<!-- \/ Yoast SEO Premium plugin. -->","yoast_head_json":{"title":"FINTECH - IBEMF - Cursos Certifica\u00e7\u00f5es e Forma\u00e7\u00f5es","robots":{"index":"index","follow":"follow","max-snippet":"max-snippet:-1","max-image-preview":"max-image-preview:large","max-video-preview":"max-video-preview:-1"},"canonical":"https:\/\/ibemf.org.br\/index.php\/fintech\/","og_locale":"pt_BR","og_type":"article","og_title":"FINTECH","og_description":"Estruturamos uma plataforma tecnol\u00f3gica completa e diversificada, visando a otimiza\u00e7\u00e3o dos servi\u00e7os financeiros de forma segura e eficaz, dentro dos padr\u00f5es de compliance e governan\u00e7a exigidos pelo mercado. \u00a0 Com um programa \u00fanico de Treinamento e Desenvolvimento dos profissionais da fintech, chancelado, reconhecido e dentro dos padr\u00f5es exigidos pelas institui\u00e7\u00f5es mais relevantes do mercado financeiro. [&hellip;]","og_url":"https:\/\/ibemf.org.br\/index.php\/fintech\/","og_site_name":"IBEMF - Cursos Certifica\u00e7\u00f5es e Forma\u00e7\u00f5es","article_publisher":"https:\/\/www.facebook.com\/ibemfrj","article_modified_time":"2025-09-17T19:09:04+00:00","og_image":[{"url":"https:\/\/novo.ibemf.org.br\/wp-content\/uploads\/2025\/09\/Cabecalho.png","type":"","width":"","height":""}],"twitter_card":"summary_large_image","twitter_misc":{"Est. tempo de leitura":"2 minutos"},"schema":{"@context":"https:\/\/schema.org","@graph":[{"@type":"WebPage","@id":"https:\/\/ibemf.org.br\/index.php\/fintech\/","url":"https:\/\/ibemf.org.br\/index.php\/fintech\/","name":"FINTECH - IBEMF - Cursos Certifica\u00e7\u00f5es e Forma\u00e7\u00f5es","isPartOf":{"@id":"https:\/\/ibemf.org.br\/#website"},"primaryImageOfPage":{"@id":"https:\/\/ibemf.org.br\/index.php\/fintech\/#primaryimage"},"image":{"@id":"https:\/\/ibemf.org.br\/index.php\/fintech\/#primaryimage"},"thumbnailUrl":"https:\/\/novo.ibemf.org.br\/wp-content\/uploads\/2025\/09\/Cabecalho.png","datePublished":"2024-08-21T14:57:48+00:00","dateModified":"2025-09-17T19:09:04+00:00","breadcrumb":{"@id":"https:\/\/ibemf.org.br\/index.php\/fintech\/#breadcrumb"},"inLanguage":"pt-BR","potentialAction":[{"@type":"ReadAction","target":["https:\/\/ibemf.org.br\/index.php\/fintech\/"]}]},{"@type":"ImageObject","inLanguage":"pt-BR","@id":"https:\/\/ibemf.org.br\/index.php\/fintech\/#primaryimage","url":"https:\/\/novo.ibemf.org.br\/wp-content\/uploads\/2025\/09\/Cabecalho.png","contentUrl":"https:\/\/novo.ibemf.org.br\/wp-content\/uploads\/2025\/09\/Cabecalho.png"},{"@type":"BreadcrumbList","@id":"https:\/\/ibemf.org.br\/index.php\/fintech\/#breadcrumb","itemListElement":[{"@type":"ListItem","position":1,"name":"In\u00edcio","item":"https:\/\/ibemf.org.br\/"},{"@type":"ListItem","position":2,"name":"FINTECH"}]},{"@type":"WebSite","@id":"https:\/\/ibemf.org.br\/#website","url":"https:\/\/ibemf.org.br\/","name":"IBEMF - Cursos Certifica\u00e7\u00f5es e Forma\u00e7\u00f5es","description":"","publisher":{"@id":"https:\/\/ibemf.org.br\/#organization"},"potentialAction":[{"@type":"SearchAction","target":{"@type":"EntryPoint","urlTemplate":"https:\/\/ibemf.org.br\/?s={search_term_string}"},"query-input":{"@type":"PropertyValueSpecification","valueRequired":true,"valueName":"search_term_string"}}],"inLanguage":"pt-BR"},{"@type":"Organization","@id":"https:\/\/ibemf.org.br\/#organization","name":"IBEMF - Cursos Certifica\u00e7\u00f5es e Forma\u00e7\u00f5es","url":"https:\/\/ibemf.org.br\/","logo":{"@type":"ImageObject","inLanguage":"pt-BR","@id":"https:\/\/ibemf.org.br\/#\/schema\/logo\/image\/","url":"https:\/\/novo.ibemf.org.br\/wp-content\/uploads\/2024\/07\/logo_ibemfxselo.png","contentUrl":"https:\/\/novo.ibemf.org.br\/wp-content\/uploads\/2024\/07\/logo_ibemfxselo.png","width":200,"height":199,"caption":"IBEMF - Cursos Certifica\u00e7\u00f5es e Forma\u00e7\u00f5es"},"image":{"@id":"https:\/\/ibemf.org.br\/#\/schema\/logo\/image\/"},"sameAs":["https:\/\/www.facebook.com\/ibemfrj","https:\/\/www.instagram.com\/ibemf.investeduc?utm_source=ig_web_button_share_sheet&igsh=ZDNlZDc0MzIxNw","https:\/\/www.linkedin.com\/in\/ibemf-instituto-brasileiro-de-estudos-para-o-mercado-financeiro-26430220b\/"]}]}},"_links":{"self":[{"href":"https:\/\/ibemf.org.br\/index.php\/wp-json\/wp\/v2\/pages\/295","targetHints":{"allow":["GET"]}}],"collection":[{"href":"https:\/\/ibemf.org.br\/index.php\/wp-json\/wp\/v2\/pages"}],"about":[{"href":"https:\/\/ibemf.org.br\/index.php\/wp-json\/wp\/v2\/types\/page"}],"author":[{"embeddable":true,"href":"https:\/\/ibemf.org.br\/index.php\/wp-json\/wp\/v2\/users\/1"}],"replies":[{"embeddable":true,"href":"https:\/\/ibemf.org.br\/index.php\/wp-json\/wp\/v2\/comments?post=295"}],"version-history":[{"count":33,"href":"https:\/\/ibemf.org.br\/index.php\/wp-json\/wp\/v2\/pages\/295\/revisions"}],"predecessor-version":[{"id":1328,"href":"https:\/\/ibemf.org.br\/index.php\/wp-json\/wp\/v2\/pages\/295\/revisions\/1328"}],"wp:attachment":[{"href":"https:\/\/ibemf.org.br\/index.php\/wp-json\/wp\/v2\/media?parent=295"}],"curies":[{"name":"wp","href":"https:\/\/api.w.org\/{rel}","templated":true}]}}