{"id":297,"date":"2024-08-21T14:59:27","date_gmt":"2024-08-21T14:59:27","guid":{"rendered":"https:\/\/novo.ibemf.org.br\/?page_id=297"},"modified":"2025-09-25T15:52:03","modified_gmt":"2025-09-25T18:52:03","slug":"desenvolvimento-consultoria","status":"publish","type":"page","link":"https:\/\/ibemf.org.br\/index.php\/desenvolvimento-consultoria\/","title":{"rendered":"DESENVOLVIMENTO \/ CONSULTORIA"},"content":{"rendered":"\t\t<div data-elementor-type=\"wp-page\" data-elementor-id=\"297\" class=\"elementor elementor-297\" data-elementor-post-type=\"page\">\n\t\t\t\t<div class=\"elementor-element elementor-element-597d206 e-flex e-con-boxed e-con e-parent\" data-id=\"597d206\" data-element_type=\"container\" data-e-type=\"container\">\n\t\t\t\t\t<div class=\"e-con-inner\">\n\t\t\t\t<div class=\"elementor-element elementor-element-5347809 elementor-widget elementor-widget-heading\" data-id=\"5347809\" data-element_type=\"widget\" data-e-type=\"widget\" data-widget_type=\"heading.default\">\n\t\t\t\t<div class=\"elementor-widget-container\">\n\t\t\t\t\t<h2 class=\"elementor-heading-title elementor-size-default\">O IBEMF oferece para as empresas, institui\u00e7\u00f5es, organiza\u00e7\u00f5es, munic\u00edpios, estados e outros os seguintes servi\u00e7os: <\/h2>\t\t\t\t<\/div>\n\t\t\t\t<\/div>\n\t\t\t\t\t<\/div>\n\t\t\t\t<\/div>\n\t\t<div class=\"elementor-element elementor-element-f2225d8 e-flex e-con-boxed e-con e-parent\" data-id=\"f2225d8\" data-element_type=\"container\" data-e-type=\"container\">\n\t\t\t\t\t<div class=\"e-con-inner\">\n\t\t\t\t<div class=\"elementor-element elementor-element-90bf937 elementor-widget elementor-widget-heading\" data-id=\"90bf937\" data-element_type=\"widget\" data-e-type=\"widget\" data-widget_type=\"heading.default\">\n\t\t\t\t<div class=\"elementor-widget-container\">\n\t\t\t\t\t<h2 class=\"elementor-heading-title elementor-size-default\"><span style=\"font-size: 2rem\">DESENVOLVIMENTO<\/span><\/h2>\t\t\t\t<\/div>\n\t\t\t\t<\/div>\n\t\t\t\t<div class=\"elementor-element elementor-element-53e21ca elementor-widget elementor-widget-text-editor\" data-id=\"53e21ca\" data-element_type=\"widget\" data-e-type=\"widget\" data-widget_type=\"text-editor.default\">\n\t\t\t\t<div class=\"elementor-widget-container\">\n\t\t\t\t\t\t\t\t\t<p dir=\"ltr\">Qualifica\u00e7\u00e3o profissional, Mentoria e Treinamento com foco no desenvolvimento de compet\u00eancias, habilidades e atitudes em diversos temas, como por exemplo:\u00a0<\/p><p dir=\"ltr\">RH, Finan\u00e7as, Operacional, Marketing, Negocia\u00e7\u00e3o, Governan\u00e7a, Empreendedorismo, Educa\u00e7\u00e3o Financeira, Tecnologia, Mercado Financeiro e outros.<\/p>\t\t\t\t\t\t\t\t<\/div>\n\t\t\t\t<\/div>\n\t\t\t\t\t<\/div>\n\t\t\t\t<\/div>\n\t\t<div class=\"elementor-element elementor-element-429f2ec e-flex e-con-boxed e-con e-parent\" data-id=\"429f2ec\" data-element_type=\"container\" data-e-type=\"container\">\n\t\t\t\t\t<div class=\"e-con-inner\">\n\t\t\t\t<div class=\"elementor-element elementor-element-0b2c761 elementor-widget elementor-widget-heading\" data-id=\"0b2c761\" data-element_type=\"widget\" data-e-type=\"widget\" data-widget_type=\"heading.default\">\n\t\t\t\t<div class=\"elementor-widget-container\">\n\t\t\t\t\t<h2 class=\"elementor-heading-title elementor-size-default\"><span style=\"font-size: 2rem\">CONSULTORIA<\/span><\/h2>\t\t\t\t<\/div>\n\t\t\t\t<\/div>\n\t\t\t\t<div class=\"elementor-element elementor-element-3c5b0cc elementor-widget elementor-widget-text-editor\" data-id=\"3c5b0cc\" data-element_type=\"widget\" data-e-type=\"widget\" data-widget_type=\"text-editor.default\">\n\t\t\t\t<div class=\"elementor-widget-container\">\n\t\t\t\t\t\t\t\t\t<p dir=\"ltr\">Alavancar o neg\u00f3cio, otimizar a gest\u00e3o e processos empresariais, impactando nos resultados da empresa.\u00a0<\/p><p dir=\"ltr\">O IBEMF \u00e9 refer\u00eancia nacional e internacional em treinamentos, consultoria e mentoria nas \u00e1reas de Mercado Financeiro, Mercado Ambiental, Gest\u00e3o P\u00fablica, Gest\u00e3o Empresarial (RH, TI, Governan\u00e7a, Finan\u00e7as, Operacional, Projetos, Log\u00edstica e outros).<\/p><p dir=\"ltr\">As empresas, institui\u00e7\u00f5es, organiza\u00e7\u00f5es, munic\u00edpios, estados e outros que aderem aos nossos programas de Desenvolvimento e\/ou Consultoria, s\u00e3o eleg\u00edveis para o nosso programa de \u201cSELOS\u201d com car\u00e1ter de qualidade e conformidade, conhe\u00e7a alguns dos nossos selos:<\/p>\t\t\t\t\t\t\t\t<\/div>\n\t\t\t\t<\/div>\n\t\t\t\t\t<\/div>\n\t\t\t\t<\/div>\n\t\t<div class=\"elementor-element elementor-element-381eb2f e-flex e-con-boxed e-con e-parent\" data-id=\"381eb2f\" data-element_type=\"container\" data-e-type=\"container\">\n\t\t\t\t\t<div class=\"e-con-inner\">\n\t\t<div class=\"elementor-element elementor-element-703d118 e-con-full e-flex e-con e-child\" data-id=\"703d118\" data-element_type=\"container\" data-e-type=\"container\">\n\t\t\t\t<div class=\"elementor-element elementor-element-a55af32 elementor-widget elementor-widget-image\" data-id=\"a55af32\" data-element_type=\"widget\" data-e-type=\"widget\" data-widget_type=\"image.default\">\n\t\t\t\t<div class=\"elementor-widget-container\">\n\t\t\t\t\t\t\t\t\t\t\t\t\t\t\t<img fetchpriority=\"high\" decoding=\"async\" width=\"724\" height=\"1024\" src=\"https:\/\/ibemf.org.br\/wp-content\/uploads\/2025\/09\/Design-sem-nome-724x1024.jpg\" class=\"attachment-large size-large wp-image-1270\" alt=\"\" srcset=\"https:\/\/ibemf.org.br\/wp-content\/uploads\/2025\/09\/Design-sem-nome-724x1024.jpg 724w, https:\/\/ibemf.org.br\/wp-content\/uploads\/2025\/09\/Design-sem-nome-212x300.jpg 212w, https:\/\/ibemf.org.br\/wp-content\/uploads\/2025\/09\/Design-sem-nome-768x1086.jpg 768w, https:\/\/ibemf.org.br\/wp-content\/uploads\/2025\/09\/Design-sem-nome-1086x1536.jpg 1086w, https:\/\/ibemf.org.br\/wp-content\/uploads\/2025\/09\/Design-sem-nome-600x849.jpg 600w, https:\/\/ibemf.org.br\/wp-content\/uploads\/2025\/09\/Design-sem-nome.jpg 1414w\" sizes=\"(max-width: 724px) 100vw, 724px\" \/>\t\t\t\t\t\t\t\t\t\t\t\t\t\t\t<\/div>\n\t\t\t\t<\/div>\n\t\t\t\t<\/div>\n\t\t<div class=\"elementor-element elementor-element-fb998f6 e-con-full e-flex e-con e-child\" data-id=\"fb998f6\" data-element_type=\"container\" data-e-type=\"container\">\n\t\t\t\t<div class=\"elementor-element elementor-element-8410151 elementor-widget elementor-widget-image\" data-id=\"8410151\" data-element_type=\"widget\" data-e-type=\"widget\" data-widget_type=\"image.default\">\n\t\t\t\t<div class=\"elementor-widget-container\">\n\t\t\t\t\t\t\t\t\t\t\t\t\t\t\t<img decoding=\"async\" width=\"724\" height=\"1024\" src=\"https:\/\/ibemf.org.br\/wp-content\/uploads\/2025\/09\/Design-sem-nome-1-724x1024.jpg\" class=\"attachment-large size-large wp-image-1271\" alt=\"\" srcset=\"https:\/\/ibemf.org.br\/wp-content\/uploads\/2025\/09\/Design-sem-nome-1-724x1024.jpg 724w, https:\/\/ibemf.org.br\/wp-content\/uploads\/2025\/09\/Design-sem-nome-1-212x300.jpg 212w, https:\/\/ibemf.org.br\/wp-content\/uploads\/2025\/09\/Design-sem-nome-1-768x1086.jpg 768w, https:\/\/ibemf.org.br\/wp-content\/uploads\/2025\/09\/Design-sem-nome-1-1086x1536.jpg 1086w, https:\/\/ibemf.org.br\/wp-content\/uploads\/2025\/09\/Design-sem-nome-1-600x849.jpg 600w, https:\/\/ibemf.org.br\/wp-content\/uploads\/2025\/09\/Design-sem-nome-1.jpg 1414w\" sizes=\"(max-width: 724px) 100vw, 724px\" \/>\t\t\t\t\t\t\t\t\t\t\t\t\t\t\t<\/div>\n\t\t\t\t<\/div>\n\t\t\t\t<\/div>\n\t\t<div class=\"elementor-element elementor-element-161e533 e-con-full e-flex e-con e-child\" data-id=\"161e533\" data-element_type=\"container\" data-e-type=\"container\">\n\t\t\t\t<div class=\"elementor-element elementor-element-d1d70fe elementor-widget elementor-widget-image\" data-id=\"d1d70fe\" data-element_type=\"widget\" data-e-type=\"widget\" data-widget_type=\"image.default\">\n\t\t\t\t<div class=\"elementor-widget-container\">\n\t\t\t\t\t\t\t\t\t\t\t\t\t\t\t<img decoding=\"async\" width=\"724\" height=\"1024\" src=\"https:\/\/ibemf.org.br\/wp-content\/uploads\/2025\/09\/Design-sem-nome-2-724x1024.jpg\" class=\"attachment-large size-large wp-image-1272\" alt=\"\" srcset=\"https:\/\/ibemf.org.br\/wp-content\/uploads\/2025\/09\/Design-sem-nome-2-724x1024.jpg 724w, https:\/\/ibemf.org.br\/wp-content\/uploads\/2025\/09\/Design-sem-nome-2-212x300.jpg 212w, https:\/\/ibemf.org.br\/wp-content\/uploads\/2025\/09\/Design-sem-nome-2-768x1086.jpg 768w, https:\/\/ibemf.org.br\/wp-content\/uploads\/2025\/09\/Design-sem-nome-2-1086x1536.jpg 1086w, https:\/\/ibemf.org.br\/wp-content\/uploads\/2025\/09\/Design-sem-nome-2-600x849.jpg 600w, https:\/\/ibemf.org.br\/wp-content\/uploads\/2025\/09\/Design-sem-nome-2.jpg 1414w\" sizes=\"(max-width: 724px) 100vw, 724px\" \/>\t\t\t\t\t\t\t\t\t\t\t\t\t\t\t<\/div>\n\t\t\t\t<\/div>\n\t\t\t\t<\/div>\n\t\t\t\t\t<\/div>\n\t\t\t\t<\/div>\n\t\t\t\t<\/div>\n\t\t","protected":false},"excerpt":{"rendered":"<p>O IBEMF oferece para as empresas, institui\u00e7\u00f5es, organiza\u00e7\u00f5es, munic\u00edpios, estados e outros os seguintes servi\u00e7os: DESENVOLVIMENTO Qualifica\u00e7\u00e3o profissional, Mentoria e Treinamento com foco no desenvolvimento de compet\u00eancias, habilidades e atitudes em diversos temas, como por exemplo:\u00a0 RH, Finan\u00e7as, Operacional, Marketing, Negocia\u00e7\u00e3o, Governan\u00e7a, Empreendedorismo, Educa\u00e7\u00e3o Financeira, Tecnologia, Mercado Financeiro e outros. CONSULTORIA Alavancar o neg\u00f3cio, otimizar [&hellip;]<\/p>\n","protected":false},"author":1,"featured_media":0,"parent":0,"menu_order":0,"comment_status":"closed","ping_status":"closed","template":"","meta":{"_joinchat":[],"footnotes":""},"class_list":["post-297","page","type-page","status-publish","hentry"],"yoast_head":"<!-- This site is optimized with the Yoast SEO Premium plugin v26.9 (Yoast SEO v26.9) - https:\/\/yoast.com\/product\/yoast-seo-premium-wordpress\/ -->\n<title>DESENVOLVIMENTO \/ CONSULTORIA - IBEMF - Cursos Certifica\u00e7\u00f5es e Forma\u00e7\u00f5es<\/title>\n<meta name=\"robots\" content=\"index, follow, max-snippet:-1, max-image-preview:large, max-video-preview:-1\" \/>\n<link rel=\"canonical\" href=\"https:\/\/ibemf.org.br\/index.php\/desenvolvimento-consultoria\/\" \/>\n<meta property=\"og:locale\" content=\"pt_BR\" \/>\n<meta property=\"og:type\" content=\"article\" \/>\n<meta property=\"og:title\" content=\"DESENVOLVIMENTO \/ CONSULTORIA\" \/>\n<meta property=\"og:description\" content=\"O IBEMF oferece para as empresas, institui\u00e7\u00f5es, organiza\u00e7\u00f5es, munic\u00edpios, estados e outros os seguintes servi\u00e7os: DESENVOLVIMENTO Qualifica\u00e7\u00e3o profissional, Mentoria e Treinamento com foco no desenvolvimento de compet\u00eancias, habilidades e atitudes em diversos temas, como por exemplo:\u00a0 RH, Finan\u00e7as, Operacional, Marketing, Negocia\u00e7\u00e3o, Governan\u00e7a, Empreendedorismo, Educa\u00e7\u00e3o Financeira, Tecnologia, Mercado Financeiro e outros. CONSULTORIA Alavancar o neg\u00f3cio, otimizar [&hellip;]\" \/>\n<meta property=\"og:url\" content=\"https:\/\/ibemf.org.br\/index.php\/desenvolvimento-consultoria\/\" \/>\n<meta property=\"og:site_name\" content=\"IBEMF - Cursos Certifica\u00e7\u00f5es e Forma\u00e7\u00f5es\" \/>\n<meta property=\"article:publisher\" content=\"https:\/\/www.facebook.com\/ibemfrj\" \/>\n<meta property=\"article:modified_time\" content=\"2025-09-25T18:52:03+00:00\" \/>\n<meta property=\"og:image\" content=\"https:\/\/ibemf.org.br\/wp-content\/uploads\/2025\/09\/Design-sem-nome.jpg\" \/>\n\t<meta property=\"og:image:width\" content=\"1414\" \/>\n\t<meta property=\"og:image:height\" content=\"2000\" \/>\n\t<meta property=\"og:image:type\" content=\"image\/jpeg\" \/>\n<meta name=\"twitter:card\" content=\"summary_large_image\" \/>\n<meta name=\"twitter:label1\" content=\"Est. tempo de leitura\" \/>\n\t<meta name=\"twitter:data1\" content=\"2 minutos\" \/>\n<script type=\"application\/ld+json\" class=\"yoast-schema-graph\">{\"@context\":\"https:\/\/schema.org\",\"@graph\":[{\"@type\":\"WebPage\",\"@id\":\"https:\/\/ibemf.org.br\/index.php\/desenvolvimento-consultoria\/\",\"url\":\"https:\/\/ibemf.org.br\/index.php\/desenvolvimento-consultoria\/\",\"name\":\"DESENVOLVIMENTO \/ CONSULTORIA - IBEMF - Cursos Certifica\u00e7\u00f5es e Forma\u00e7\u00f5es\",\"isPartOf\":{\"@id\":\"https:\/\/ibemf.org.br\/#website\"},\"primaryImageOfPage\":{\"@id\":\"https:\/\/ibemf.org.br\/index.php\/desenvolvimento-consultoria\/#primaryimage\"},\"image\":{\"@id\":\"https:\/\/ibemf.org.br\/index.php\/desenvolvimento-consultoria\/#primaryimage\"},\"thumbnailUrl\":\"https:\/\/ibemf.org.br\/wp-content\/uploads\/2025\/09\/Design-sem-nome-724x1024.jpg\",\"datePublished\":\"2024-08-21T14:59:27+00:00\",\"dateModified\":\"2025-09-25T18:52:03+00:00\",\"breadcrumb\":{\"@id\":\"https:\/\/ibemf.org.br\/index.php\/desenvolvimento-consultoria\/#breadcrumb\"},\"inLanguage\":\"pt-BR\",\"potentialAction\":[{\"@type\":\"ReadAction\",\"target\":[\"https:\/\/ibemf.org.br\/index.php\/desenvolvimento-consultoria\/\"]}]},{\"@type\":\"ImageObject\",\"inLanguage\":\"pt-BR\",\"@id\":\"https:\/\/ibemf.org.br\/index.php\/desenvolvimento-consultoria\/#primaryimage\",\"url\":\"https:\/\/ibemf.org.br\/wp-content\/uploads\/2025\/09\/Design-sem-nome.jpg\",\"contentUrl\":\"https:\/\/ibemf.org.br\/wp-content\/uploads\/2025\/09\/Design-sem-nome.jpg\",\"width\":1414,\"height\":2000},{\"@type\":\"BreadcrumbList\",\"@id\":\"https:\/\/ibemf.org.br\/index.php\/desenvolvimento-consultoria\/#breadcrumb\",\"itemListElement\":[{\"@type\":\"ListItem\",\"position\":1,\"name\":\"In\u00edcio\",\"item\":\"https:\/\/ibemf.org.br\/\"},{\"@type\":\"ListItem\",\"position\":2,\"name\":\"DESENVOLVIMENTO \/ CONSULTORIA\"}]},{\"@type\":\"WebSite\",\"@id\":\"https:\/\/ibemf.org.br\/#website\",\"url\":\"https:\/\/ibemf.org.br\/\",\"name\":\"IBEMF - Cursos Certifica\u00e7\u00f5es e Forma\u00e7\u00f5es\",\"description\":\"\",\"publisher\":{\"@id\":\"https:\/\/ibemf.org.br\/#organization\"},\"potentialAction\":[{\"@type\":\"SearchAction\",\"target\":{\"@type\":\"EntryPoint\",\"urlTemplate\":\"https:\/\/ibemf.org.br\/?s={search_term_string}\"},\"query-input\":{\"@type\":\"PropertyValueSpecification\",\"valueRequired\":true,\"valueName\":\"search_term_string\"}}],\"inLanguage\":\"pt-BR\"},{\"@type\":\"Organization\",\"@id\":\"https:\/\/ibemf.org.br\/#organization\",\"name\":\"IBEMF - Cursos Certifica\u00e7\u00f5es e Forma\u00e7\u00f5es\",\"url\":\"https:\/\/ibemf.org.br\/\",\"logo\":{\"@type\":\"ImageObject\",\"inLanguage\":\"pt-BR\",\"@id\":\"https:\/\/ibemf.org.br\/#\/schema\/logo\/image\/\",\"url\":\"https:\/\/novo.ibemf.org.br\/wp-content\/uploads\/2024\/07\/logo_ibemfxselo.png\",\"contentUrl\":\"https:\/\/novo.ibemf.org.br\/wp-content\/uploads\/2024\/07\/logo_ibemfxselo.png\",\"width\":200,\"height\":199,\"caption\":\"IBEMF - Cursos Certifica\u00e7\u00f5es e Forma\u00e7\u00f5es\"},\"image\":{\"@id\":\"https:\/\/ibemf.org.br\/#\/schema\/logo\/image\/\"},\"sameAs\":[\"https:\/\/www.facebook.com\/ibemfrj\",\"https:\/\/www.instagram.com\/ibemf.investeduc?utm_source=ig_web_button_share_sheet&igsh=ZDNlZDc0MzIxNw\",\"https:\/\/www.linkedin.com\/in\/ibemf-instituto-brasileiro-de-estudos-para-o-mercado-financeiro-26430220b\/\"]}]}<\/script>\n<!-- \/ Yoast SEO Premium plugin. -->","yoast_head_json":{"title":"DESENVOLVIMENTO \/ CONSULTORIA - IBEMF - Cursos Certifica\u00e7\u00f5es e Forma\u00e7\u00f5es","robots":{"index":"index","follow":"follow","max-snippet":"max-snippet:-1","max-image-preview":"max-image-preview:large","max-video-preview":"max-video-preview:-1"},"canonical":"https:\/\/ibemf.org.br\/index.php\/desenvolvimento-consultoria\/","og_locale":"pt_BR","og_type":"article","og_title":"DESENVOLVIMENTO \/ CONSULTORIA","og_description":"O IBEMF oferece para as empresas, institui\u00e7\u00f5es, organiza\u00e7\u00f5es, munic\u00edpios, estados e outros os seguintes servi\u00e7os: DESENVOLVIMENTO Qualifica\u00e7\u00e3o profissional, Mentoria e Treinamento com foco no desenvolvimento de compet\u00eancias, habilidades e atitudes em diversos temas, como por exemplo:\u00a0 RH, Finan\u00e7as, Operacional, Marketing, Negocia\u00e7\u00e3o, Governan\u00e7a, Empreendedorismo, Educa\u00e7\u00e3o Financeira, Tecnologia, Mercado Financeiro e outros. CONSULTORIA Alavancar o neg\u00f3cio, otimizar [&hellip;]","og_url":"https:\/\/ibemf.org.br\/index.php\/desenvolvimento-consultoria\/","og_site_name":"IBEMF - Cursos Certifica\u00e7\u00f5es e Forma\u00e7\u00f5es","article_publisher":"https:\/\/www.facebook.com\/ibemfrj","article_modified_time":"2025-09-25T18:52:03+00:00","og_image":[{"width":1414,"height":2000,"url":"https:\/\/ibemf.org.br\/wp-content\/uploads\/2025\/09\/Design-sem-nome.jpg","type":"image\/jpeg"}],"twitter_card":"summary_large_image","twitter_misc":{"Est. tempo de leitura":"2 minutos"},"schema":{"@context":"https:\/\/schema.org","@graph":[{"@type":"WebPage","@id":"https:\/\/ibemf.org.br\/index.php\/desenvolvimento-consultoria\/","url":"https:\/\/ibemf.org.br\/index.php\/desenvolvimento-consultoria\/","name":"DESENVOLVIMENTO \/ CONSULTORIA - IBEMF - Cursos Certifica\u00e7\u00f5es e Forma\u00e7\u00f5es","isPartOf":{"@id":"https:\/\/ibemf.org.br\/#website"},"primaryImageOfPage":{"@id":"https:\/\/ibemf.org.br\/index.php\/desenvolvimento-consultoria\/#primaryimage"},"image":{"@id":"https:\/\/ibemf.org.br\/index.php\/desenvolvimento-consultoria\/#primaryimage"},"thumbnailUrl":"https:\/\/ibemf.org.br\/wp-content\/uploads\/2025\/09\/Design-sem-nome-724x1024.jpg","datePublished":"2024-08-21T14:59:27+00:00","dateModified":"2025-09-25T18:52:03+00:00","breadcrumb":{"@id":"https:\/\/ibemf.org.br\/index.php\/desenvolvimento-consultoria\/#breadcrumb"},"inLanguage":"pt-BR","potentialAction":[{"@type":"ReadAction","target":["https:\/\/ibemf.org.br\/index.php\/desenvolvimento-consultoria\/"]}]},{"@type":"ImageObject","inLanguage":"pt-BR","@id":"https:\/\/ibemf.org.br\/index.php\/desenvolvimento-consultoria\/#primaryimage","url":"https:\/\/ibemf.org.br\/wp-content\/uploads\/2025\/09\/Design-sem-nome.jpg","contentUrl":"https:\/\/ibemf.org.br\/wp-content\/uploads\/2025\/09\/Design-sem-nome.jpg","width":1414,"height":2000},{"@type":"BreadcrumbList","@id":"https:\/\/ibemf.org.br\/index.php\/desenvolvimento-consultoria\/#breadcrumb","itemListElement":[{"@type":"ListItem","position":1,"name":"In\u00edcio","item":"https:\/\/ibemf.org.br\/"},{"@type":"ListItem","position":2,"name":"DESENVOLVIMENTO \/ CONSULTORIA"}]},{"@type":"WebSite","@id":"https:\/\/ibemf.org.br\/#website","url":"https:\/\/ibemf.org.br\/","name":"IBEMF - Cursos Certifica\u00e7\u00f5es e Forma\u00e7\u00f5es","description":"","publisher":{"@id":"https:\/\/ibemf.org.br\/#organization"},"potentialAction":[{"@type":"SearchAction","target":{"@type":"EntryPoint","urlTemplate":"https:\/\/ibemf.org.br\/?s={search_term_string}"},"query-input":{"@type":"PropertyValueSpecification","valueRequired":true,"valueName":"search_term_string"}}],"inLanguage":"pt-BR"},{"@type":"Organization","@id":"https:\/\/ibemf.org.br\/#organization","name":"IBEMF - Cursos Certifica\u00e7\u00f5es e Forma\u00e7\u00f5es","url":"https:\/\/ibemf.org.br\/","logo":{"@type":"ImageObject","inLanguage":"pt-BR","@id":"https:\/\/ibemf.org.br\/#\/schema\/logo\/image\/","url":"https:\/\/novo.ibemf.org.br\/wp-content\/uploads\/2024\/07\/logo_ibemfxselo.png","contentUrl":"https:\/\/novo.ibemf.org.br\/wp-content\/uploads\/2024\/07\/logo_ibemfxselo.png","width":200,"height":199,"caption":"IBEMF - Cursos Certifica\u00e7\u00f5es e Forma\u00e7\u00f5es"},"image":{"@id":"https:\/\/ibemf.org.br\/#\/schema\/logo\/image\/"},"sameAs":["https:\/\/www.facebook.com\/ibemfrj","https:\/\/www.instagram.com\/ibemf.investeduc?utm_source=ig_web_button_share_sheet&igsh=ZDNlZDc0MzIxNw","https:\/\/www.linkedin.com\/in\/ibemf-instituto-brasileiro-de-estudos-para-o-mercado-financeiro-26430220b\/"]}]}},"_links":{"self":[{"href":"https:\/\/ibemf.org.br\/index.php\/wp-json\/wp\/v2\/pages\/297","targetHints":{"allow":["GET"]}}],"collection":[{"href":"https:\/\/ibemf.org.br\/index.php\/wp-json\/wp\/v2\/pages"}],"about":[{"href":"https:\/\/ibemf.org.br\/index.php\/wp-json\/wp\/v2\/types\/page"}],"author":[{"embeddable":true,"href":"https:\/\/ibemf.org.br\/index.php\/wp-json\/wp\/v2\/users\/1"}],"replies":[{"embeddable":true,"href":"https:\/\/ibemf.org.br\/index.php\/wp-json\/wp\/v2\/comments?post=297"}],"version-history":[{"count":29,"href":"https:\/\/ibemf.org.br\/index.php\/wp-json\/wp\/v2\/pages\/297\/revisions"}],"predecessor-version":[{"id":1492,"href":"https:\/\/ibemf.org.br\/index.php\/wp-json\/wp\/v2\/pages\/297\/revisions\/1492"}],"wp:attachment":[{"href":"https:\/\/ibemf.org.br\/index.php\/wp-json\/wp\/v2\/media?parent=297"}],"curies":[{"name":"wp","href":"https:\/\/api.w.org\/{rel}","templated":true}]}}