{"id":1520,"date":"2025-10-15T11:46:14","date_gmt":"2025-10-15T14:46:14","guid":{"rendered":"https:\/\/ibemf.org.br\/?post_type=product&#038;p=1520"},"modified":"2026-04-10T14:50:41","modified_gmt":"2026-04-10T17:50:41","slug":"c-pro-r","status":"publish","type":"product","link":"https:\/\/ibemf.org.br\/index.php\/produto\/c-pro-r\/","title":{"rendered":"C-Pro R \u2013 ANBIMA &#8211; Presencial"},"content":{"rendered":"<h2 data-start=\"250\" data-end=\"331\">Curso Preparat\u00f3rio C-Pro R (Certificado Profissional ANBIMA de Relacionamento)<\/h2>\n<p data-start=\"333\" data-end=\"677\">O principal objetivo do curso preparat\u00f3rio para a <strong data-start=\"383\" data-end=\"446\">C-Pro R (Certificado Profissional ANBIMA de Relacionamento)<\/strong> \u00e9 proporcionar ao aluno o conhecimento necess\u00e1rio para a aprova\u00e7\u00e3o no exame da ANBIMA. Al\u00e9m disso, o curso prepara o profissional para atuar como consultor comercial especializado em relacionamento e planejamento de investimentos.<\/p>\n<p data-start=\"679\" data-end=\"963\">A certifica\u00e7\u00e3o C-Pro R \u00e9 direcionada a profissionais com perfil comercial que atuam na gest\u00e3o de carteiras de clientes e lidam com a complexidade do processo de <strong data-start=\"840\" data-end=\"855\">Suitability<\/strong>, ou seja, a adequa\u00e7\u00e3o dos produtos ao perfil do investidor. Dessa forma, ela substitui a antiga <strong data-start=\"952\" data-end=\"962\">CPA-20<\/strong>.<\/p>\n<p data-start=\"965\" data-end=\"1107\">A nova C-Pro R integra a trilha de certifica\u00e7\u00f5es da ANBIMA que substitui a <strong data-start=\"1040\" data-end=\"1064\">CPA-10, CPA-20 e CEA<\/strong>, com vig\u00eancia a partir de janeiro de 2026.<\/p>\n<hr data-start=\"1109\" data-end=\"1112\" \/>\n<h2 data-start=\"1114\" data-end=\"1149\">Objetivo da Certifica\u00e7\u00e3o C-Pro R<\/h2>\n<p data-start=\"1151\" data-end=\"1490\">O objetivo principal da certifica\u00e7\u00e3o <strong data-start=\"1188\" data-end=\"1251\">C-Pro R (Certificado Profissional ANBIMA de Relacionamento)<\/strong> \u00e9 atestar a compet\u00eancia do profissional para atuar como consultor de investimentos. Nesse sentido, o foco est\u00e1 na gest\u00e3o aprofundada do relacionamento com o cliente e no planejamento financeiro, considerando suas necessidades e objetivos.<\/p>\n<hr data-start=\"1492\" data-end=\"1495\" \/>\n<h2 data-start=\"1497\" data-end=\"1539\">Atividades e Compet\u00eancias Desenvolvidas<\/h2>\n<p data-start=\"1541\" data-end=\"1764\">As atividades centrais do profissional certificado pela C-Pro R envolvem a profundidade do relacionamento com o cliente e a recomenda\u00e7\u00e3o de solu\u00e7\u00f5es financeiras mais complexas. Entre as principais compet\u00eancias, destacam-se:<\/p>\n<p data-start=\"1766\" data-end=\"2045\"><strong data-start=\"1766\" data-end=\"1800\">An\u00e1lise Aprofundada do Cliente<\/strong><br data-start=\"1800\" data-end=\"1803\" \/>Vai al\u00e9m do suitability inicial, pois considera o momento financeiro completo do cliente. Assim, avalia sua capacidade de poupan\u00e7a, seus objetivos de vida de longo prazo e seu hist\u00f3rico comportamental, incluindo a forma como lida com o risco.<\/p>\n<p data-start=\"2047\" data-end=\"2285\"><strong data-start=\"2047\" data-end=\"2080\">Planejamento de Investimentos<\/strong><br data-start=\"2080\" data-end=\"2083\" \/>Auxilia ativamente o cliente no planejamento financeiro. Dessa forma, contribui para a defini\u00e7\u00e3o de metas e para a estrutura\u00e7\u00e3o de estrat\u00e9gias que promovam seguran\u00e7a financeira e forma\u00e7\u00e3o de patrim\u00f4nio.<\/p>\n<p data-start=\"2287\" data-end=\"2539\"><strong data-start=\"2287\" data-end=\"2332\">Recomenda\u00e7\u00e3o e Apresenta\u00e7\u00e3o de Portf\u00f3lios<\/strong><br data-start=\"2332\" data-end=\"2335\" \/>Apresenta portf\u00f3lios personalizados de produtos de investimento, como Renda Fixa, Renda Vari\u00e1vel, Fundos e Previd\u00eancia. Al\u00e9m disso, explica de maneira did\u00e1tica o funcionamento e os riscos de cada produto.<\/p>\n<p data-start=\"2541\" data-end=\"2762\"><strong data-start=\"2541\" data-end=\"2581\">Gest\u00e3o e Acompanhamento de Carteiras<\/strong><br data-start=\"2581\" data-end=\"2584\" \/>Realiza o acompanhamento cont\u00ednuo do portf\u00f3lio, garantindo que a carteira permane\u00e7a alinhada aos objetivos do cliente, mesmo diante de mudan\u00e7as no mercado ou em sua vida pessoal.<\/p>\n<p data-start=\"2764\" data-end=\"2992\"><strong data-start=\"2764\" data-end=\"2810\">Prospec\u00e7\u00e3o e Relacionamento de Longo Prazo<\/strong><br data-start=\"2810\" data-end=\"2813\" \/>Aplica estrat\u00e9gias comerciais para atrair e construir relacionamentos duradouros. Assim, o profissional torna-se um ponto de confian\u00e7a para as decis\u00f5es de investimento do cliente.<\/p>\n<hr data-start=\"2994\" data-end=\"2997\" \/>\n<h2 data-start=\"2999\" data-end=\"3014\">P\u00fablico-Alvo<\/h2>\n<p data-start=\"3016\" data-end=\"3256\">A certifica\u00e7\u00e3o C-Pro R \u00e9 indicada para profissionais com perfil comercial que atuam na distribui\u00e7\u00e3o de produtos de investimento. Sobretudo, \u00e9 voltada a quem precisa de um conhecimento aprofundado em relacionamento e planejamento financeiro.<\/p>\n<p data-start=\"3258\" data-end=\"3295\">Em resumo, o curso \u00e9 ideal para quem:<\/p>\n<ul data-start=\"3296\" data-end=\"3526\">\n<li data-start=\"3296\" data-end=\"3343\">\n<p data-start=\"3298\" data-end=\"3343\">Possui certifica\u00e7\u00e3o CPA, que \u00e9 pr\u00e9-requisito;<\/p>\n<\/li>\n<li data-start=\"3344\" data-end=\"3400\">\n<p data-start=\"3346\" data-end=\"3400\">Atua principalmente na gest\u00e3o da carteira de clientes;<\/p>\n<\/li>\n<li data-start=\"3401\" data-end=\"3526\">\n<p data-start=\"3403\" data-end=\"3526\">Necessita compreender de forma profunda as necessidades dos investidores para realizar um planejamento financeiro completo.<\/p>\n<\/li>\n<\/ul>\n<hr data-start=\"3528\" data-end=\"3531\" \/>\n<h2 data-start=\"3533\" data-end=\"3557\">Conte\u00fado Program\u00e1tico<\/h2>\n<p data-start=\"3559\" data-end=\"3804\">O <strong data-start=\"3561\" data-end=\"3588\">Programa Detalhado (PD)<\/strong> da C-Pro R \u00e9 focado na integra\u00e7\u00e3o entre o conhecimento t\u00e9cnico de investimentos e as habilidades de consultoria e relacionamento. Dessa forma, prepara o profissional para atuar no planejamento financeiro do cliente.<\/p>\n<p data-start=\"3806\" data-end=\"3931\">O conte\u00fado program\u00e1tico \u00e9 dividido em grandes \u00e1reas, com destaque para o aprofundamento em <strong data-start=\"3897\" data-end=\"3912\">Suitability<\/strong> e <strong data-start=\"3915\" data-end=\"3930\">Soft Skills<\/strong>.<\/p>\n<h3 data-start=\"3933\" data-end=\"3968\">Relacionamento, \u00c9tica e Conduta<\/h3>\n<p data-start=\"3970\" data-end=\"4089\">Este macrotema aborda as habilidades comportamentais e regulat\u00f3rias que sustentam a rela\u00e7\u00e3o de confian\u00e7a com o cliente.<\/p>\n<ul data-start=\"4091\" data-end=\"4419\">\n<li data-start=\"4091\" data-end=\"4217\">\n<p data-start=\"4093\" data-end=\"4217\">Psicologia e Comportamento do Investidor: an\u00e1lise de emo\u00e7\u00f5es e vieses cognitivos que influenciam decis\u00f5es de investimento;<\/p>\n<\/li>\n<li data-start=\"4218\" data-end=\"4318\">\n<p data-start=\"4220\" data-end=\"4318\">Prospec\u00e7\u00e3o e Relacionamento Comercial: estrat\u00e9gias de atra\u00e7\u00e3o, reten\u00e7\u00e3o e comunica\u00e7\u00e3o assertiva;<\/p>\n<\/li>\n<li data-start=\"4319\" data-end=\"4419\">\n<p data-start=\"4321\" data-end=\"4419\">\u00c9tica e Regulamenta\u00e7\u00e3o: regras de conduta, dilig\u00eancia e KYC, conforme as normativas mais recentes.<\/p>\n<\/li>\n<\/ul>\n<h3 data-start=\"4421\" data-end=\"4474\">Planejamento de Investimentos e Finan\u00e7as Pessoais<\/h3>\n<p data-start=\"4476\" data-end=\"4582\">O foco \u00e9 capacitar o profissional para atuar como consultor de planejamento financeiro de vida do cliente.<\/p>\n<ul data-start=\"4584\" data-end=\"4751\">\n<li data-start=\"4584\" data-end=\"4637\">\n<p data-start=\"4586\" data-end=\"4637\">Planejamento Financeiro e forma\u00e7\u00e3o de patrim\u00f4nio;<\/p>\n<\/li>\n<li data-start=\"4638\" data-end=\"4688\">\n<p data-start=\"4640\" data-end=\"4688\">Gest\u00e3o de riscos financeiros e riscos de vida;<\/p>\n<\/li>\n<li data-start=\"4689\" data-end=\"4751\">\n<p data-start=\"4691\" data-end=\"4751\">An\u00e1lise de fluxo de caixa, endividamento e sa\u00fade financeira.<\/p>\n<\/li>\n<\/ul>\n<h3 data-start=\"4753\" data-end=\"4792\">Produtos e Mercado de Investimentos<\/h3>\n<p data-start=\"4794\" data-end=\"4905\">Embora o relacionamento seja central, a certifica\u00e7\u00e3o exige aprofundamento t\u00e9cnico para recomenda\u00e7\u00f5es adequadas.<\/p>\n<ul data-start=\"4907\" data-end=\"5094\">\n<li data-start=\"4907\" data-end=\"4971\">\n<p data-start=\"4909\" data-end=\"4971\">Renda Fixa e Vari\u00e1vel, com foco em caracter\u00edsticas de risco;<\/p>\n<\/li>\n<li data-start=\"4972\" data-end=\"5038\">\n<p data-start=\"4974\" data-end=\"5038\">Fundos de Investimento, incluindo tributa\u00e7\u00e3o e regulamenta\u00e7\u00e3o;<\/p>\n<\/li>\n<li data-start=\"5039\" data-end=\"5094\">\n<p data-start=\"5041\" data-end=\"5094\">Previd\u00eancia e Seguros no planejamento de longo prazo.<\/p>\n<\/li>\n<\/ul>\n<h3 data-start=\"5096\" data-end=\"5129\">An\u00e1lise e Gest\u00e3o de Portf\u00f3lio<\/h3>\n<p data-start=\"5131\" data-end=\"5218\">Este macrotema concentra-se na pr\u00e1tica da recomenda\u00e7\u00e3o e do acompanhamento da carteira.<\/p>\n<ul data-start=\"5220\" data-end=\"5398\">\n<li data-start=\"5220\" data-end=\"5283\">\n<p data-start=\"5222\" data-end=\"5283\">Adequabilidade (Suitability) aplicada ao perfil do cliente;<\/p>\n<\/li>\n<li data-start=\"5284\" data-end=\"5344\">\n<p data-start=\"5286\" data-end=\"5344\">An\u00e1lise de retorno, risco e diversifica\u00e7\u00e3o de portf\u00f3lio;<\/p>\n<\/li>\n<li data-start=\"5345\" data-end=\"5398\">\n<p data-start=\"5347\" data-end=\"5398\">Tributa\u00e7\u00e3o dos principais produtos de investimento.<\/p>\n<\/li>\n<\/ul>\n<p data-start=\"5400\" data-end=\"5582\">O diferencial da <strong data-start=\"5417\" data-end=\"5428\">C-Pro R<\/strong> est\u00e1 na integra\u00e7\u00e3o entre o conhecimento t\u00e9cnico de mercado e o foco no cliente, garantindo recomenda\u00e7\u00f5es mais completas e alinhadas \u00e0s suas necessidades.<\/p>\n<hr data-start=\"5584\" data-end=\"5587\" \/>\n<h2 data-start=\"5589\" data-end=\"5621\">Formato do Curso Preparat\u00f3rio<\/h2>\n<p data-start=\"5623\" data-end=\"5725\">O curso preparat\u00f3rio para a <strong data-start=\"5651\" data-end=\"5692\">Certifica\u00e7\u00e3o C-Pro R (Relacionamento)<\/strong> \u00e9 oferecido no seguinte formato:<\/p>\n<ul data-start=\"5727\" data-end=\"5789\">\n<li data-start=\"5727\" data-end=\"5759\">\n<p data-start=\"5729\" data-end=\"5759\"><strong data-start=\"5729\" data-end=\"5747\">Carga hor\u00e1ria:<\/strong> 24 horas;<\/p>\n<\/li>\n<li data-start=\"5760\" data-end=\"5789\">\n<p data-start=\"5762\" data-end=\"5789\"><strong data-start=\"5762\" data-end=\"5777\">Modalidade:<\/strong> Presencial.<\/p>\n<\/li>\n<\/ul>\n","protected":false},"excerpt":{"rendered":"<p>Curso Preparat\u00f3rio C-Pro R (Certificado Profissional ANBIMA de Relacionamento) O principal objetivo do curso preparat\u00f3rio para a C-Pro R (Certificado Profissional ANBIMA de Relacionamento) \u00e9 proporcionar ao aluno o conhecimento necess\u00e1rio para a aprova\u00e7\u00e3o no exame da ANBIMA. Al\u00e9m disso, o curso prepara o profissional para atuar como consultor comercial especializado em relacionamento e planejamento [&hellip;]<\/p>\n","protected":false},"featured_media":1632,"comment_status":"open","ping_status":"closed","template":"","meta":{"_joinchat":[]},"product_brand":[],"product_cat":[25,44],"product_tag":[],"class_list":{"0":"post-1520","1":"product","2":"type-product","3":"status-publish","4":"has-post-thumbnail","6":"product_cat-cursos-presenciais","7":"product_cat-loja","9":"first","10":"instock","11":"taxable","12":"shipping-taxable","13":"purchasable","14":"product-type-simple"},"yoast_head":"<!-- This site is optimized with the Yoast SEO Premium plugin v26.9 (Yoast SEO v26.9) - https:\/\/yoast.com\/product\/yoast-seo-premium-wordpress\/ -->\n<title>C-Pro R \u2013 ANBIMA - Presencial - IBEMF - Cursos Certifica\u00e7\u00f5es e Forma\u00e7\u00f5es<\/title>\n<meta name=\"description\" content=\"Prepare-se para a certifica\u00e7\u00e3o C-Pro R (ANBIMA) e torne-se um consultor de investimentos especializado em relacionamento e planejamento financeiro.\" \/>\n<meta name=\"robots\" content=\"index, follow, max-snippet:-1, max-image-preview:large, max-video-preview:-1\" \/>\n<link rel=\"canonical\" href=\"https:\/\/ibemf.org.br\/index.php\/produto\/c-pro-r\/\" \/>\n<meta property=\"og:locale\" content=\"pt_BR\" \/>\n<meta property=\"og:type\" content=\"article\" \/>\n<meta property=\"og:title\" content=\"C-Pro R \u2013 ANBIMA - Presencial\" \/>\n<meta property=\"og:description\" content=\"Prepare-se para a certifica\u00e7\u00e3o C-Pro R (ANBIMA) e torne-se um consultor de investimentos especializado em relacionamento e planejamento financeiro.\" \/>\n<meta property=\"og:url\" content=\"https:\/\/ibemf.org.br\/index.php\/produto\/c-pro-r\/\" \/>\n<meta property=\"og:site_name\" content=\"IBEMF - Cursos Certifica\u00e7\u00f5es e Forma\u00e7\u00f5es\" \/>\n<meta property=\"article:publisher\" content=\"https:\/\/www.facebook.com\/ibemfrj\" \/>\n<meta property=\"article:modified_time\" content=\"2026-04-10T17:50:41+00:00\" \/>\n<meta property=\"og:image\" content=\"https:\/\/ibemf.org.br\/wp-content\/uploads\/2025\/10\/C-PRO-R-PRESENCIAL.png\" \/>\n\t<meta property=\"og:image:width\" content=\"1080\" \/>\n\t<meta property=\"og:image:height\" content=\"1080\" \/>\n\t<meta property=\"og:image:type\" content=\"image\/png\" \/>\n<meta name=\"twitter:card\" content=\"summary_large_image\" \/>\n<meta name=\"twitter:label1\" content=\"Est. tempo de leitura\" \/>\n\t<meta name=\"twitter:data1\" content=\"5 minutos\" \/>\n<script type=\"application\/ld+json\" class=\"yoast-schema-graph\">{\"@context\":\"https:\/\/schema.org\",\"@graph\":[{\"@type\":\"WebPage\",\"@id\":\"https:\/\/ibemf.org.br\/index.php\/produto\/c-pro-r\/\",\"url\":\"https:\/\/ibemf.org.br\/index.php\/produto\/c-pro-r\/\",\"name\":\"C-Pro R \u2013 ANBIMA - Presencial - IBEMF - Cursos Certifica\u00e7\u00f5es e Forma\u00e7\u00f5es\",\"isPartOf\":{\"@id\":\"https:\/\/ibemf.org.br\/#website\"},\"primaryImageOfPage\":{\"@id\":\"https:\/\/ibemf.org.br\/index.php\/produto\/c-pro-r\/#primaryimage\"},\"image\":{\"@id\":\"https:\/\/ibemf.org.br\/index.php\/produto\/c-pro-r\/#primaryimage\"},\"thumbnailUrl\":\"https:\/\/ibemf.org.br\/wp-content\/uploads\/2025\/10\/C-PRO-R-PRESENCIAL.png\",\"datePublished\":\"2025-10-15T14:46:14+00:00\",\"dateModified\":\"2026-04-10T17:50:41+00:00\",\"description\":\"Prepare-se para a certifica\u00e7\u00e3o C-Pro R (ANBIMA) e torne-se um consultor de investimentos especializado em relacionamento e planejamento financeiro.\",\"breadcrumb\":{\"@id\":\"https:\/\/ibemf.org.br\/index.php\/produto\/c-pro-r\/#breadcrumb\"},\"inLanguage\":\"pt-BR\",\"potentialAction\":[{\"@type\":\"ReadAction\",\"target\":[\"https:\/\/ibemf.org.br\/index.php\/produto\/c-pro-r\/\"]}]},{\"@type\":\"ImageObject\",\"inLanguage\":\"pt-BR\",\"@id\":\"https:\/\/ibemf.org.br\/index.php\/produto\/c-pro-r\/#primaryimage\",\"url\":\"https:\/\/ibemf.org.br\/wp-content\/uploads\/2025\/10\/C-PRO-R-PRESENCIAL.png\",\"contentUrl\":\"https:\/\/ibemf.org.br\/wp-content\/uploads\/2025\/10\/C-PRO-R-PRESENCIAL.png\",\"width\":1080,\"height\":1080},{\"@type\":\"BreadcrumbList\",\"@id\":\"https:\/\/ibemf.org.br\/index.php\/produto\/c-pro-r\/#breadcrumb\",\"itemListElement\":[{\"@type\":\"ListItem\",\"position\":1,\"name\":\"In\u00edcio\",\"item\":\"https:\/\/ibemf.org.br\/\"},{\"@type\":\"ListItem\",\"position\":2,\"name\":\"Loja\",\"item\":\"https:\/\/ibemf.org.br\/index.php\/loja\/\"},{\"@type\":\"ListItem\",\"position\":3,\"name\":\"C-Pro R \u2013 ANBIMA &#8211; Presencial\"}]},{\"@type\":\"WebSite\",\"@id\":\"https:\/\/ibemf.org.br\/#website\",\"url\":\"https:\/\/ibemf.org.br\/\",\"name\":\"IBEMF - Cursos Certifica\u00e7\u00f5es e Forma\u00e7\u00f5es\",\"description\":\"\",\"publisher\":{\"@id\":\"https:\/\/ibemf.org.br\/#organization\"},\"potentialAction\":[{\"@type\":\"SearchAction\",\"target\":{\"@type\":\"EntryPoint\",\"urlTemplate\":\"https:\/\/ibemf.org.br\/?s={search_term_string}\"},\"query-input\":{\"@type\":\"PropertyValueSpecification\",\"valueRequired\":true,\"valueName\":\"search_term_string\"}}],\"inLanguage\":\"pt-BR\"},{\"@type\":\"Organization\",\"@id\":\"https:\/\/ibemf.org.br\/#organization\",\"name\":\"IBEMF - Cursos Certifica\u00e7\u00f5es e Forma\u00e7\u00f5es\",\"url\":\"https:\/\/ibemf.org.br\/\",\"logo\":{\"@type\":\"ImageObject\",\"inLanguage\":\"pt-BR\",\"@id\":\"https:\/\/ibemf.org.br\/#\/schema\/logo\/image\/\",\"url\":\"https:\/\/novo.ibemf.org.br\/wp-content\/uploads\/2024\/07\/logo_ibemfxselo.png\",\"contentUrl\":\"https:\/\/novo.ibemf.org.br\/wp-content\/uploads\/2024\/07\/logo_ibemfxselo.png\",\"width\":200,\"height\":199,\"caption\":\"IBEMF - Cursos Certifica\u00e7\u00f5es e Forma\u00e7\u00f5es\"},\"image\":{\"@id\":\"https:\/\/ibemf.org.br\/#\/schema\/logo\/image\/\"},\"sameAs\":[\"https:\/\/www.facebook.com\/ibemfrj\",\"https:\/\/www.instagram.com\/ibemf.investeduc?utm_source=ig_web_button_share_sheet&igsh=ZDNlZDc0MzIxNw\",\"https:\/\/www.linkedin.com\/in\/ibemf-instituto-brasileiro-de-estudos-para-o-mercado-financeiro-26430220b\/\"]}]}<\/script>\n<!-- \/ Yoast SEO Premium plugin. -->","yoast_head_json":{"title":"C-Pro R \u2013 ANBIMA - Presencial - IBEMF - Cursos Certifica\u00e7\u00f5es e Forma\u00e7\u00f5es","description":"Prepare-se para a certifica\u00e7\u00e3o C-Pro R (ANBIMA) e torne-se um consultor de investimentos especializado em relacionamento e planejamento financeiro.","robots":{"index":"index","follow":"follow","max-snippet":"max-snippet:-1","max-image-preview":"max-image-preview:large","max-video-preview":"max-video-preview:-1"},"canonical":"https:\/\/ibemf.org.br\/index.php\/produto\/c-pro-r\/","og_locale":"pt_BR","og_type":"article","og_title":"C-Pro R \u2013 ANBIMA - Presencial","og_description":"Prepare-se para a certifica\u00e7\u00e3o C-Pro R (ANBIMA) e torne-se um consultor de investimentos especializado em relacionamento e planejamento financeiro.","og_url":"https:\/\/ibemf.org.br\/index.php\/produto\/c-pro-r\/","og_site_name":"IBEMF - Cursos Certifica\u00e7\u00f5es e Forma\u00e7\u00f5es","article_publisher":"https:\/\/www.facebook.com\/ibemfrj","article_modified_time":"2026-04-10T17:50:41+00:00","og_image":[{"width":1080,"height":1080,"url":"https:\/\/ibemf.org.br\/wp-content\/uploads\/2025\/10\/C-PRO-R-PRESENCIAL.png","type":"image\/png"}],"twitter_card":"summary_large_image","twitter_misc":{"Est. tempo de leitura":"5 minutos"},"schema":{"@context":"https:\/\/schema.org","@graph":[{"@type":"WebPage","@id":"https:\/\/ibemf.org.br\/index.php\/produto\/c-pro-r\/","url":"https:\/\/ibemf.org.br\/index.php\/produto\/c-pro-r\/","name":"C-Pro R \u2013 ANBIMA - Presencial - IBEMF - Cursos Certifica\u00e7\u00f5es e Forma\u00e7\u00f5es","isPartOf":{"@id":"https:\/\/ibemf.org.br\/#website"},"primaryImageOfPage":{"@id":"https:\/\/ibemf.org.br\/index.php\/produto\/c-pro-r\/#primaryimage"},"image":{"@id":"https:\/\/ibemf.org.br\/index.php\/produto\/c-pro-r\/#primaryimage"},"thumbnailUrl":"https:\/\/ibemf.org.br\/wp-content\/uploads\/2025\/10\/C-PRO-R-PRESENCIAL.png","datePublished":"2025-10-15T14:46:14+00:00","dateModified":"2026-04-10T17:50:41+00:00","description":"Prepare-se para a certifica\u00e7\u00e3o C-Pro R (ANBIMA) e torne-se um consultor de investimentos especializado em relacionamento e planejamento financeiro.","breadcrumb":{"@id":"https:\/\/ibemf.org.br\/index.php\/produto\/c-pro-r\/#breadcrumb"},"inLanguage":"pt-BR","potentialAction":[{"@type":"ReadAction","target":["https:\/\/ibemf.org.br\/index.php\/produto\/c-pro-r\/"]}]},{"@type":"ImageObject","inLanguage":"pt-BR","@id":"https:\/\/ibemf.org.br\/index.php\/produto\/c-pro-r\/#primaryimage","url":"https:\/\/ibemf.org.br\/wp-content\/uploads\/2025\/10\/C-PRO-R-PRESENCIAL.png","contentUrl":"https:\/\/ibemf.org.br\/wp-content\/uploads\/2025\/10\/C-PRO-R-PRESENCIAL.png","width":1080,"height":1080},{"@type":"BreadcrumbList","@id":"https:\/\/ibemf.org.br\/index.php\/produto\/c-pro-r\/#breadcrumb","itemListElement":[{"@type":"ListItem","position":1,"name":"In\u00edcio","item":"https:\/\/ibemf.org.br\/"},{"@type":"ListItem","position":2,"name":"Loja","item":"https:\/\/ibemf.org.br\/index.php\/loja\/"},{"@type":"ListItem","position":3,"name":"C-Pro R \u2013 ANBIMA &#8211; Presencial"}]},{"@type":"WebSite","@id":"https:\/\/ibemf.org.br\/#website","url":"https:\/\/ibemf.org.br\/","name":"IBEMF - Cursos Certifica\u00e7\u00f5es e Forma\u00e7\u00f5es","description":"","publisher":{"@id":"https:\/\/ibemf.org.br\/#organization"},"potentialAction":[{"@type":"SearchAction","target":{"@type":"EntryPoint","urlTemplate":"https:\/\/ibemf.org.br\/?s={search_term_string}"},"query-input":{"@type":"PropertyValueSpecification","valueRequired":true,"valueName":"search_term_string"}}],"inLanguage":"pt-BR"},{"@type":"Organization","@id":"https:\/\/ibemf.org.br\/#organization","name":"IBEMF - Cursos Certifica\u00e7\u00f5es e Forma\u00e7\u00f5es","url":"https:\/\/ibemf.org.br\/","logo":{"@type":"ImageObject","inLanguage":"pt-BR","@id":"https:\/\/ibemf.org.br\/#\/schema\/logo\/image\/","url":"https:\/\/novo.ibemf.org.br\/wp-content\/uploads\/2024\/07\/logo_ibemfxselo.png","contentUrl":"https:\/\/novo.ibemf.org.br\/wp-content\/uploads\/2024\/07\/logo_ibemfxselo.png","width":200,"height":199,"caption":"IBEMF - Cursos Certifica\u00e7\u00f5es e Forma\u00e7\u00f5es"},"image":{"@id":"https:\/\/ibemf.org.br\/#\/schema\/logo\/image\/"},"sameAs":["https:\/\/www.facebook.com\/ibemfrj","https:\/\/www.instagram.com\/ibemf.investeduc?utm_source=ig_web_button_share_sheet&igsh=ZDNlZDc0MzIxNw","https:\/\/www.linkedin.com\/in\/ibemf-instituto-brasileiro-de-estudos-para-o-mercado-financeiro-26430220b\/"]}]}},"_links":{"self":[{"href":"https:\/\/ibemf.org.br\/index.php\/wp-json\/wp\/v2\/product\/1520","targetHints":{"allow":["GET"]}}],"collection":[{"href":"https:\/\/ibemf.org.br\/index.php\/wp-json\/wp\/v2\/product"}],"about":[{"href":"https:\/\/ibemf.org.br\/index.php\/wp-json\/wp\/v2\/types\/product"}],"replies":[{"embeddable":true,"href":"https:\/\/ibemf.org.br\/index.php\/wp-json\/wp\/v2\/comments?post=1520"}],"wp:featuredmedia":[{"embeddable":true,"href":"https:\/\/ibemf.org.br\/index.php\/wp-json\/wp\/v2\/media\/1632"}],"wp:attachment":[{"href":"https:\/\/ibemf.org.br\/index.php\/wp-json\/wp\/v2\/media?parent=1520"}],"wp:term":[{"taxonomy":"product_brand","embeddable":true,"href":"https:\/\/ibemf.org.br\/index.php\/wp-json\/wp\/v2\/product_brand?post=1520"},{"taxonomy":"product_cat","embeddable":true,"href":"https:\/\/ibemf.org.br\/index.php\/wp-json\/wp\/v2\/product_cat?post=1520"},{"taxonomy":"product_tag","embeddable":true,"href":"https:\/\/ibemf.org.br\/index.php\/wp-json\/wp\/v2\/product_tag?post=1520"}],"curies":[{"name":"wp","href":"https:\/\/api.w.org\/{rel}","templated":true}]}}