{"id":1590,"date":"2026-01-22T12:25:23","date_gmt":"2026-01-22T15:25:23","guid":{"rendered":"https:\/\/ibemf.org.br\/?post_type=product&#038;p=1590"},"modified":"2026-01-22T12:25:23","modified_gmt":"2026-01-22T15:25:23","slug":"analise-grafica","status":"publish","type":"product","link":"https:\/\/ibemf.org.br\/index.php\/produto\/analise-grafica\/","title":{"rendered":"An\u00e1lise Gr\u00e1fica"},"content":{"rendered":"<h3 data-start=\"346\" data-end=\"365\">An\u00e1lise Gr\u00e1fica<\/h3>\n<p data-start=\"367\" data-end=\"683\">O curso de <strong data-start=\"378\" data-end=\"397\">An\u00e1lise Gr\u00e1fica<\/strong> \u00e9 focado na interpreta\u00e7\u00e3o visual e estat\u00edstica dos gr\u00e1ficos de pre\u00e7os. Dessa forma, ao longo do conte\u00fado, o aluno aprende a identificar padr\u00f5es, tend\u00eancias e comportamentos psicol\u00f3gicos das massas. Com isso, desenvolve maior precis\u00e3o na tomada de decis\u00e3o no mercado financeiro.<\/p>\n<p data-start=\"685\" data-end=\"1009\">Al\u00e9m disso, a proposta do curso \u00e9 ensinar como o pre\u00e7o se movimenta, como o mercado se comporta e de que maneira essas informa\u00e7\u00f5es podem ser utilizadas para operar com base na probabilidade estat\u00edstica e na psicologia dos investidores. Assim, o foco est\u00e1 na leitura do movimento do mercado a partir do pr\u00f3prio pre\u00e7o.<\/p>\n<hr data-start=\"1011\" data-end=\"1014\" \/>\n<h3 data-start=\"1016\" data-end=\"1037\">Objetivo do Curso<\/h3>\n<p data-start=\"1039\" data-end=\"1344\">O objetivo principal do curso de <strong data-start=\"1072\" data-end=\"1091\">An\u00e1lise Gr\u00e1fica<\/strong> \u00e9 capacitar o investidor a identificar padr\u00f5es de comportamento do mercado por meio da an\u00e1lise do pre\u00e7o e do volume. Desse modo, torna-se poss\u00edvel encontrar os momentos mais adequados de entrada e sa\u00edda, tamb\u00e9m conhecidos como <em data-start=\"1323\" data-end=\"1343\">timing operacional<\/em>.<\/p>\n<p data-start=\"1346\" data-end=\"1595\">Enquanto a an\u00e1lise fundamentalista se concentra no valor do ativo, a An\u00e1lise Gr\u00e1fica, por outro lado, tem como foco o pre\u00e7o, a tend\u00eancia e o comportamento do mercado. Portanto, o curso prioriza a leitura objetiva do movimento dos pre\u00e7os.<\/p>\n<hr data-start=\"1597\" data-end=\"1600\" \/>\n<h3 data-start=\"1602\" data-end=\"1618\">P\u00fablico-Alvo<\/h3>\n<p data-start=\"1620\" data-end=\"1852\">O curso \u00e9 indicado para pessoas que desejam aprender a investir no mercado de a\u00e7\u00f5es com foco na an\u00e1lise de gr\u00e1ficos. Independentemente do n\u00edvel de experi\u00eancia, o conte\u00fado foi estruturado para facilitar o aprendizado progressivo.<\/p>\n<hr data-start=\"1854\" data-end=\"1857\" \/>\n<h3 data-start=\"1859\" data-end=\"1884\">Conte\u00fado Program\u00e1tico<\/h3>\n<p data-start=\"1886\" data-end=\"1932\">O conte\u00fado do curso aborda os seguintes temas:<\/p>\n<ul data-start=\"1934\" data-end=\"2301\">\n<li data-start=\"1934\" data-end=\"1954\">\n<p data-start=\"1936\" data-end=\"1954\">O que \u00e9 uma a\u00e7\u00e3o?<\/p>\n<\/li>\n<li data-start=\"1955\" data-end=\"2002\">\n<p data-start=\"1957\" data-end=\"2002\">Principais direitos e proventos de uma a\u00e7\u00e3o<\/p>\n<\/li>\n<li data-start=\"2003\" data-end=\"2035\">\n<p data-start=\"2005\" data-end=\"2035\">Oferta P\u00fablica Inicial (IPO)<\/p>\n<\/li>\n<li data-start=\"2036\" data-end=\"2081\">\n<p data-start=\"2038\" data-end=\"2081\">An\u00e1lise T\u00e9cnica x An\u00e1lise Fundamentalista<\/p>\n<\/li>\n<li data-start=\"2082\" data-end=\"2114\">\n<p data-start=\"2084\" data-end=\"2114\">Introdu\u00e7\u00e3o \u00e0 An\u00e1lise Gr\u00e1fica<\/p>\n<\/li>\n<li data-start=\"2115\" data-end=\"2132\">\n<p data-start=\"2117\" data-end=\"2132\">Teoria de Dow<\/p>\n<\/li>\n<li data-start=\"2133\" data-end=\"2154\">\n<p data-start=\"2135\" data-end=\"2154\">O que \u00e9 um Candle<\/p>\n<\/li>\n<li data-start=\"2155\" data-end=\"2175\">\n<p data-start=\"2157\" data-end=\"2175\">Tipos de Gr\u00e1fico<\/p>\n<\/li>\n<li data-start=\"2176\" data-end=\"2196\">\n<p data-start=\"2178\" data-end=\"2196\">Tipos de Candles<\/p>\n<\/li>\n<li data-start=\"2197\" data-end=\"2232\">\n<p data-start=\"2199\" data-end=\"2232\">Conceito de Mercado e Tend\u00eancia<\/p>\n<\/li>\n<li data-start=\"2233\" data-end=\"2276\">\n<p data-start=\"2235\" data-end=\"2276\">Mem\u00f3ria &#8211; Suporte e Resist\u00eancia<\/p>\n<\/li>\n<li data-start=\"2277\" data-end=\"2301\">\n<p data-start=\"2279\" data-end=\"2301\">Volume de Negocia\u00e7\u00e3o<\/p>\n<\/li>\n<\/ul>\n<hr data-start=\"2421\" data-end=\"2424\" \/>\n<h3 data-start=\"2426\" data-end=\"2446\">Formato do Curso<\/h3>\n<ul data-start=\"2546\" data-end=\"2711\">\n<li data-start=\"2546\" data-end=\"2587\">\n<p data-start=\"2548\" data-end=\"2587\"><strong data-start=\"2548\" data-end=\"2577\">Carga hor\u00e1ria aproximada:<\/strong> 2 horas<\/p>\n<\/li>\n<li data-start=\"2588\" data-end=\"2619\">\n<p data-start=\"2590\" data-end=\"2619\"><strong data-start=\"2590\" data-end=\"2605\">Modalidade:<\/strong> 100% online<\/p>\n<\/li>\n<li data-start=\"2620\" data-end=\"2711\">\n<p data-start=\"2622\" data-end=\"2711\"><strong data-start=\"2622\" data-end=\"2646\">Acesso \u00e0 plataforma:<\/strong> 90 dias, com aulas gravadas para assistir quando e onde quiser<\/p>\n<\/li>\n<\/ul>\n","protected":false},"excerpt":{"rendered":"<p>An\u00e1lise Gr\u00e1fica O curso de An\u00e1lise Gr\u00e1fica \u00e9 focado na interpreta\u00e7\u00e3o visual e estat\u00edstica dos gr\u00e1ficos de pre\u00e7os. Dessa forma, ao longo do conte\u00fado, o aluno aprende a identificar padr\u00f5es, tend\u00eancias e comportamentos psicol\u00f3gicos das massas. Com isso, desenvolve maior precis\u00e3o na tomada de decis\u00e3o no mercado financeiro. Al\u00e9m disso, a proposta do curso \u00e9 [&hellip;]<\/p>\n","protected":false},"featured_media":1592,"comment_status":"open","ping_status":"closed","template":"","meta":{"_joinchat":[]},"product_brand":[],"product_cat":[26],"product_tag":[],"class_list":{"0":"post-1590","1":"product","2":"type-product","3":"status-publish","4":"has-post-thumbnail","6":"product_cat-cursos-online","8":"first","9":"instock","10":"taxable","11":"shipping-taxable","12":"purchasable","13":"product-type-simple"},"yoast_head":"<!-- This site is optimized with the Yoast SEO Premium plugin v26.9 (Yoast SEO v26.9) - https:\/\/yoast.com\/product\/yoast-seo-premium-wordpress\/ -->\n<title>An\u00e1lise Gr\u00e1fica - IBEMF - Cursos Certifica\u00e7\u00f5es e Forma\u00e7\u00f5es<\/title>\n<meta name=\"description\" content=\"Curso de An\u00e1lise Gr\u00e1fica focado na leitura de gr\u00e1ficos, tend\u00eancias, padr\u00f5es, volume e timing de entrada e sa\u00edda no mercado de a\u00e7\u00f5es.\" \/>\n<meta name=\"robots\" content=\"index, follow, max-snippet:-1, max-image-preview:large, max-video-preview:-1\" \/>\n<link rel=\"canonical\" href=\"https:\/\/ibemf.org.br\/index.php\/produto\/analise-grafica\/\" \/>\n<meta property=\"og:locale\" content=\"pt_BR\" \/>\n<meta property=\"og:type\" content=\"article\" \/>\n<meta property=\"og:title\" content=\"An\u00e1lise Gr\u00e1fica\" \/>\n<meta property=\"og:description\" content=\"Curso de An\u00e1lise Gr\u00e1fica focado na leitura de gr\u00e1ficos, tend\u00eancias, padr\u00f5es, volume e timing de entrada e sa\u00edda no mercado de a\u00e7\u00f5es.\" \/>\n<meta property=\"og:url\" content=\"https:\/\/ibemf.org.br\/index.php\/produto\/analise-grafica\/\" \/>\n<meta property=\"og:site_name\" content=\"IBEMF - Cursos Certifica\u00e7\u00f5es e Forma\u00e7\u00f5es\" \/>\n<meta property=\"article:publisher\" content=\"https:\/\/www.facebook.com\/ibemfrj\" \/>\n<meta property=\"og:image\" content=\"https:\/\/ibemf.org.br\/wp-content\/uploads\/2026\/01\/Analise-Grafica.png\" \/>\n\t<meta property=\"og:image:width\" content=\"810\" \/>\n\t<meta property=\"og:image:height\" content=\"810\" \/>\n\t<meta property=\"og:image:type\" content=\"image\/png\" \/>\n<meta name=\"twitter:card\" content=\"summary_large_image\" \/>\n<meta name=\"twitter:label1\" content=\"Est. tempo de leitura\" \/>\n\t<meta name=\"twitter:data1\" content=\"2 minutos\" \/>\n<script type=\"application\/ld+json\" class=\"yoast-schema-graph\">{\"@context\":\"https:\/\/schema.org\",\"@graph\":[{\"@type\":\"WebPage\",\"@id\":\"https:\/\/ibemf.org.br\/index.php\/produto\/analise-grafica\/\",\"url\":\"https:\/\/ibemf.org.br\/index.php\/produto\/analise-grafica\/\",\"name\":\"An\u00e1lise Gr\u00e1fica - IBEMF - Cursos Certifica\u00e7\u00f5es e Forma\u00e7\u00f5es\",\"isPartOf\":{\"@id\":\"https:\/\/ibemf.org.br\/#website\"},\"primaryImageOfPage\":{\"@id\":\"https:\/\/ibemf.org.br\/index.php\/produto\/analise-grafica\/#primaryimage\"},\"image\":{\"@id\":\"https:\/\/ibemf.org.br\/index.php\/produto\/analise-grafica\/#primaryimage\"},\"thumbnailUrl\":\"https:\/\/ibemf.org.br\/wp-content\/uploads\/2026\/01\/Analise-Grafica.png\",\"datePublished\":\"2026-01-22T15:25:23+00:00\",\"description\":\"Curso de An\u00e1lise Gr\u00e1fica focado na leitura de gr\u00e1ficos, tend\u00eancias, padr\u00f5es, volume e timing de entrada e sa\u00edda no mercado de a\u00e7\u00f5es.\",\"breadcrumb\":{\"@id\":\"https:\/\/ibemf.org.br\/index.php\/produto\/analise-grafica\/#breadcrumb\"},\"inLanguage\":\"pt-BR\",\"potentialAction\":[{\"@type\":\"ReadAction\",\"target\":[\"https:\/\/ibemf.org.br\/index.php\/produto\/analise-grafica\/\"]}]},{\"@type\":\"ImageObject\",\"inLanguage\":\"pt-BR\",\"@id\":\"https:\/\/ibemf.org.br\/index.php\/produto\/analise-grafica\/#primaryimage\",\"url\":\"https:\/\/ibemf.org.br\/wp-content\/uploads\/2026\/01\/Analise-Grafica.png\",\"contentUrl\":\"https:\/\/ibemf.org.br\/wp-content\/uploads\/2026\/01\/Analise-Grafica.png\",\"width\":810,\"height\":810,\"caption\":\"AN\u00c1LISE GR\u00c1FICA\"},{\"@type\":\"BreadcrumbList\",\"@id\":\"https:\/\/ibemf.org.br\/index.php\/produto\/analise-grafica\/#breadcrumb\",\"itemListElement\":[{\"@type\":\"ListItem\",\"position\":1,\"name\":\"In\u00edcio\",\"item\":\"https:\/\/ibemf.org.br\/\"},{\"@type\":\"ListItem\",\"position\":2,\"name\":\"Loja\",\"item\":\"https:\/\/ibemf.org.br\/index.php\/loja\/\"},{\"@type\":\"ListItem\",\"position\":3,\"name\":\"An\u00e1lise Gr\u00e1fica\"}]},{\"@type\":\"WebSite\",\"@id\":\"https:\/\/ibemf.org.br\/#website\",\"url\":\"https:\/\/ibemf.org.br\/\",\"name\":\"IBEMF - Cursos Certifica\u00e7\u00f5es e Forma\u00e7\u00f5es\",\"description\":\"\",\"publisher\":{\"@id\":\"https:\/\/ibemf.org.br\/#organization\"},\"potentialAction\":[{\"@type\":\"SearchAction\",\"target\":{\"@type\":\"EntryPoint\",\"urlTemplate\":\"https:\/\/ibemf.org.br\/?s={search_term_string}\"},\"query-input\":{\"@type\":\"PropertyValueSpecification\",\"valueRequired\":true,\"valueName\":\"search_term_string\"}}],\"inLanguage\":\"pt-BR\"},{\"@type\":\"Organization\",\"@id\":\"https:\/\/ibemf.org.br\/#organization\",\"name\":\"IBEMF - Cursos Certifica\u00e7\u00f5es e Forma\u00e7\u00f5es\",\"url\":\"https:\/\/ibemf.org.br\/\",\"logo\":{\"@type\":\"ImageObject\",\"inLanguage\":\"pt-BR\",\"@id\":\"https:\/\/ibemf.org.br\/#\/schema\/logo\/image\/\",\"url\":\"https:\/\/novo.ibemf.org.br\/wp-content\/uploads\/2024\/07\/logo_ibemfxselo.png\",\"contentUrl\":\"https:\/\/novo.ibemf.org.br\/wp-content\/uploads\/2024\/07\/logo_ibemfxselo.png\",\"width\":200,\"height\":199,\"caption\":\"IBEMF - Cursos Certifica\u00e7\u00f5es e Forma\u00e7\u00f5es\"},\"image\":{\"@id\":\"https:\/\/ibemf.org.br\/#\/schema\/logo\/image\/\"},\"sameAs\":[\"https:\/\/www.facebook.com\/ibemfrj\",\"https:\/\/www.instagram.com\/ibemf.investeduc?utm_source=ig_web_button_share_sheet&igsh=ZDNlZDc0MzIxNw\",\"https:\/\/www.linkedin.com\/in\/ibemf-instituto-brasileiro-de-estudos-para-o-mercado-financeiro-26430220b\/\"]}]}<\/script>\n<!-- \/ Yoast SEO Premium plugin. -->","yoast_head_json":{"title":"An\u00e1lise Gr\u00e1fica - IBEMF - Cursos Certifica\u00e7\u00f5es e Forma\u00e7\u00f5es","description":"Curso de An\u00e1lise Gr\u00e1fica focado na leitura de gr\u00e1ficos, tend\u00eancias, padr\u00f5es, volume e timing de entrada e sa\u00edda no mercado de a\u00e7\u00f5es.","robots":{"index":"index","follow":"follow","max-snippet":"max-snippet:-1","max-image-preview":"max-image-preview:large","max-video-preview":"max-video-preview:-1"},"canonical":"https:\/\/ibemf.org.br\/index.php\/produto\/analise-grafica\/","og_locale":"pt_BR","og_type":"article","og_title":"An\u00e1lise Gr\u00e1fica","og_description":"Curso de An\u00e1lise Gr\u00e1fica focado na leitura de gr\u00e1ficos, tend\u00eancias, padr\u00f5es, volume e timing de entrada e sa\u00edda no mercado de a\u00e7\u00f5es.","og_url":"https:\/\/ibemf.org.br\/index.php\/produto\/analise-grafica\/","og_site_name":"IBEMF - Cursos Certifica\u00e7\u00f5es e Forma\u00e7\u00f5es","article_publisher":"https:\/\/www.facebook.com\/ibemfrj","og_image":[{"width":810,"height":810,"url":"https:\/\/ibemf.org.br\/wp-content\/uploads\/2026\/01\/Analise-Grafica.png","type":"image\/png"}],"twitter_card":"summary_large_image","twitter_misc":{"Est. tempo de leitura":"2 minutos"},"schema":{"@context":"https:\/\/schema.org","@graph":[{"@type":"WebPage","@id":"https:\/\/ibemf.org.br\/index.php\/produto\/analise-grafica\/","url":"https:\/\/ibemf.org.br\/index.php\/produto\/analise-grafica\/","name":"An\u00e1lise Gr\u00e1fica - IBEMF - Cursos Certifica\u00e7\u00f5es e Forma\u00e7\u00f5es","isPartOf":{"@id":"https:\/\/ibemf.org.br\/#website"},"primaryImageOfPage":{"@id":"https:\/\/ibemf.org.br\/index.php\/produto\/analise-grafica\/#primaryimage"},"image":{"@id":"https:\/\/ibemf.org.br\/index.php\/produto\/analise-grafica\/#primaryimage"},"thumbnailUrl":"https:\/\/ibemf.org.br\/wp-content\/uploads\/2026\/01\/Analise-Grafica.png","datePublished":"2026-01-22T15:25:23+00:00","description":"Curso de An\u00e1lise Gr\u00e1fica focado na leitura de gr\u00e1ficos, tend\u00eancias, padr\u00f5es, volume e timing de entrada e sa\u00edda no mercado de a\u00e7\u00f5es.","breadcrumb":{"@id":"https:\/\/ibemf.org.br\/index.php\/produto\/analise-grafica\/#breadcrumb"},"inLanguage":"pt-BR","potentialAction":[{"@type":"ReadAction","target":["https:\/\/ibemf.org.br\/index.php\/produto\/analise-grafica\/"]}]},{"@type":"ImageObject","inLanguage":"pt-BR","@id":"https:\/\/ibemf.org.br\/index.php\/produto\/analise-grafica\/#primaryimage","url":"https:\/\/ibemf.org.br\/wp-content\/uploads\/2026\/01\/Analise-Grafica.png","contentUrl":"https:\/\/ibemf.org.br\/wp-content\/uploads\/2026\/01\/Analise-Grafica.png","width":810,"height":810,"caption":"AN\u00c1LISE GR\u00c1FICA"},{"@type":"BreadcrumbList","@id":"https:\/\/ibemf.org.br\/index.php\/produto\/analise-grafica\/#breadcrumb","itemListElement":[{"@type":"ListItem","position":1,"name":"In\u00edcio","item":"https:\/\/ibemf.org.br\/"},{"@type":"ListItem","position":2,"name":"Loja","item":"https:\/\/ibemf.org.br\/index.php\/loja\/"},{"@type":"ListItem","position":3,"name":"An\u00e1lise Gr\u00e1fica"}]},{"@type":"WebSite","@id":"https:\/\/ibemf.org.br\/#website","url":"https:\/\/ibemf.org.br\/","name":"IBEMF - Cursos Certifica\u00e7\u00f5es e Forma\u00e7\u00f5es","description":"","publisher":{"@id":"https:\/\/ibemf.org.br\/#organization"},"potentialAction":[{"@type":"SearchAction","target":{"@type":"EntryPoint","urlTemplate":"https:\/\/ibemf.org.br\/?s={search_term_string}"},"query-input":{"@type":"PropertyValueSpecification","valueRequired":true,"valueName":"search_term_string"}}],"inLanguage":"pt-BR"},{"@type":"Organization","@id":"https:\/\/ibemf.org.br\/#organization","name":"IBEMF - Cursos Certifica\u00e7\u00f5es e Forma\u00e7\u00f5es","url":"https:\/\/ibemf.org.br\/","logo":{"@type":"ImageObject","inLanguage":"pt-BR","@id":"https:\/\/ibemf.org.br\/#\/schema\/logo\/image\/","url":"https:\/\/novo.ibemf.org.br\/wp-content\/uploads\/2024\/07\/logo_ibemfxselo.png","contentUrl":"https:\/\/novo.ibemf.org.br\/wp-content\/uploads\/2024\/07\/logo_ibemfxselo.png","width":200,"height":199,"caption":"IBEMF - Cursos Certifica\u00e7\u00f5es e Forma\u00e7\u00f5es"},"image":{"@id":"https:\/\/ibemf.org.br\/#\/schema\/logo\/image\/"},"sameAs":["https:\/\/www.facebook.com\/ibemfrj","https:\/\/www.instagram.com\/ibemf.investeduc?utm_source=ig_web_button_share_sheet&igsh=ZDNlZDc0MzIxNw","https:\/\/www.linkedin.com\/in\/ibemf-instituto-brasileiro-de-estudos-para-o-mercado-financeiro-26430220b\/"]}]}},"_links":{"self":[{"href":"https:\/\/ibemf.org.br\/index.php\/wp-json\/wp\/v2\/product\/1590","targetHints":{"allow":["GET"]}}],"collection":[{"href":"https:\/\/ibemf.org.br\/index.php\/wp-json\/wp\/v2\/product"}],"about":[{"href":"https:\/\/ibemf.org.br\/index.php\/wp-json\/wp\/v2\/types\/product"}],"replies":[{"embeddable":true,"href":"https:\/\/ibemf.org.br\/index.php\/wp-json\/wp\/v2\/comments?post=1590"}],"wp:featuredmedia":[{"embeddable":true,"href":"https:\/\/ibemf.org.br\/index.php\/wp-json\/wp\/v2\/media\/1592"}],"wp:attachment":[{"href":"https:\/\/ibemf.org.br\/index.php\/wp-json\/wp\/v2\/media?parent=1590"}],"wp:term":[{"taxonomy":"product_brand","embeddable":true,"href":"https:\/\/ibemf.org.br\/index.php\/wp-json\/wp\/v2\/product_brand?post=1590"},{"taxonomy":"product_cat","embeddable":true,"href":"https:\/\/ibemf.org.br\/index.php\/wp-json\/wp\/v2\/product_cat?post=1590"},{"taxonomy":"product_tag","embeddable":true,"href":"https:\/\/ibemf.org.br\/index.php\/wp-json\/wp\/v2\/product_tag?post=1590"}],"curies":[{"name":"wp","href":"https:\/\/api.w.org\/{rel}","templated":true}]}}