{"id":1594,"date":"2026-01-22T12:26:33","date_gmt":"2026-01-22T15:26:33","guid":{"rendered":"https:\/\/ibemf.org.br\/?post_type=product&#038;p=1594"},"modified":"2026-01-22T12:31:02","modified_gmt":"2026-01-22T15:31:02","slug":"analise-fundamentalista","status":"publish","type":"product","link":"https:\/\/ibemf.org.br\/index.php\/produto\/analise-fundamentalista\/","title":{"rendered":"An\u00e1lise Fundamentalista"},"content":{"rendered":"<h3 data-start=\"257\" data-end=\"284\">An\u00e1lise Fundamentalista<\/h3>\n<p data-start=\"286\" data-end=\"637\">O curso de <strong data-start=\"297\" data-end=\"324\">An\u00e1lise Fundamentalista<\/strong> foi desenvolvido para investidores que desejam sair do \u201cachismo\u201d e, assim, fundamentar suas decis\u00f5es em dados s\u00f3lidos. Dessa forma, ao longo do curso, o aluno aprende a avaliar a sa\u00fade financeira das empresas, entender o valor justo de um ativo e estruturar uma estrat\u00e9gia de investimento de longo prazo.<\/p>\n<p data-start=\"639\" data-end=\"906\">Al\u00e9m disso, o conte\u00fado permite compreender o potencial de crescimento dos neg\u00f3cios analisados. Com isso, o investidor passa a tomar decis\u00f5es mais conscientes, baseadas em fundamentos econ\u00f4micos e financeiros, e n\u00e3o apenas em oscila\u00e7\u00f5es moment\u00e2neas do mercado.<\/p>\n<hr data-start=\"908\" data-end=\"911\" \/>\n<h3 data-start=\"913\" data-end=\"934\">Objetivo do Curso<\/h3>\n<p data-start=\"936\" data-end=\"1230\">O objetivo principal do curso de <strong data-start=\"969\" data-end=\"996\">An\u00e1lise Fundamentalista<\/strong> \u00e9 capacitar o investidor a identificar o valor intr\u00ednseco de uma empresa. Desse modo, ele passa a tomar decis\u00f5es de investimento mais seguras, sustentadas pela an\u00e1lise da sa\u00fade financeira e do potencial de crescimento do neg\u00f3cio.<\/p>\n<p data-start=\"1232\" data-end=\"1476\">Em vez disso, de seguir movimentos de curto prazo ou tend\u00eancias passageiras, o aluno aprende a investir com base em dados, indicadores e fundamentos s\u00f3lidos. Portanto, o foco est\u00e1 na constru\u00e7\u00e3o de uma vis\u00e3o estrat\u00e9gica e de longo prazo.<\/p>\n<hr data-start=\"1478\" data-end=\"1481\" \/>\n<h3 data-start=\"1483\" data-end=\"1499\">P\u00fablico-Alvo<\/h3>\n<p data-start=\"1501\" data-end=\"1726\">O curso \u00e9 indicado para profissionais que desejam aprender a investir no mercado de a\u00e7\u00f5es. Al\u00e9m disso, tamb\u00e9m \u00e9 ideal para pessoas que buscam aplicar os conceitos da An\u00e1lise Fundamentalista em seus investimentos pessoais.<\/p>\n<p data-start=\"1728\" data-end=\"1868\">Independentemente do n\u00edvel de experi\u00eancia, o conte\u00fado foi estruturado para facilitar o entendimento e a aplica\u00e7\u00e3o pr\u00e1tica dos conceitos.<\/p>\n<hr data-start=\"1870\" data-end=\"1873\" \/>\n<h3 data-start=\"1875\" data-end=\"1900\">Conte\u00fado Program\u00e1tico<\/h3>\n<p data-start=\"1902\" data-end=\"1948\">O conte\u00fado do curso aborda os seguintes temas:<\/p>\n<ul data-start=\"1950\" data-end=\"2292\">\n<li data-start=\"1950\" data-end=\"1970\">\n<p data-start=\"1952\" data-end=\"1970\">O que \u00e9 uma a\u00e7\u00e3o<\/p>\n<\/li>\n<li data-start=\"1971\" data-end=\"2018\">\n<p data-start=\"1973\" data-end=\"2018\">Principais direitos e proventos de uma a\u00e7\u00e3o<\/p>\n<\/li>\n<li data-start=\"2019\" data-end=\"2051\">\n<p data-start=\"2021\" data-end=\"2051\">Oferta P\u00fablica Inicial (IPO)<\/p>\n<\/li>\n<li data-start=\"2052\" data-end=\"2084\">\n<p data-start=\"2054\" data-end=\"2084\">Renda fixa vs renda vari\u00e1vel<\/p>\n<\/li>\n<li data-start=\"2085\" data-end=\"2126\">\n<p data-start=\"2087\" data-end=\"2126\">Abordagens da An\u00e1lise Fundamentalista<\/p>\n<\/li>\n<li data-start=\"2127\" data-end=\"2163\">\n<p data-start=\"2129\" data-end=\"2163\">\u00cdndices, indicadores e m\u00faltiplos<\/p>\n<\/li>\n<li data-start=\"2164\" data-end=\"2205\">\n<p data-start=\"2166\" data-end=\"2205\">M\u00e9todos de valuation: Value Investing<\/p>\n<\/li>\n<li data-start=\"2206\" data-end=\"2233\">\n<p data-start=\"2208\" data-end=\"2233\">Quando comprar uma a\u00e7\u00e3o<\/p>\n<\/li>\n<li data-start=\"2234\" data-end=\"2260\">\n<p data-start=\"2236\" data-end=\"2260\">Quando vender uma a\u00e7\u00e3o<\/p>\n<\/li>\n<li data-start=\"2261\" data-end=\"2292\">\n<p data-start=\"2263\" data-end=\"2292\">IPO: comprar ou n\u00e3o comprar<\/p>\n<\/li>\n<\/ul>\n<hr data-start=\"2428\" data-end=\"2431\" \/>\n<h3 data-start=\"2433\" data-end=\"2453\">Formato do Curso<\/h3>\n<ul data-start=\"2564\" data-end=\"2729\">\n<li data-start=\"2564\" data-end=\"2605\">\n<p data-start=\"2566\" data-end=\"2605\"><strong data-start=\"2566\" data-end=\"2595\">Carga hor\u00e1ria aproximada:<\/strong> 2 horas<\/p>\n<\/li>\n<li data-start=\"2606\" data-end=\"2637\">\n<p data-start=\"2608\" data-end=\"2637\"><strong data-start=\"2608\" data-end=\"2623\">Modalidade:<\/strong> 100% online<\/p>\n<\/li>\n<li data-start=\"2638\" data-end=\"2729\">\n<p data-start=\"2640\" data-end=\"2729\"><strong data-start=\"2640\" data-end=\"2664\">Acesso \u00e0 plataforma:<\/strong> 90 dias, com aulas gravadas para assistir quando e onde quiser<\/p>\n<\/li>\n<\/ul>\n","protected":false},"excerpt":{"rendered":"<p>An\u00e1lise Fundamentalista O curso de An\u00e1lise Fundamentalista foi desenvolvido para investidores que desejam sair do \u201cachismo\u201d e, assim, fundamentar suas decis\u00f5es em dados s\u00f3lidos. Dessa forma, ao longo do curso, o aluno aprende a avaliar a sa\u00fade financeira das empresas, entender o valor justo de um ativo e estruturar uma estrat\u00e9gia de investimento de longo [&hellip;]<\/p>\n","protected":false},"featured_media":1591,"comment_status":"open","ping_status":"closed","template":"","meta":{"_joinchat":[]},"product_brand":[],"product_cat":[26],"product_tag":[],"class_list":{"0":"post-1594","1":"product","2":"type-product","3":"status-publish","4":"has-post-thumbnail","6":"product_cat-cursos-online","8":"first","9":"instock","10":"taxable","11":"shipping-taxable","12":"purchasable","13":"product-type-simple"},"yoast_head":"<!-- This site is optimized with the Yoast SEO Premium plugin v26.9 (Yoast SEO v26.9) - https:\/\/yoast.com\/product\/yoast-seo-premium-wordpress\/ -->\n<title>An\u00e1lise Fundamentalista - IBEMF - Cursos Certifica\u00e7\u00f5es e Forma\u00e7\u00f5es<\/title>\n<meta name=\"description\" content=\"Curso de An\u00e1lise Fundamentalista para aprender a avaliar empresas, identificar o valor justo dos ativos e investir com base em dados e fundamentos s\u00f3lidos.\" \/>\n<meta name=\"robots\" content=\"index, follow, max-snippet:-1, max-image-preview:large, max-video-preview:-1\" \/>\n<link rel=\"canonical\" href=\"https:\/\/ibemf.org.br\/index.php\/produto\/analise-fundamentalista\/\" \/>\n<meta property=\"og:locale\" content=\"pt_BR\" \/>\n<meta property=\"og:type\" content=\"article\" \/>\n<meta property=\"og:title\" content=\"An\u00e1lise Fundamentalista\" \/>\n<meta property=\"og:description\" content=\"Curso de An\u00e1lise Fundamentalista para aprender a avaliar empresas, identificar o valor justo dos ativos e investir com base em dados e fundamentos s\u00f3lidos.\" \/>\n<meta property=\"og:url\" content=\"https:\/\/ibemf.org.br\/index.php\/produto\/analise-fundamentalista\/\" \/>\n<meta property=\"og:site_name\" content=\"IBEMF - Cursos Certifica\u00e7\u00f5es e Forma\u00e7\u00f5es\" \/>\n<meta property=\"article:publisher\" content=\"https:\/\/www.facebook.com\/ibemfrj\" \/>\n<meta property=\"article:modified_time\" content=\"2026-01-22T15:31:02+00:00\" \/>\n<meta property=\"og:image\" content=\"https:\/\/ibemf.org.br\/wp-content\/uploads\/2026\/01\/Analise-Fundamentalista.png\" \/>\n\t<meta property=\"og:image:width\" content=\"810\" \/>\n\t<meta property=\"og:image:height\" content=\"810\" \/>\n\t<meta property=\"og:image:type\" content=\"image\/png\" \/>\n<meta name=\"twitter:card\" content=\"summary_large_image\" \/>\n<meta name=\"twitter:label1\" content=\"Est. tempo de leitura\" \/>\n\t<meta name=\"twitter:data1\" content=\"2 minutos\" \/>\n<script type=\"application\/ld+json\" class=\"yoast-schema-graph\">{\"@context\":\"https:\/\/schema.org\",\"@graph\":[{\"@type\":\"WebPage\",\"@id\":\"https:\/\/ibemf.org.br\/index.php\/produto\/analise-fundamentalista\/\",\"url\":\"https:\/\/ibemf.org.br\/index.php\/produto\/analise-fundamentalista\/\",\"name\":\"An\u00e1lise Fundamentalista - IBEMF - Cursos Certifica\u00e7\u00f5es e Forma\u00e7\u00f5es\",\"isPartOf\":{\"@id\":\"https:\/\/ibemf.org.br\/#website\"},\"primaryImageOfPage\":{\"@id\":\"https:\/\/ibemf.org.br\/index.php\/produto\/analise-fundamentalista\/#primaryimage\"},\"image\":{\"@id\":\"https:\/\/ibemf.org.br\/index.php\/produto\/analise-fundamentalista\/#primaryimage\"},\"thumbnailUrl\":\"https:\/\/ibemf.org.br\/wp-content\/uploads\/2026\/01\/Analise-Fundamentalista.png\",\"datePublished\":\"2026-01-22T15:26:33+00:00\",\"dateModified\":\"2026-01-22T15:31:02+00:00\",\"description\":\"Curso de An\u00e1lise Fundamentalista para aprender a avaliar empresas, identificar o valor justo dos ativos e investir com base em dados e fundamentos s\u00f3lidos.\",\"breadcrumb\":{\"@id\":\"https:\/\/ibemf.org.br\/index.php\/produto\/analise-fundamentalista\/#breadcrumb\"},\"inLanguage\":\"pt-BR\",\"potentialAction\":[{\"@type\":\"ReadAction\",\"target\":[\"https:\/\/ibemf.org.br\/index.php\/produto\/analise-fundamentalista\/\"]}]},{\"@type\":\"ImageObject\",\"inLanguage\":\"pt-BR\",\"@id\":\"https:\/\/ibemf.org.br\/index.php\/produto\/analise-fundamentalista\/#primaryimage\",\"url\":\"https:\/\/ibemf.org.br\/wp-content\/uploads\/2026\/01\/Analise-Fundamentalista.png\",\"contentUrl\":\"https:\/\/ibemf.org.br\/wp-content\/uploads\/2026\/01\/Analise-Fundamentalista.png\",\"width\":810,\"height\":810,\"caption\":\"AN\u00c1LISE FUNDAMENTALISTA\"},{\"@type\":\"BreadcrumbList\",\"@id\":\"https:\/\/ibemf.org.br\/index.php\/produto\/analise-fundamentalista\/#breadcrumb\",\"itemListElement\":[{\"@type\":\"ListItem\",\"position\":1,\"name\":\"In\u00edcio\",\"item\":\"https:\/\/ibemf.org.br\/\"},{\"@type\":\"ListItem\",\"position\":2,\"name\":\"Loja\",\"item\":\"https:\/\/ibemf.org.br\/index.php\/loja\/\"},{\"@type\":\"ListItem\",\"position\":3,\"name\":\"An\u00e1lise Fundamentalista\"}]},{\"@type\":\"WebSite\",\"@id\":\"https:\/\/ibemf.org.br\/#website\",\"url\":\"https:\/\/ibemf.org.br\/\",\"name\":\"IBEMF - Cursos Certifica\u00e7\u00f5es e Forma\u00e7\u00f5es\",\"description\":\"\",\"publisher\":{\"@id\":\"https:\/\/ibemf.org.br\/#organization\"},\"potentialAction\":[{\"@type\":\"SearchAction\",\"target\":{\"@type\":\"EntryPoint\",\"urlTemplate\":\"https:\/\/ibemf.org.br\/?s={search_term_string}\"},\"query-input\":{\"@type\":\"PropertyValueSpecification\",\"valueRequired\":true,\"valueName\":\"search_term_string\"}}],\"inLanguage\":\"pt-BR\"},{\"@type\":\"Organization\",\"@id\":\"https:\/\/ibemf.org.br\/#organization\",\"name\":\"IBEMF - Cursos Certifica\u00e7\u00f5es e Forma\u00e7\u00f5es\",\"url\":\"https:\/\/ibemf.org.br\/\",\"logo\":{\"@type\":\"ImageObject\",\"inLanguage\":\"pt-BR\",\"@id\":\"https:\/\/ibemf.org.br\/#\/schema\/logo\/image\/\",\"url\":\"https:\/\/novo.ibemf.org.br\/wp-content\/uploads\/2024\/07\/logo_ibemfxselo.png\",\"contentUrl\":\"https:\/\/novo.ibemf.org.br\/wp-content\/uploads\/2024\/07\/logo_ibemfxselo.png\",\"width\":200,\"height\":199,\"caption\":\"IBEMF - Cursos Certifica\u00e7\u00f5es e Forma\u00e7\u00f5es\"},\"image\":{\"@id\":\"https:\/\/ibemf.org.br\/#\/schema\/logo\/image\/\"},\"sameAs\":[\"https:\/\/www.facebook.com\/ibemfrj\",\"https:\/\/www.instagram.com\/ibemf.investeduc?utm_source=ig_web_button_share_sheet&igsh=ZDNlZDc0MzIxNw\",\"https:\/\/www.linkedin.com\/in\/ibemf-instituto-brasileiro-de-estudos-para-o-mercado-financeiro-26430220b\/\"]}]}<\/script>\n<!-- \/ Yoast SEO Premium plugin. -->","yoast_head_json":{"title":"An\u00e1lise Fundamentalista - IBEMF - Cursos Certifica\u00e7\u00f5es e Forma\u00e7\u00f5es","description":"Curso de An\u00e1lise Fundamentalista para aprender a avaliar empresas, identificar o valor justo dos ativos e investir com base em dados e fundamentos s\u00f3lidos.","robots":{"index":"index","follow":"follow","max-snippet":"max-snippet:-1","max-image-preview":"max-image-preview:large","max-video-preview":"max-video-preview:-1"},"canonical":"https:\/\/ibemf.org.br\/index.php\/produto\/analise-fundamentalista\/","og_locale":"pt_BR","og_type":"article","og_title":"An\u00e1lise Fundamentalista","og_description":"Curso de An\u00e1lise Fundamentalista para aprender a avaliar empresas, identificar o valor justo dos ativos e investir com base em dados e fundamentos s\u00f3lidos.","og_url":"https:\/\/ibemf.org.br\/index.php\/produto\/analise-fundamentalista\/","og_site_name":"IBEMF - Cursos Certifica\u00e7\u00f5es e Forma\u00e7\u00f5es","article_publisher":"https:\/\/www.facebook.com\/ibemfrj","article_modified_time":"2026-01-22T15:31:02+00:00","og_image":[{"width":810,"height":810,"url":"https:\/\/ibemf.org.br\/wp-content\/uploads\/2026\/01\/Analise-Fundamentalista.png","type":"image\/png"}],"twitter_card":"summary_large_image","twitter_misc":{"Est. tempo de leitura":"2 minutos"},"schema":{"@context":"https:\/\/schema.org","@graph":[{"@type":"WebPage","@id":"https:\/\/ibemf.org.br\/index.php\/produto\/analise-fundamentalista\/","url":"https:\/\/ibemf.org.br\/index.php\/produto\/analise-fundamentalista\/","name":"An\u00e1lise Fundamentalista - IBEMF - Cursos Certifica\u00e7\u00f5es e Forma\u00e7\u00f5es","isPartOf":{"@id":"https:\/\/ibemf.org.br\/#website"},"primaryImageOfPage":{"@id":"https:\/\/ibemf.org.br\/index.php\/produto\/analise-fundamentalista\/#primaryimage"},"image":{"@id":"https:\/\/ibemf.org.br\/index.php\/produto\/analise-fundamentalista\/#primaryimage"},"thumbnailUrl":"https:\/\/ibemf.org.br\/wp-content\/uploads\/2026\/01\/Analise-Fundamentalista.png","datePublished":"2026-01-22T15:26:33+00:00","dateModified":"2026-01-22T15:31:02+00:00","description":"Curso de An\u00e1lise Fundamentalista para aprender a avaliar empresas, identificar o valor justo dos ativos e investir com base em dados e fundamentos s\u00f3lidos.","breadcrumb":{"@id":"https:\/\/ibemf.org.br\/index.php\/produto\/analise-fundamentalista\/#breadcrumb"},"inLanguage":"pt-BR","potentialAction":[{"@type":"ReadAction","target":["https:\/\/ibemf.org.br\/index.php\/produto\/analise-fundamentalista\/"]}]},{"@type":"ImageObject","inLanguage":"pt-BR","@id":"https:\/\/ibemf.org.br\/index.php\/produto\/analise-fundamentalista\/#primaryimage","url":"https:\/\/ibemf.org.br\/wp-content\/uploads\/2026\/01\/Analise-Fundamentalista.png","contentUrl":"https:\/\/ibemf.org.br\/wp-content\/uploads\/2026\/01\/Analise-Fundamentalista.png","width":810,"height":810,"caption":"AN\u00c1LISE FUNDAMENTALISTA"},{"@type":"BreadcrumbList","@id":"https:\/\/ibemf.org.br\/index.php\/produto\/analise-fundamentalista\/#breadcrumb","itemListElement":[{"@type":"ListItem","position":1,"name":"In\u00edcio","item":"https:\/\/ibemf.org.br\/"},{"@type":"ListItem","position":2,"name":"Loja","item":"https:\/\/ibemf.org.br\/index.php\/loja\/"},{"@type":"ListItem","position":3,"name":"An\u00e1lise Fundamentalista"}]},{"@type":"WebSite","@id":"https:\/\/ibemf.org.br\/#website","url":"https:\/\/ibemf.org.br\/","name":"IBEMF - Cursos Certifica\u00e7\u00f5es e Forma\u00e7\u00f5es","description":"","publisher":{"@id":"https:\/\/ibemf.org.br\/#organization"},"potentialAction":[{"@type":"SearchAction","target":{"@type":"EntryPoint","urlTemplate":"https:\/\/ibemf.org.br\/?s={search_term_string}"},"query-input":{"@type":"PropertyValueSpecification","valueRequired":true,"valueName":"search_term_string"}}],"inLanguage":"pt-BR"},{"@type":"Organization","@id":"https:\/\/ibemf.org.br\/#organization","name":"IBEMF - Cursos Certifica\u00e7\u00f5es e Forma\u00e7\u00f5es","url":"https:\/\/ibemf.org.br\/","logo":{"@type":"ImageObject","inLanguage":"pt-BR","@id":"https:\/\/ibemf.org.br\/#\/schema\/logo\/image\/","url":"https:\/\/novo.ibemf.org.br\/wp-content\/uploads\/2024\/07\/logo_ibemfxselo.png","contentUrl":"https:\/\/novo.ibemf.org.br\/wp-content\/uploads\/2024\/07\/logo_ibemfxselo.png","width":200,"height":199,"caption":"IBEMF - Cursos Certifica\u00e7\u00f5es e Forma\u00e7\u00f5es"},"image":{"@id":"https:\/\/ibemf.org.br\/#\/schema\/logo\/image\/"},"sameAs":["https:\/\/www.facebook.com\/ibemfrj","https:\/\/www.instagram.com\/ibemf.investeduc?utm_source=ig_web_button_share_sheet&igsh=ZDNlZDc0MzIxNw","https:\/\/www.linkedin.com\/in\/ibemf-instituto-brasileiro-de-estudos-para-o-mercado-financeiro-26430220b\/"]}]}},"_links":{"self":[{"href":"https:\/\/ibemf.org.br\/index.php\/wp-json\/wp\/v2\/product\/1594","targetHints":{"allow":["GET"]}}],"collection":[{"href":"https:\/\/ibemf.org.br\/index.php\/wp-json\/wp\/v2\/product"}],"about":[{"href":"https:\/\/ibemf.org.br\/index.php\/wp-json\/wp\/v2\/types\/product"}],"replies":[{"embeddable":true,"href":"https:\/\/ibemf.org.br\/index.php\/wp-json\/wp\/v2\/comments?post=1594"}],"wp:featuredmedia":[{"embeddable":true,"href":"https:\/\/ibemf.org.br\/index.php\/wp-json\/wp\/v2\/media\/1591"}],"wp:attachment":[{"href":"https:\/\/ibemf.org.br\/index.php\/wp-json\/wp\/v2\/media?parent=1594"}],"wp:term":[{"taxonomy":"product_brand","embeddable":true,"href":"https:\/\/ibemf.org.br\/index.php\/wp-json\/wp\/v2\/product_brand?post=1594"},{"taxonomy":"product_cat","embeddable":true,"href":"https:\/\/ibemf.org.br\/index.php\/wp-json\/wp\/v2\/product_cat?post=1594"},{"taxonomy":"product_tag","embeddable":true,"href":"https:\/\/ibemf.org.br\/index.php\/wp-json\/wp\/v2\/product_tag?post=1594"}],"curies":[{"name":"wp","href":"https:\/\/api.w.org\/{rel}","templated":true}]}}