{"id":924,"date":"2025-09-08T17:29:54","date_gmt":"2025-09-08T17:29:54","guid":{"rendered":"https:\/\/novo.ibemf.org.br\/?post_type=product&#038;p=924"},"modified":"2025-10-13T12:20:24","modified_gmt":"2025-10-13T15:20:24","slug":"cfp-online","status":"publish","type":"product","link":"https:\/\/ibemf.org.br\/index.php\/produto\/cfp-online\/","title":{"rendered":"CFP\u00ae &#8211; ONLINE"},"content":{"rendered":"<p>O planejador financeiro\u00a0<strong>Certified Financial Planner \u2013 CFP\u00ae Online <\/strong>\u00e9 um multi-especialista com vis\u00e3o estrat\u00e9gica al\u00e9m de conhecimentos de administra\u00e7\u00e3o de investimentos bem como gerenciamento de riscos atrelado a\u00a0 previd\u00eancia complementar, seguros, planejamento financeiro e tamb\u00e9m fiscal e sucess\u00f3rio.<\/p>\n<p>No entanto, para se tornar um planejador financeiro certificado e obter o direito de uso das marcas CFP\u00ae , dessa forma, o profissional deve comprovar conhecimentos t\u00e9cnicos, forma\u00e7\u00e3o, experi\u00eancia profissional e postura \u00e9tica e para manter a certifica\u00e7\u00e3o, este profissional dever\u00e1 permanecer em cont\u00ednuo aperfei\u00e7oamento.<\/p>\n<p>&nbsp;<\/p>\n<p><strong>Conte\u00fado do curso para certificado CFP\u00ae Online<\/strong><strong>:\u00a0<\/strong><\/p>\n<p>M\u00f3dulos:<\/p>\n<ul>\n<li>I \u2013 Planejamento Financeiro (38% at\u00e9 46%)<\/li>\n<li>\u00a0II \u2013 Gest\u00e3o de Ativos e Investimentos (15% at\u00e9 19%)<\/li>\n<li>\u00a0III \u2013 Planejamento de Aposentadoria (9% at\u00e9 13%)<\/li>\n<li>\u00a0IV \u2013 Gest\u00e3o de Risco e Seguros (9% at\u00e9 13%)<\/li>\n<li>\u00a0V \u2013 Planejamento Tribut\u00e1rio (8% at\u00e9 12%)<\/li>\n<li>\u00a0VI \u2013 Planejamento Sucess\u00f3rio (7% at\u00e9 11%)<\/li>\n<\/ul>\n<p>&nbsp;<\/p>\n<p>O Instituto Brasileiro de Estudos para o Mercado Financeiro (IBEMF) tem abrang\u00eancia nacional al\u00e9m disso, suas atividades visam a forma\u00e7\u00e3o, certifica\u00e7\u00f5es como por exemplo Certified Financial Planner \u2013 CFP\u00a0 a\u00e9m de capacita\u00e7\u00f5es de profissionais j\u00e1 atuantes e por atuar em quaisquer dos segmentos do mercado financeiro brasileiro.<\/p>\n","protected":false},"excerpt":{"rendered":"<p>O planejador financeiro\u00a0Certified Financial Planner \u2013 CFP\u00ae Online \u00e9 um multi-especialista com vis\u00e3o estrat\u00e9gica al\u00e9m de conhecimentos de administra\u00e7\u00e3o de investimentos bem como gerenciamento de riscos atrelado a\u00a0 previd\u00eancia complementar, seguros, planejamento financeiro e tamb\u00e9m fiscal e sucess\u00f3rio. No entanto, para se tornar um planejador financeiro certificado e obter o direito de uso das marcas [&hellip;]<\/p>\n","protected":false},"featured_media":967,"comment_status":"open","ping_status":"closed","template":"","meta":{"_joinchat":[]},"product_brand":[],"product_cat":[26,44],"product_tag":[],"class_list":{"0":"post-924","1":"product","2":"type-product","3":"status-publish","4":"has-post-thumbnail","6":"product_cat-cursos-online","7":"product_cat-loja","9":"first","10":"instock","11":"taxable","12":"shipping-taxable","13":"purchasable","14":"product-type-simple"},"yoast_head":"<!-- This site is optimized with the Yoast SEO Premium plugin v26.9 (Yoast SEO v26.9) - https:\/\/yoast.com\/product\/yoast-seo-premium-wordpress\/ -->\n<title>CFP\u00ae ONLINE - IBEMF - Cursos Certifica\u00e7\u00f5es e Forma\u00e7\u00f5es<\/title>\n<meta name=\"description\" content=\"CFP\u00ae Online capacita profissionais para se tornar Certified Financial Planner em investimentos, riscos, previd\u00eancia e planejamento financeiro.\" \/>\n<meta name=\"robots\" content=\"index, follow, max-snippet:-1, max-image-preview:large, max-video-preview:-1\" \/>\n<link rel=\"canonical\" href=\"https:\/\/ibemf.org.br\/index.php\/produto\/cfp-online\/\" \/>\n<meta property=\"og:locale\" content=\"pt_BR\" \/>\n<meta property=\"og:type\" content=\"article\" \/>\n<meta property=\"og:title\" content=\"CFP\u00ae - ONLINE\" \/>\n<meta property=\"og:description\" content=\"CFP\u00ae Online capacita profissionais para se tornar Certified Financial Planner em investimentos, riscos, previd\u00eancia e planejamento financeiro.\" \/>\n<meta property=\"og:url\" content=\"https:\/\/ibemf.org.br\/index.php\/produto\/cfp-online\/\" \/>\n<meta property=\"og:site_name\" content=\"IBEMF - Cursos Certifica\u00e7\u00f5es e Forma\u00e7\u00f5es\" \/>\n<meta property=\"article:publisher\" content=\"https:\/\/www.facebook.com\/ibemfrj\" \/>\n<meta property=\"article:modified_time\" content=\"2025-10-13T15:20:24+00:00\" \/>\n<meta property=\"og:image\" content=\"https:\/\/ibemf.org.br\/wp-content\/uploads\/2025\/09\/cfp-online.jpg\" \/>\n\t<meta property=\"og:image:width\" content=\"1080\" \/>\n\t<meta property=\"og:image:height\" content=\"1080\" \/>\n\t<meta property=\"og:image:type\" content=\"image\/jpeg\" \/>\n<meta name=\"twitter:card\" content=\"summary_large_image\" \/>\n<meta name=\"twitter:label1\" content=\"Est. tempo de leitura\" \/>\n\t<meta name=\"twitter:data1\" content=\"2 minutos\" \/>\n<script type=\"application\/ld+json\" class=\"yoast-schema-graph\">{\"@context\":\"https:\/\/schema.org\",\"@graph\":[{\"@type\":\"WebPage\",\"@id\":\"https:\/\/ibemf.org.br\/index.php\/produto\/cfp-online\/\",\"url\":\"https:\/\/ibemf.org.br\/index.php\/produto\/cfp-online\/\",\"name\":\"CFP\u00ae ONLINE - IBEMF - Cursos Certifica\u00e7\u00f5es e Forma\u00e7\u00f5es\",\"isPartOf\":{\"@id\":\"https:\/\/ibemf.org.br\/#website\"},\"primaryImageOfPage\":{\"@id\":\"https:\/\/ibemf.org.br\/index.php\/produto\/cfp-online\/#primaryimage\"},\"image\":{\"@id\":\"https:\/\/ibemf.org.br\/index.php\/produto\/cfp-online\/#primaryimage\"},\"thumbnailUrl\":\"https:\/\/ibemf.org.br\/wp-content\/uploads\/2025\/09\/cfp-online.jpg\",\"datePublished\":\"2025-09-08T17:29:54+00:00\",\"dateModified\":\"2025-10-13T15:20:24+00:00\",\"description\":\"CFP\u00ae Online capacita profissionais para se tornar Certified Financial Planner em investimentos, riscos, previd\u00eancia e planejamento financeiro.\",\"breadcrumb\":{\"@id\":\"https:\/\/ibemf.org.br\/index.php\/produto\/cfp-online\/#breadcrumb\"},\"inLanguage\":\"pt-BR\",\"potentialAction\":[{\"@type\":\"ReadAction\",\"target\":[\"https:\/\/ibemf.org.br\/index.php\/produto\/cfp-online\/\"]}]},{\"@type\":\"ImageObject\",\"inLanguage\":\"pt-BR\",\"@id\":\"https:\/\/ibemf.org.br\/index.php\/produto\/cfp-online\/#primaryimage\",\"url\":\"https:\/\/ibemf.org.br\/wp-content\/uploads\/2025\/09\/cfp-online.jpg\",\"contentUrl\":\"https:\/\/ibemf.org.br\/wp-content\/uploads\/2025\/09\/cfp-online.jpg\",\"width\":1080,\"height\":1080,\"caption\":\"CFP\u00ae - ONLINE\"},{\"@type\":\"BreadcrumbList\",\"@id\":\"https:\/\/ibemf.org.br\/index.php\/produto\/cfp-online\/#breadcrumb\",\"itemListElement\":[{\"@type\":\"ListItem\",\"position\":1,\"name\":\"In\u00edcio\",\"item\":\"https:\/\/ibemf.org.br\/\"},{\"@type\":\"ListItem\",\"position\":2,\"name\":\"Loja\",\"item\":\"https:\/\/ibemf.org.br\/index.php\/loja\/\"},{\"@type\":\"ListItem\",\"position\":3,\"name\":\"CFP\u00ae &#8211; ONLINE\"}]},{\"@type\":\"WebSite\",\"@id\":\"https:\/\/ibemf.org.br\/#website\",\"url\":\"https:\/\/ibemf.org.br\/\",\"name\":\"IBEMF - Cursos Certifica\u00e7\u00f5es e Forma\u00e7\u00f5es\",\"description\":\"\",\"publisher\":{\"@id\":\"https:\/\/ibemf.org.br\/#organization\"},\"potentialAction\":[{\"@type\":\"SearchAction\",\"target\":{\"@type\":\"EntryPoint\",\"urlTemplate\":\"https:\/\/ibemf.org.br\/?s={search_term_string}\"},\"query-input\":{\"@type\":\"PropertyValueSpecification\",\"valueRequired\":true,\"valueName\":\"search_term_string\"}}],\"inLanguage\":\"pt-BR\"},{\"@type\":\"Organization\",\"@id\":\"https:\/\/ibemf.org.br\/#organization\",\"name\":\"IBEMF - Cursos Certifica\u00e7\u00f5es e Forma\u00e7\u00f5es\",\"url\":\"https:\/\/ibemf.org.br\/\",\"logo\":{\"@type\":\"ImageObject\",\"inLanguage\":\"pt-BR\",\"@id\":\"https:\/\/ibemf.org.br\/#\/schema\/logo\/image\/\",\"url\":\"https:\/\/novo.ibemf.org.br\/wp-content\/uploads\/2024\/07\/logo_ibemfxselo.png\",\"contentUrl\":\"https:\/\/novo.ibemf.org.br\/wp-content\/uploads\/2024\/07\/logo_ibemfxselo.png\",\"width\":200,\"height\":199,\"caption\":\"IBEMF - Cursos Certifica\u00e7\u00f5es e Forma\u00e7\u00f5es\"},\"image\":{\"@id\":\"https:\/\/ibemf.org.br\/#\/schema\/logo\/image\/\"},\"sameAs\":[\"https:\/\/www.facebook.com\/ibemfrj\",\"https:\/\/www.instagram.com\/ibemf.investeduc?utm_source=ig_web_button_share_sheet&igsh=ZDNlZDc0MzIxNw\",\"https:\/\/www.linkedin.com\/in\/ibemf-instituto-brasileiro-de-estudos-para-o-mercado-financeiro-26430220b\/\"]}]}<\/script>\n<!-- \/ Yoast SEO Premium plugin. -->","yoast_head_json":{"title":"CFP\u00ae ONLINE - IBEMF - Cursos Certifica\u00e7\u00f5es e Forma\u00e7\u00f5es","description":"CFP\u00ae Online capacita profissionais para se tornar Certified Financial Planner em investimentos, riscos, previd\u00eancia e planejamento financeiro.","robots":{"index":"index","follow":"follow","max-snippet":"max-snippet:-1","max-image-preview":"max-image-preview:large","max-video-preview":"max-video-preview:-1"},"canonical":"https:\/\/ibemf.org.br\/index.php\/produto\/cfp-online\/","og_locale":"pt_BR","og_type":"article","og_title":"CFP\u00ae - ONLINE","og_description":"CFP\u00ae Online capacita profissionais para se tornar Certified Financial Planner em investimentos, riscos, previd\u00eancia e planejamento financeiro.","og_url":"https:\/\/ibemf.org.br\/index.php\/produto\/cfp-online\/","og_site_name":"IBEMF - Cursos Certifica\u00e7\u00f5es e Forma\u00e7\u00f5es","article_publisher":"https:\/\/www.facebook.com\/ibemfrj","article_modified_time":"2025-10-13T15:20:24+00:00","og_image":[{"width":1080,"height":1080,"url":"https:\/\/ibemf.org.br\/wp-content\/uploads\/2025\/09\/cfp-online.jpg","type":"image\/jpeg"}],"twitter_card":"summary_large_image","twitter_misc":{"Est. tempo de leitura":"2 minutos"},"schema":{"@context":"https:\/\/schema.org","@graph":[{"@type":"WebPage","@id":"https:\/\/ibemf.org.br\/index.php\/produto\/cfp-online\/","url":"https:\/\/ibemf.org.br\/index.php\/produto\/cfp-online\/","name":"CFP\u00ae ONLINE - IBEMF - Cursos Certifica\u00e7\u00f5es e Forma\u00e7\u00f5es","isPartOf":{"@id":"https:\/\/ibemf.org.br\/#website"},"primaryImageOfPage":{"@id":"https:\/\/ibemf.org.br\/index.php\/produto\/cfp-online\/#primaryimage"},"image":{"@id":"https:\/\/ibemf.org.br\/index.php\/produto\/cfp-online\/#primaryimage"},"thumbnailUrl":"https:\/\/ibemf.org.br\/wp-content\/uploads\/2025\/09\/cfp-online.jpg","datePublished":"2025-09-08T17:29:54+00:00","dateModified":"2025-10-13T15:20:24+00:00","description":"CFP\u00ae Online capacita profissionais para se tornar Certified Financial Planner em investimentos, riscos, previd\u00eancia e planejamento financeiro.","breadcrumb":{"@id":"https:\/\/ibemf.org.br\/index.php\/produto\/cfp-online\/#breadcrumb"},"inLanguage":"pt-BR","potentialAction":[{"@type":"ReadAction","target":["https:\/\/ibemf.org.br\/index.php\/produto\/cfp-online\/"]}]},{"@type":"ImageObject","inLanguage":"pt-BR","@id":"https:\/\/ibemf.org.br\/index.php\/produto\/cfp-online\/#primaryimage","url":"https:\/\/ibemf.org.br\/wp-content\/uploads\/2025\/09\/cfp-online.jpg","contentUrl":"https:\/\/ibemf.org.br\/wp-content\/uploads\/2025\/09\/cfp-online.jpg","width":1080,"height":1080,"caption":"CFP\u00ae - ONLINE"},{"@type":"BreadcrumbList","@id":"https:\/\/ibemf.org.br\/index.php\/produto\/cfp-online\/#breadcrumb","itemListElement":[{"@type":"ListItem","position":1,"name":"In\u00edcio","item":"https:\/\/ibemf.org.br\/"},{"@type":"ListItem","position":2,"name":"Loja","item":"https:\/\/ibemf.org.br\/index.php\/loja\/"},{"@type":"ListItem","position":3,"name":"CFP\u00ae &#8211; ONLINE"}]},{"@type":"WebSite","@id":"https:\/\/ibemf.org.br\/#website","url":"https:\/\/ibemf.org.br\/","name":"IBEMF - Cursos Certifica\u00e7\u00f5es e Forma\u00e7\u00f5es","description":"","publisher":{"@id":"https:\/\/ibemf.org.br\/#organization"},"potentialAction":[{"@type":"SearchAction","target":{"@type":"EntryPoint","urlTemplate":"https:\/\/ibemf.org.br\/?s={search_term_string}"},"query-input":{"@type":"PropertyValueSpecification","valueRequired":true,"valueName":"search_term_string"}}],"inLanguage":"pt-BR"},{"@type":"Organization","@id":"https:\/\/ibemf.org.br\/#organization","name":"IBEMF - Cursos Certifica\u00e7\u00f5es e Forma\u00e7\u00f5es","url":"https:\/\/ibemf.org.br\/","logo":{"@type":"ImageObject","inLanguage":"pt-BR","@id":"https:\/\/ibemf.org.br\/#\/schema\/logo\/image\/","url":"https:\/\/novo.ibemf.org.br\/wp-content\/uploads\/2024\/07\/logo_ibemfxselo.png","contentUrl":"https:\/\/novo.ibemf.org.br\/wp-content\/uploads\/2024\/07\/logo_ibemfxselo.png","width":200,"height":199,"caption":"IBEMF - Cursos Certifica\u00e7\u00f5es e Forma\u00e7\u00f5es"},"image":{"@id":"https:\/\/ibemf.org.br\/#\/schema\/logo\/image\/"},"sameAs":["https:\/\/www.facebook.com\/ibemfrj","https:\/\/www.instagram.com\/ibemf.investeduc?utm_source=ig_web_button_share_sheet&igsh=ZDNlZDc0MzIxNw","https:\/\/www.linkedin.com\/in\/ibemf-instituto-brasileiro-de-estudos-para-o-mercado-financeiro-26430220b\/"]}]}},"_links":{"self":[{"href":"https:\/\/ibemf.org.br\/index.php\/wp-json\/wp\/v2\/product\/924","targetHints":{"allow":["GET"]}}],"collection":[{"href":"https:\/\/ibemf.org.br\/index.php\/wp-json\/wp\/v2\/product"}],"about":[{"href":"https:\/\/ibemf.org.br\/index.php\/wp-json\/wp\/v2\/types\/product"}],"replies":[{"embeddable":true,"href":"https:\/\/ibemf.org.br\/index.php\/wp-json\/wp\/v2\/comments?post=924"}],"wp:featuredmedia":[{"embeddable":true,"href":"https:\/\/ibemf.org.br\/index.php\/wp-json\/wp\/v2\/media\/967"}],"wp:attachment":[{"href":"https:\/\/ibemf.org.br\/index.php\/wp-json\/wp\/v2\/media?parent=924"}],"wp:term":[{"taxonomy":"product_brand","embeddable":true,"href":"https:\/\/ibemf.org.br\/index.php\/wp-json\/wp\/v2\/product_brand?post=924"},{"taxonomy":"product_cat","embeddable":true,"href":"https:\/\/ibemf.org.br\/index.php\/wp-json\/wp\/v2\/product_cat?post=924"},{"taxonomy":"product_tag","embeddable":true,"href":"https:\/\/ibemf.org.br\/index.php\/wp-json\/wp\/v2\/product_tag?post=924"}],"curies":[{"name":"wp","href":"https:\/\/api.w.org\/{rel}","templated":true}]}}