{"id":929,"date":"2025-09-08T17:37:50","date_gmt":"2025-09-08T17:37:50","guid":{"rendered":"https:\/\/novo.ibemf.org.br\/?post_type=product&#038;p=929"},"modified":"2025-10-13T12:21:46","modified_gmt":"2025-10-13T15:21:46","slug":"pqo-b3-online","status":"publish","type":"product","link":"https:\/\/ibemf.org.br\/index.php\/produto\/pqo-b3-online\/","title":{"rendered":"PQO-B3 &#8211; ONLINE"},"content":{"rendered":"<p>O curso PQO-B3 Online tem como objetivo atestar o conhecimento dos profissionais que atuam em diversas \u00e1reas nos mercados administrados pela B3. Al\u00e9m disso, visa estabelecer um processo cont\u00ednuo de atualiza\u00e7\u00e3o de conhecimento destes profissionais, a fim de manter o elevado padr\u00e3o de qualidade operacional na ind\u00fastria de intermedia\u00e7\u00e3o. Portanto, qualquer profissional ou demais interessados podem obter Certifica\u00e7\u00f5es do PQO, independentemente de v\u00ednculo com um participante da B3, sendo assim , s\u00e3o \u00e1reas pass\u00edveis de certifica\u00e7\u00e3o: Opera\u00e7\u00f5es, Compliance como tamb\u00e9m Risco al\u00e9m de Comercial, Back Office, Liquida\u00e7\u00e3o, Cust\u00f3dia e Cadastro.<\/p>\n<h4>Categorias:<\/h4>\n<p>Comercial \u2013 todos os profissionais respons\u00e1veis pela distribui\u00e7\u00e3o dos produtos negociados em Bolsa, realizando trabalhos de prospec\u00e7\u00e3o de clientes que desejam operar nos mercados administrados pela Bolsa, sendo assim, aplica-se aos profissionais respons\u00e1veis pela distribui\u00e7\u00e3o dos produtos negociados por meio da B3.<\/p>\n<p>Compliance \u2013 profissionais respons\u00e1veis por instruir os colaboradores a respeito das exig\u00eancias do Programa de Compliance e dos controles internos, Ou seja,\u00a0compliance \u00e9 a linha mestra que guia o comportamento de uma empresa perante o mercado em que atua.<\/p>\n<p>Opera\u00e7\u00f5es \u2013 profissionais, terceirizados ou n\u00e3o, que atendam clientes e cuja fun\u00e7\u00e3o seja a intermedia\u00e7\u00e3o de opera\u00e7\u00f5es (em mesas de opera\u00e7\u00e3o ou n\u00e3o) nos mercados administrados pela Bolsa.<\/p>\n<p>Risco \u2013 profissionais respons\u00e1veis pelo monitoramento do risco nas opera\u00e7\u00f5es com produtos negociados em Bolsa, portanto\u00a0 aplica-se aos profissionais respons\u00e1veis pelo monitoramento do risco nas opera\u00e7\u00f5es realizadas nos mercados e sistemas da B3.<\/p>\n<p>Cust\u00f3dia \u2013 Aplica-se aos profissionais de back office que realizam apenas atividades relativas \u00e0 cust\u00f3dia nos respectivos sistemas da B3.<\/p>\n<p>Back Office \u2013todos os profissionais respons\u00e1veis pelas atividades de liquida\u00e7\u00e3o, sistema de garantia, cust\u00f3dia e cadastro das opera\u00e7\u00f5es realizadas nos mercados administrados pela Bolsa. Em outras palavras, fun\u00e7\u00f5es que, por exemplo, fazem parte dessa certifica\u00e7\u00e3o: Gerente de Back Office; Funcion\u00e1rio de Back Office e Funcion\u00e1rio de Cust\u00f3dia.<\/p>\n<p>Liquida\u00e7\u00e3o \u2013 Aplica-se aos profissionais de back office que realizam apenas atividades relativas \u00e0 liquida\u00e7\u00e3o das opera\u00e7\u00f5es realizadas nos respectivos ambientes da B3.<\/p>\n<p>Registro \u2013 Aplica-se aos profissionais de back office que realizam apenas atividades relativas ao registro das opera\u00e7\u00f5es realizadas nos ambientes da B3.<\/p>\n<p>Cadastro de Clientes \u2013 Aplica-se aos profissionais respons\u00e1veis por procedimentos de cadastro de clientes do participante.<\/p>\n<h3><strong>Conte\u00fado do Curso para Certifica\u00e7\u00e3o PQO-B3\u00a0 (Programa de Qualifica\u00e7\u00e3o Operacional):\u00a0<\/strong><\/h3>\n<h5>Cap\u00edtulos:<\/h5>\n<p>1: Sistema Financeiro Nacional\u00a0 e Mercado de Capitais<\/p>\n<p>2: Infraestrutura\u00a0 do Sistema Financeiro<\/p>\n<p>3: A B3 no Mercado Financeiro de de Capitais<\/p>\n<p>4: Mercado de renda variavel<\/p>\n<p>5: Mercado derivativos Financeiros e de Commodities<\/p>\n<p>6: Mercado de renda Fixa<\/p>\n<p>7: Mercado de Cambio<\/p>\n<p>8: Fundos e clubes de investimento<\/p>\n<p>9: Tributa\u00e7\u00e3o<\/p>\n<p>10: Gest\u00e3o de risco\u00a0 na C\u00e2mara B3<\/p>\n<p>11 : Risco Corporativo , controles internos , auditoria interna e compliance<\/p>\n<p>12 : Estrutura de contas de cadastro de investidores<\/p>\n<p>13:Procedimentos operacionais \u00a0\u2013 negocia\u00e7\u00e3o<\/p>\n<p>14: Manual de processos operacionais da Camara da B3<\/p>\n<p>15: Procedimentos\u00a0 operacionais da central\u00a0 depositaria<\/p>\n<p>16: Regulamento\u00a0 de Registro da B3<\/p>\n<p>O Instituto Brasileiro de Estudos para o Mercado Financeiro (IBEMF) tem abrang\u00eancia nacional al\u00e9m disso, suas atividades visam a forma\u00e7\u00e3o, certifica\u00e7\u00f5es como por exemplo PQO-B3 (Programa de Qualifica\u00e7\u00e3o Operacional) \u00a0al\u00e9m de capacita\u00e7\u00f5es de profissionais j\u00e1 atuantes e por atuar em quaisquer dos segmentos do mercado financeiro brasileiro.<\/p>\n","protected":false},"excerpt":{"rendered":"<p>O curso PQO-B3 Online tem como objetivo atestar o conhecimento dos profissionais que atuam em diversas \u00e1reas nos mercados administrados pela B3. Al\u00e9m disso, visa estabelecer um processo cont\u00ednuo de atualiza\u00e7\u00e3o de conhecimento destes profissionais, a fim de manter o elevado padr\u00e3o de qualidade operacional na ind\u00fastria de intermedia\u00e7\u00e3o. Portanto, qualquer profissional ou demais interessados [&hellip;]<\/p>\n","protected":false},"featured_media":977,"comment_status":"open","ping_status":"closed","template":"","meta":{"_joinchat":[]},"product_brand":[],"product_cat":[26,44],"product_tag":[],"class_list":{"0":"post-929","1":"product","2":"type-product","3":"status-publish","4":"has-post-thumbnail","6":"product_cat-cursos-online","7":"product_cat-loja","9":"first","10":"instock","11":"taxable","12":"shipping-taxable","13":"purchasable","14":"product-type-simple"},"yoast_head":"<!-- This site is optimized with the Yoast SEO Premium plugin v26.9 (Yoast SEO v26.9) - https:\/\/yoast.com\/product\/yoast-seo-premium-wordpress\/ -->\n<title>PQO-B3 Online - IBEMF - Cursos Certifica\u00e7\u00f5es e Forma\u00e7\u00f5es<\/title>\n<meta name=\"description\" content=\"Prepare-se para a Certifica\u00e7\u00e3o PQO-B3 Online e domine opera\u00e7\u00f5es, compliance, risco e back office nos mercados administrados pela B3.\" \/>\n<meta name=\"robots\" content=\"index, follow, max-snippet:-1, max-image-preview:large, max-video-preview:-1\" \/>\n<link rel=\"canonical\" href=\"https:\/\/ibemf.org.br\/index.php\/produto\/pqo-b3-online\/\" \/>\n<meta property=\"og:locale\" content=\"pt_BR\" \/>\n<meta property=\"og:type\" content=\"article\" \/>\n<meta property=\"og:title\" content=\"PQO-B3 - ONLINE\" \/>\n<meta property=\"og:description\" content=\"Prepare-se para a Certifica\u00e7\u00e3o PQO-B3 Online e domine opera\u00e7\u00f5es, compliance, risco e back office nos mercados administrados pela B3.\" \/>\n<meta property=\"og:url\" content=\"https:\/\/ibemf.org.br\/index.php\/produto\/pqo-b3-online\/\" \/>\n<meta property=\"og:site_name\" content=\"IBEMF - Cursos Certifica\u00e7\u00f5es e Forma\u00e7\u00f5es\" \/>\n<meta property=\"article:publisher\" content=\"https:\/\/www.facebook.com\/ibemfrj\" \/>\n<meta property=\"article:modified_time\" content=\"2025-10-13T15:21:46+00:00\" \/>\n<meta property=\"og:image\" content=\"https:\/\/ibemf.org.br\/wp-content\/uploads\/2025\/09\/pqo-online.jpg\" \/>\n\t<meta property=\"og:image:width\" content=\"1080\" \/>\n\t<meta property=\"og:image:height\" content=\"1080\" \/>\n\t<meta property=\"og:image:type\" content=\"image\/jpeg\" \/>\n<meta name=\"twitter:card\" content=\"summary_large_image\" \/>\n<meta name=\"twitter:label1\" content=\"Est. tempo de leitura\" \/>\n\t<meta name=\"twitter:data1\" content=\"4 minutos\" \/>\n<script type=\"application\/ld+json\" class=\"yoast-schema-graph\">{\"@context\":\"https:\/\/schema.org\",\"@graph\":[{\"@type\":\"WebPage\",\"@id\":\"https:\/\/ibemf.org.br\/index.php\/produto\/pqo-b3-online\/\",\"url\":\"https:\/\/ibemf.org.br\/index.php\/produto\/pqo-b3-online\/\",\"name\":\"PQO-B3 Online - IBEMF - Cursos Certifica\u00e7\u00f5es e Forma\u00e7\u00f5es\",\"isPartOf\":{\"@id\":\"https:\/\/ibemf.org.br\/#website\"},\"primaryImageOfPage\":{\"@id\":\"https:\/\/ibemf.org.br\/index.php\/produto\/pqo-b3-online\/#primaryimage\"},\"image\":{\"@id\":\"https:\/\/ibemf.org.br\/index.php\/produto\/pqo-b3-online\/#primaryimage\"},\"thumbnailUrl\":\"https:\/\/ibemf.org.br\/wp-content\/uploads\/2025\/09\/pqo-online.jpg\",\"datePublished\":\"2025-09-08T17:37:50+00:00\",\"dateModified\":\"2025-10-13T15:21:46+00:00\",\"description\":\"Prepare-se para a Certifica\u00e7\u00e3o PQO-B3 Online e domine opera\u00e7\u00f5es, compliance, risco e back office nos mercados administrados pela B3.\",\"breadcrumb\":{\"@id\":\"https:\/\/ibemf.org.br\/index.php\/produto\/pqo-b3-online\/#breadcrumb\"},\"inLanguage\":\"pt-BR\",\"potentialAction\":[{\"@type\":\"ReadAction\",\"target\":[\"https:\/\/ibemf.org.br\/index.php\/produto\/pqo-b3-online\/\"]}]},{\"@type\":\"ImageObject\",\"inLanguage\":\"pt-BR\",\"@id\":\"https:\/\/ibemf.org.br\/index.php\/produto\/pqo-b3-online\/#primaryimage\",\"url\":\"https:\/\/ibemf.org.br\/wp-content\/uploads\/2025\/09\/pqo-online.jpg\",\"contentUrl\":\"https:\/\/ibemf.org.br\/wp-content\/uploads\/2025\/09\/pqo-online.jpg\",\"width\":1080,\"height\":1080,\"caption\":\"PQO-B3 Online\"},{\"@type\":\"BreadcrumbList\",\"@id\":\"https:\/\/ibemf.org.br\/index.php\/produto\/pqo-b3-online\/#breadcrumb\",\"itemListElement\":[{\"@type\":\"ListItem\",\"position\":1,\"name\":\"In\u00edcio\",\"item\":\"https:\/\/ibemf.org.br\/\"},{\"@type\":\"ListItem\",\"position\":2,\"name\":\"Loja\",\"item\":\"https:\/\/ibemf.org.br\/index.php\/loja\/\"},{\"@type\":\"ListItem\",\"position\":3,\"name\":\"PQO-B3 &#8211; ONLINE\"}]},{\"@type\":\"WebSite\",\"@id\":\"https:\/\/ibemf.org.br\/#website\",\"url\":\"https:\/\/ibemf.org.br\/\",\"name\":\"IBEMF - Cursos Certifica\u00e7\u00f5es e Forma\u00e7\u00f5es\",\"description\":\"\",\"publisher\":{\"@id\":\"https:\/\/ibemf.org.br\/#organization\"},\"potentialAction\":[{\"@type\":\"SearchAction\",\"target\":{\"@type\":\"EntryPoint\",\"urlTemplate\":\"https:\/\/ibemf.org.br\/?s={search_term_string}\"},\"query-input\":{\"@type\":\"PropertyValueSpecification\",\"valueRequired\":true,\"valueName\":\"search_term_string\"}}],\"inLanguage\":\"pt-BR\"},{\"@type\":\"Organization\",\"@id\":\"https:\/\/ibemf.org.br\/#organization\",\"name\":\"IBEMF - Cursos Certifica\u00e7\u00f5es e Forma\u00e7\u00f5es\",\"url\":\"https:\/\/ibemf.org.br\/\",\"logo\":{\"@type\":\"ImageObject\",\"inLanguage\":\"pt-BR\",\"@id\":\"https:\/\/ibemf.org.br\/#\/schema\/logo\/image\/\",\"url\":\"https:\/\/novo.ibemf.org.br\/wp-content\/uploads\/2024\/07\/logo_ibemfxselo.png\",\"contentUrl\":\"https:\/\/novo.ibemf.org.br\/wp-content\/uploads\/2024\/07\/logo_ibemfxselo.png\",\"width\":200,\"height\":199,\"caption\":\"IBEMF - Cursos Certifica\u00e7\u00f5es e Forma\u00e7\u00f5es\"},\"image\":{\"@id\":\"https:\/\/ibemf.org.br\/#\/schema\/logo\/image\/\"},\"sameAs\":[\"https:\/\/www.facebook.com\/ibemfrj\",\"https:\/\/www.instagram.com\/ibemf.investeduc?utm_source=ig_web_button_share_sheet&igsh=ZDNlZDc0MzIxNw\",\"https:\/\/www.linkedin.com\/in\/ibemf-instituto-brasileiro-de-estudos-para-o-mercado-financeiro-26430220b\/\"]}]}<\/script>\n<!-- \/ Yoast SEO Premium plugin. -->","yoast_head_json":{"title":"PQO-B3 Online - IBEMF - Cursos Certifica\u00e7\u00f5es e Forma\u00e7\u00f5es","description":"Prepare-se para a Certifica\u00e7\u00e3o PQO-B3 Online e domine opera\u00e7\u00f5es, compliance, risco e back office nos mercados administrados pela B3.","robots":{"index":"index","follow":"follow","max-snippet":"max-snippet:-1","max-image-preview":"max-image-preview:large","max-video-preview":"max-video-preview:-1"},"canonical":"https:\/\/ibemf.org.br\/index.php\/produto\/pqo-b3-online\/","og_locale":"pt_BR","og_type":"article","og_title":"PQO-B3 - ONLINE","og_description":"Prepare-se para a Certifica\u00e7\u00e3o PQO-B3 Online e domine opera\u00e7\u00f5es, compliance, risco e back office nos mercados administrados pela B3.","og_url":"https:\/\/ibemf.org.br\/index.php\/produto\/pqo-b3-online\/","og_site_name":"IBEMF - Cursos Certifica\u00e7\u00f5es e Forma\u00e7\u00f5es","article_publisher":"https:\/\/www.facebook.com\/ibemfrj","article_modified_time":"2025-10-13T15:21:46+00:00","og_image":[{"width":1080,"height":1080,"url":"https:\/\/ibemf.org.br\/wp-content\/uploads\/2025\/09\/pqo-online.jpg","type":"image\/jpeg"}],"twitter_card":"summary_large_image","twitter_misc":{"Est. tempo de leitura":"4 minutos"},"schema":{"@context":"https:\/\/schema.org","@graph":[{"@type":"WebPage","@id":"https:\/\/ibemf.org.br\/index.php\/produto\/pqo-b3-online\/","url":"https:\/\/ibemf.org.br\/index.php\/produto\/pqo-b3-online\/","name":"PQO-B3 Online - IBEMF - Cursos Certifica\u00e7\u00f5es e Forma\u00e7\u00f5es","isPartOf":{"@id":"https:\/\/ibemf.org.br\/#website"},"primaryImageOfPage":{"@id":"https:\/\/ibemf.org.br\/index.php\/produto\/pqo-b3-online\/#primaryimage"},"image":{"@id":"https:\/\/ibemf.org.br\/index.php\/produto\/pqo-b3-online\/#primaryimage"},"thumbnailUrl":"https:\/\/ibemf.org.br\/wp-content\/uploads\/2025\/09\/pqo-online.jpg","datePublished":"2025-09-08T17:37:50+00:00","dateModified":"2025-10-13T15:21:46+00:00","description":"Prepare-se para a Certifica\u00e7\u00e3o PQO-B3 Online e domine opera\u00e7\u00f5es, compliance, risco e back office nos mercados administrados pela B3.","breadcrumb":{"@id":"https:\/\/ibemf.org.br\/index.php\/produto\/pqo-b3-online\/#breadcrumb"},"inLanguage":"pt-BR","potentialAction":[{"@type":"ReadAction","target":["https:\/\/ibemf.org.br\/index.php\/produto\/pqo-b3-online\/"]}]},{"@type":"ImageObject","inLanguage":"pt-BR","@id":"https:\/\/ibemf.org.br\/index.php\/produto\/pqo-b3-online\/#primaryimage","url":"https:\/\/ibemf.org.br\/wp-content\/uploads\/2025\/09\/pqo-online.jpg","contentUrl":"https:\/\/ibemf.org.br\/wp-content\/uploads\/2025\/09\/pqo-online.jpg","width":1080,"height":1080,"caption":"PQO-B3 Online"},{"@type":"BreadcrumbList","@id":"https:\/\/ibemf.org.br\/index.php\/produto\/pqo-b3-online\/#breadcrumb","itemListElement":[{"@type":"ListItem","position":1,"name":"In\u00edcio","item":"https:\/\/ibemf.org.br\/"},{"@type":"ListItem","position":2,"name":"Loja","item":"https:\/\/ibemf.org.br\/index.php\/loja\/"},{"@type":"ListItem","position":3,"name":"PQO-B3 &#8211; ONLINE"}]},{"@type":"WebSite","@id":"https:\/\/ibemf.org.br\/#website","url":"https:\/\/ibemf.org.br\/","name":"IBEMF - Cursos Certifica\u00e7\u00f5es e Forma\u00e7\u00f5es","description":"","publisher":{"@id":"https:\/\/ibemf.org.br\/#organization"},"potentialAction":[{"@type":"SearchAction","target":{"@type":"EntryPoint","urlTemplate":"https:\/\/ibemf.org.br\/?s={search_term_string}"},"query-input":{"@type":"PropertyValueSpecification","valueRequired":true,"valueName":"search_term_string"}}],"inLanguage":"pt-BR"},{"@type":"Organization","@id":"https:\/\/ibemf.org.br\/#organization","name":"IBEMF - Cursos Certifica\u00e7\u00f5es e Forma\u00e7\u00f5es","url":"https:\/\/ibemf.org.br\/","logo":{"@type":"ImageObject","inLanguage":"pt-BR","@id":"https:\/\/ibemf.org.br\/#\/schema\/logo\/image\/","url":"https:\/\/novo.ibemf.org.br\/wp-content\/uploads\/2024\/07\/logo_ibemfxselo.png","contentUrl":"https:\/\/novo.ibemf.org.br\/wp-content\/uploads\/2024\/07\/logo_ibemfxselo.png","width":200,"height":199,"caption":"IBEMF - Cursos Certifica\u00e7\u00f5es e Forma\u00e7\u00f5es"},"image":{"@id":"https:\/\/ibemf.org.br\/#\/schema\/logo\/image\/"},"sameAs":["https:\/\/www.facebook.com\/ibemfrj","https:\/\/www.instagram.com\/ibemf.investeduc?utm_source=ig_web_button_share_sheet&igsh=ZDNlZDc0MzIxNw","https:\/\/www.linkedin.com\/in\/ibemf-instituto-brasileiro-de-estudos-para-o-mercado-financeiro-26430220b\/"]}]}},"_links":{"self":[{"href":"https:\/\/ibemf.org.br\/index.php\/wp-json\/wp\/v2\/product\/929","targetHints":{"allow":["GET"]}}],"collection":[{"href":"https:\/\/ibemf.org.br\/index.php\/wp-json\/wp\/v2\/product"}],"about":[{"href":"https:\/\/ibemf.org.br\/index.php\/wp-json\/wp\/v2\/types\/product"}],"replies":[{"embeddable":true,"href":"https:\/\/ibemf.org.br\/index.php\/wp-json\/wp\/v2\/comments?post=929"}],"wp:featuredmedia":[{"embeddable":true,"href":"https:\/\/ibemf.org.br\/index.php\/wp-json\/wp\/v2\/media\/977"}],"wp:attachment":[{"href":"https:\/\/ibemf.org.br\/index.php\/wp-json\/wp\/v2\/media?parent=929"}],"wp:term":[{"taxonomy":"product_brand","embeddable":true,"href":"https:\/\/ibemf.org.br\/index.php\/wp-json\/wp\/v2\/product_brand?post=929"},{"taxonomy":"product_cat","embeddable":true,"href":"https:\/\/ibemf.org.br\/index.php\/wp-json\/wp\/v2\/product_cat?post=929"},{"taxonomy":"product_tag","embeddable":true,"href":"https:\/\/ibemf.org.br\/index.php\/wp-json\/wp\/v2\/product_tag?post=929"}],"curies":[{"name":"wp","href":"https:\/\/api.w.org\/{rel}","templated":true}]}}