{"id":932,"date":"2025-09-08T18:26:37","date_gmt":"2025-09-08T18:26:37","guid":{"rendered":"https:\/\/novo.ibemf.org.br\/?post_type=product&#038;p=932"},"modified":"2026-01-27T12:34:01","modified_gmt":"2026-01-27T15:34:01","slug":"expert-na-bolsa","status":"publish","type":"product","link":"https:\/\/ibemf.org.br\/index.php\/produto\/expert-na-bolsa\/","title":{"rendered":"Expert na Bolsa"},"content":{"rendered":"<h2 data-start=\"374\" data-end=\"431\">Expert na Bolsa: Forma\u00e7\u00e3o Completa do Zero ao Avan\u00e7ado<\/h2>\n<p data-start=\"433\" data-end=\"842\">Voc\u00ea j\u00e1 sentiu que o mercado financeiro parece um \u201cclube fechado\u201d ou at\u00e9 um verdadeiro bicho de sete cabe\u00e7as? Nesse contexto, o curso Expert na Bolsa foi cuidadosamente desenvolvido para quebrar essas barreiras. Mais do que um curso te\u00f3rico, essa forma\u00e7\u00e3o representa uma jornada pr\u00e1tica e estrat\u00e9gica para sair da in\u00e9rcia e aprender como os grandes players rentabilizam patrim\u00f4nio no mercado de a\u00e7\u00f5es.<\/p>\n<p data-start=\"844\" data-end=\"981\">Al\u00e9m disso, o conte\u00fado foi estruturado para conduzir o aluno de forma progressiva, clara e segura, respeitando cada etapa do aprendizado.<\/p>\n<hr data-start=\"983\" data-end=\"986\" \/>\n<h2 data-start=\"988\" data-end=\"1008\">Objetivo do Curso<\/h2>\n<p data-start=\"1010\" data-end=\"1316\">O principal objetivo do curso Expert na Bolsa \u00e9 capacitar o aluno a transitar com seguran\u00e7a do n\u00edvel iniciante ao avan\u00e7ado. Para isso, o participante aprender\u00e1 a dominar ferramentas t\u00e9cnicas e fundamentais essenciais para analisar, operar e gerenciar ativos na Bolsa de Valores de maneira profissional.<\/p>\n<p data-start=\"1318\" data-end=\"1577\">Dessa forma, o curso busca transformar o investidor comum em um estrategista, capaz de tomar decis\u00f5es racionais, controlar riscos e otimizar ganhos. Ao mesmo tempo, promove a integra\u00e7\u00e3o entre an\u00e1lise de dados, controle emocional e conformidade tribut\u00e1ria.<\/p>\n<hr data-start=\"1579\" data-end=\"1582\" \/>\n<h2 data-start=\"1584\" data-end=\"1606\">Para Quem \u00e9 o Curso<\/h2>\n<p data-start=\"1608\" data-end=\"1838\">O curso \u00e9 indicado para profissionais que desejam aprender a investir no mercado de a\u00e7\u00f5es da Bolsa de Valores. Ou seja, atende tanto quem est\u00e1 come\u00e7ando do zero quanto quem j\u00e1 possui algum conhecimento pr\u00e9vio e deseja avan\u00e7ar.<\/p>\n<p data-start=\"1840\" data-end=\"1970\">Al\u00e9m disso, a forma\u00e7\u00e3o contempla conte\u00fados que v\u00e3o do n\u00edvel b\u00e1sico ao avan\u00e7ado, garantindo uma evolu\u00e7\u00e3o consistente e estruturada.<\/p>\n<hr data-start=\"1972\" data-end=\"1975\" \/>\n<h2 data-start=\"1977\" data-end=\"2001\">Conte\u00fado Program\u00e1tico<\/h2>\n<h3 data-start=\"2003\" data-end=\"2057\">M\u00f3dulo I \u2013 Os Primeiros Passos na Bolsa de Valores<\/h3>\n<ul data-start=\"2147\" data-end=\"2340\">\n<li data-start=\"2147\" data-end=\"2195\">\n<p data-start=\"2149\" data-end=\"2195\">O que s\u00e3o a\u00e7\u00f5es e o que \u00e9 a Bolsa de Valores<\/p>\n<\/li>\n<li data-start=\"2196\" data-end=\"2227\">\n<p data-start=\"2198\" data-end=\"2227\">Corretoras e distribuidoras<\/p>\n<\/li>\n<li data-start=\"2228\" data-end=\"2275\">\n<p data-start=\"2230\" data-end=\"2275\">Principais direitos e proventos de uma a\u00e7\u00e3o<\/p>\n<\/li>\n<li data-start=\"2276\" data-end=\"2308\">\n<p data-start=\"2278\" data-end=\"2308\">Oferta P\u00fablica Inicial (IPO)<\/p>\n<\/li>\n<li data-start=\"2309\" data-end=\"2340\">\n<p data-start=\"2311\" data-end=\"2340\">Renda fixa x renda vari\u00e1vel<\/p>\n<\/li>\n<\/ul>\n<h3 data-start=\"2342\" data-end=\"2401\">M\u00f3dulo II \u2013 An\u00e1lise Gr\u00e1fica: Conhecendo o Passo a Passo<\/h3>\n<ul data-start=\"2477\" data-end=\"2675\">\n<li data-start=\"2477\" data-end=\"2522\">\n<p data-start=\"2479\" data-end=\"2522\">An\u00e1lise t\u00e9cnica x an\u00e1lise fundamentalista<\/p>\n<\/li>\n<li data-start=\"2523\" data-end=\"2563\">\n<p data-start=\"2525\" data-end=\"2563\">Conceitos b\u00e1sicos de an\u00e1lise gr\u00e1fica<\/p>\n<\/li>\n<li data-start=\"2564\" data-end=\"2581\">\n<p data-start=\"2566\" data-end=\"2581\">Teoria de Dow<\/p>\n<\/li>\n<li data-start=\"2582\" data-end=\"2613\">\n<p data-start=\"2584\" data-end=\"2613\">Candles e tipos de gr\u00e1ficos<\/p>\n<\/li>\n<li data-start=\"2614\" data-end=\"2650\">\n<p data-start=\"2616\" data-end=\"2650\">Tend\u00eancia, suporte e resist\u00eancia<\/p>\n<\/li>\n<li data-start=\"2651\" data-end=\"2675\">\n<p data-start=\"2653\" data-end=\"2675\">Volume de negocia\u00e7\u00e3o<\/p>\n<\/li>\n<\/ul>\n<h3 data-start=\"2677\" data-end=\"2717\">M\u00f3dulo III \u2013 An\u00e1lise Fundamentalista<\/h3>\n<ul data-start=\"2789\" data-end=\"3045\">\n<li data-start=\"2789\" data-end=\"2829\">\n<p data-start=\"2791\" data-end=\"2829\">Introdu\u00e7\u00e3o \u00e0 an\u00e1lise fundamentalista<\/p>\n<\/li>\n<li data-start=\"2830\" data-end=\"2855\">\n<p data-start=\"2832\" data-end=\"2855\">Principais abordagens<\/p>\n<\/li>\n<li data-start=\"2856\" data-end=\"2892\">\n<p data-start=\"2858\" data-end=\"2892\">\u00cdndices, indicadores e m\u00faltiplos<\/p>\n<\/li>\n<li data-start=\"2893\" data-end=\"2935\">\n<p data-start=\"2895\" data-end=\"2935\">M\u00e9todos de valuation e value investing<\/p>\n<\/li>\n<li data-start=\"2936\" data-end=\"2973\">\n<p data-start=\"2938\" data-end=\"2973\">Quando comprar ou vender uma a\u00e7\u00e3o<\/p>\n<\/li>\n<li data-start=\"2974\" data-end=\"3006\">\n<p data-start=\"2976\" data-end=\"3006\">IPO: comprar ou n\u00e3o comprar?<\/p>\n<\/li>\n<li data-start=\"3007\" data-end=\"3045\">\n<p data-start=\"3009\" data-end=\"3045\">Checklist fundamentalista de a\u00e7\u00f5es<\/p>\n<\/li>\n<\/ul>\n<h3 data-start=\"3047\" data-end=\"3102\">M\u00f3dulo IV \u2013 An\u00e1lise Gr\u00e1fica II: Aprendendo a Operar<\/h3>\n<ul data-start=\"3166\" data-end=\"3342\">\n<li data-start=\"3166\" data-end=\"3197\">\n<p data-start=\"3168\" data-end=\"3197\">M\u00e9dias m\u00f3veis e cruzamentos<\/p>\n<\/li>\n<li data-start=\"3198\" data-end=\"3217\">\n<p data-start=\"3200\" data-end=\"3217\">Ondas de Elliot<\/p>\n<\/li>\n<li data-start=\"3218\" data-end=\"3256\">\n<p data-start=\"3220\" data-end=\"3256\">Revers\u00f5es e rompimentos na pr\u00e1tica<\/p>\n<\/li>\n<li data-start=\"3257\" data-end=\"3280\">\n<p data-start=\"3259\" data-end=\"3280\">Bandas de Bollinger<\/p>\n<\/li>\n<li data-start=\"3281\" data-end=\"3294\">\n<p data-start=\"3283\" data-end=\"3294\">Fibonacci<\/p>\n<\/li>\n<li data-start=\"3295\" data-end=\"3342\">\n<p data-start=\"3297\" data-end=\"3342\">Estrat\u00e9gias para ganhar dinheiro no mercado<\/p>\n<\/li>\n<\/ul>\n<h3 data-start=\"3344\" data-end=\"3376\">M\u00f3dulo V \u2013 Psicologia Trader<\/h3>\n<ul data-start=\"3428\" data-end=\"3592\">\n<li data-start=\"3428\" data-end=\"3470\">\n<p data-start=\"3430\" data-end=\"3470\">Introdu\u00e7\u00e3o \u00e0s finan\u00e7as comportamentais<\/p>\n<\/li>\n<li data-start=\"3471\" data-end=\"3522\">\n<p data-start=\"3473\" data-end=\"3522\">Emo\u00e7\u00e3o x racionalidade nas decis\u00f5es financeiras<\/p>\n<\/li>\n<li data-start=\"3523\" data-end=\"3556\">\n<p data-start=\"3525\" data-end=\"3556\">Euforia, medo e seus impactos<\/p>\n<\/li>\n<li data-start=\"3557\" data-end=\"3592\">\n<p data-start=\"3559\" data-end=\"3592\">Heur\u00edsticas e vieses cognitivos<\/p>\n<\/li>\n<\/ul>\n<h3 data-start=\"3594\" data-end=\"3632\">M\u00f3dulo VI \u2013 Gerenciamento de Risco<\/h3>\n<ul data-start=\"3682\" data-end=\"3900\">\n<li data-start=\"3682\" data-end=\"3715\">\n<p data-start=\"3684\" data-end=\"3715\">Conceitos essenciais de risco<\/p>\n<\/li>\n<li data-start=\"3716\" data-end=\"3753\">\n<p data-start=\"3718\" data-end=\"3753\">Tipos de risco e principais erros<\/p>\n<\/li>\n<li data-start=\"3754\" data-end=\"3781\">\n<p data-start=\"3756\" data-end=\"3781\">Rela\u00e7\u00e3o risco x retorno<\/p>\n<\/li>\n<li data-start=\"3782\" data-end=\"3814\">\n<p data-start=\"3784\" data-end=\"3814\">Ferramentas de gerenciamento<\/p>\n<\/li>\n<li data-start=\"3815\" data-end=\"3858\">\n<p data-start=\"3817\" data-end=\"3858\">An\u00e1lise SWOT aplicada \u00e0 vida financeira<\/p>\n<\/li>\n<li data-start=\"3859\" data-end=\"3900\">\n<p data-start=\"3861\" data-end=\"3900\">T\u00e9cnicas para day trade e swing trade<\/p>\n<\/li>\n<\/ul>\n<h3 data-start=\"3902\" data-end=\"3947\">M\u00f3dulo VII \u2013 Tributa\u00e7\u00e3o em Renda Vari\u00e1vel<\/h3>\n<ul data-start=\"4016\" data-end=\"4133\">\n<li data-start=\"4016\" data-end=\"4040\">\n<p data-start=\"4018\" data-end=\"4040\">No\u00e7\u00f5es de tributa\u00e7\u00e3o<\/p>\n<\/li>\n<li data-start=\"4041\" data-end=\"4086\">\n<p data-start=\"4043\" data-end=\"4086\">Tributa\u00e7\u00e3o no mercado \u00e0 vista e day trade<\/p>\n<\/li>\n<li data-start=\"4087\" data-end=\"4133\">\n<p data-start=\"4089\" data-end=\"4133\">Como preencher e pagar o DARF corretamente<\/p>\n<\/li>\n<\/ul>\n<hr data-start=\"4135\" data-end=\"4138\" \/>\n<h2 data-start=\"4140\" data-end=\"4159\">Formato do Curso<\/h2>\n<ul data-start=\"4258\" data-end=\"4414\">\n<li data-start=\"4258\" data-end=\"4295\">\n<p data-start=\"4260\" data-end=\"4295\">Carga hor\u00e1ria aproximada: 6 horas<\/p>\n<\/li>\n<li data-start=\"4296\" data-end=\"4323\">\n<p data-start=\"4298\" data-end=\"4323\">Modalidade: 100% online<\/p>\n<\/li>\n<li data-start=\"4324\" data-end=\"4360\">\n<p data-start=\"4326\" data-end=\"4360\">Acesso \u00e0 plataforma por 180 dias<\/p>\n<\/li>\n<li data-start=\"4361\" data-end=\"4414\">\n<p data-start=\"4363\" data-end=\"4414\">Aulas gravadas para assistir quando e onde quiser.<\/p>\n<\/li>\n<\/ul>\n<p>&nbsp;<\/p>\n","protected":false},"excerpt":{"rendered":"<p>Expert na Bolsa: Forma\u00e7\u00e3o Completa do Zero ao Avan\u00e7ado Voc\u00ea j\u00e1 sentiu que o mercado financeiro parece um \u201cclube fechado\u201d ou at\u00e9 um verdadeiro bicho de sete cabe\u00e7as? Nesse contexto, o curso Expert na Bolsa foi cuidadosamente desenvolvido para quebrar essas barreiras. Mais do que um curso te\u00f3rico, essa forma\u00e7\u00e3o representa uma jornada pr\u00e1tica e [&hellip;]<\/p>\n","protected":false},"featured_media":973,"comment_status":"open","ping_status":"closed","template":"","meta":{"_joinchat":[]},"product_brand":[],"product_cat":[26,44],"product_tag":[],"class_list":{"0":"post-932","1":"product","2":"type-product","3":"status-publish","4":"has-post-thumbnail","6":"product_cat-cursos-online","7":"product_cat-loja","9":"first","10":"instock","11":"taxable","12":"shipping-taxable","13":"purchasable","14":"product-type-simple"},"yoast_head":"<!-- This site is optimized with the Yoast SEO Premium plugin v26.9 (Yoast SEO v26.9) - https:\/\/yoast.com\/product\/yoast-seo-premium-wordpress\/ -->\n<title>Expert na Bolsa - IBEMF - Cursos Certifica\u00e7\u00f5es e Forma\u00e7\u00f5es<\/title>\n<meta name=\"description\" content=\"Curso Expert na Bolsa para aprender a investir do zero ao avan\u00e7ado, com estrat\u00e9gias profissionais, an\u00e1lise de dados, gest\u00e3o de risco e psicologia do trader.\" \/>\n<meta name=\"robots\" content=\"index, follow, max-snippet:-1, max-image-preview:large, max-video-preview:-1\" \/>\n<link rel=\"canonical\" href=\"https:\/\/ibemf.org.br\/index.php\/produto\/expert-na-bolsa\/\" \/>\n<meta property=\"og:locale\" content=\"pt_BR\" \/>\n<meta property=\"og:type\" content=\"article\" \/>\n<meta property=\"og:title\" content=\"Expert na Bolsa\" \/>\n<meta property=\"og:description\" content=\"Curso Expert na Bolsa para aprender a investir do zero ao avan\u00e7ado, com estrat\u00e9gias profissionais, an\u00e1lise de dados, gest\u00e3o de risco e psicologia do trader.\" \/>\n<meta property=\"og:url\" content=\"https:\/\/ibemf.org.br\/index.php\/produto\/expert-na-bolsa\/\" \/>\n<meta property=\"og:site_name\" content=\"IBEMF - Cursos Certifica\u00e7\u00f5es e Forma\u00e7\u00f5es\" \/>\n<meta property=\"article:publisher\" content=\"https:\/\/www.facebook.com\/ibemfrj\" \/>\n<meta property=\"article:modified_time\" content=\"2026-01-27T15:34:01+00:00\" \/>\n<meta property=\"og:image\" content=\"https:\/\/ibemf.org.br\/wp-content\/uploads\/2025\/09\/expert-na-bolsa.jpg\" \/>\n\t<meta property=\"og:image:width\" content=\"1080\" \/>\n\t<meta property=\"og:image:height\" content=\"1080\" \/>\n\t<meta property=\"og:image:type\" content=\"image\/jpeg\" \/>\n<meta name=\"twitter:card\" content=\"summary_large_image\" \/>\n<meta name=\"twitter:label1\" content=\"Est. tempo de leitura\" \/>\n\t<meta name=\"twitter:data1\" content=\"3 minutos\" \/>\n<script type=\"application\/ld+json\" class=\"yoast-schema-graph\">{\"@context\":\"https:\/\/schema.org\",\"@graph\":[{\"@type\":\"WebPage\",\"@id\":\"https:\/\/ibemf.org.br\/index.php\/produto\/expert-na-bolsa\/\",\"url\":\"https:\/\/ibemf.org.br\/index.php\/produto\/expert-na-bolsa\/\",\"name\":\"Expert na Bolsa - IBEMF - Cursos Certifica\u00e7\u00f5es e Forma\u00e7\u00f5es\",\"isPartOf\":{\"@id\":\"https:\/\/ibemf.org.br\/#website\"},\"primaryImageOfPage\":{\"@id\":\"https:\/\/ibemf.org.br\/index.php\/produto\/expert-na-bolsa\/#primaryimage\"},\"image\":{\"@id\":\"https:\/\/ibemf.org.br\/index.php\/produto\/expert-na-bolsa\/#primaryimage\"},\"thumbnailUrl\":\"https:\/\/ibemf.org.br\/wp-content\/uploads\/2025\/09\/expert-na-bolsa.jpg\",\"datePublished\":\"2025-09-08T18:26:37+00:00\",\"dateModified\":\"2026-01-27T15:34:01+00:00\",\"description\":\"Curso Expert na Bolsa para aprender a investir do zero ao avan\u00e7ado, com estrat\u00e9gias profissionais, an\u00e1lise de dados, gest\u00e3o de risco e psicologia do trader.\",\"breadcrumb\":{\"@id\":\"https:\/\/ibemf.org.br\/index.php\/produto\/expert-na-bolsa\/#breadcrumb\"},\"inLanguage\":\"pt-BR\",\"potentialAction\":[{\"@type\":\"ReadAction\",\"target\":[\"https:\/\/ibemf.org.br\/index.php\/produto\/expert-na-bolsa\/\"]}]},{\"@type\":\"ImageObject\",\"inLanguage\":\"pt-BR\",\"@id\":\"https:\/\/ibemf.org.br\/index.php\/produto\/expert-na-bolsa\/#primaryimage\",\"url\":\"https:\/\/ibemf.org.br\/wp-content\/uploads\/2025\/09\/expert-na-bolsa.jpg\",\"contentUrl\":\"https:\/\/ibemf.org.br\/wp-content\/uploads\/2025\/09\/expert-na-bolsa.jpg\",\"width\":1080,\"height\":1080,\"caption\":\"Bolsa\"},{\"@type\":\"BreadcrumbList\",\"@id\":\"https:\/\/ibemf.org.br\/index.php\/produto\/expert-na-bolsa\/#breadcrumb\",\"itemListElement\":[{\"@type\":\"ListItem\",\"position\":1,\"name\":\"In\u00edcio\",\"item\":\"https:\/\/ibemf.org.br\/\"},{\"@type\":\"ListItem\",\"position\":2,\"name\":\"Loja\",\"item\":\"https:\/\/ibemf.org.br\/index.php\/loja\/\"},{\"@type\":\"ListItem\",\"position\":3,\"name\":\"Expert na Bolsa\"}]},{\"@type\":\"WebSite\",\"@id\":\"https:\/\/ibemf.org.br\/#website\",\"url\":\"https:\/\/ibemf.org.br\/\",\"name\":\"IBEMF - Cursos Certifica\u00e7\u00f5es e Forma\u00e7\u00f5es\",\"description\":\"\",\"publisher\":{\"@id\":\"https:\/\/ibemf.org.br\/#organization\"},\"potentialAction\":[{\"@type\":\"SearchAction\",\"target\":{\"@type\":\"EntryPoint\",\"urlTemplate\":\"https:\/\/ibemf.org.br\/?s={search_term_string}\"},\"query-input\":{\"@type\":\"PropertyValueSpecification\",\"valueRequired\":true,\"valueName\":\"search_term_string\"}}],\"inLanguage\":\"pt-BR\"},{\"@type\":\"Organization\",\"@id\":\"https:\/\/ibemf.org.br\/#organization\",\"name\":\"IBEMF - Cursos Certifica\u00e7\u00f5es e Forma\u00e7\u00f5es\",\"url\":\"https:\/\/ibemf.org.br\/\",\"logo\":{\"@type\":\"ImageObject\",\"inLanguage\":\"pt-BR\",\"@id\":\"https:\/\/ibemf.org.br\/#\/schema\/logo\/image\/\",\"url\":\"https:\/\/novo.ibemf.org.br\/wp-content\/uploads\/2024\/07\/logo_ibemfxselo.png\",\"contentUrl\":\"https:\/\/novo.ibemf.org.br\/wp-content\/uploads\/2024\/07\/logo_ibemfxselo.png\",\"width\":200,\"height\":199,\"caption\":\"IBEMF - Cursos Certifica\u00e7\u00f5es e Forma\u00e7\u00f5es\"},\"image\":{\"@id\":\"https:\/\/ibemf.org.br\/#\/schema\/logo\/image\/\"},\"sameAs\":[\"https:\/\/www.facebook.com\/ibemfrj\",\"https:\/\/www.instagram.com\/ibemf.investeduc?utm_source=ig_web_button_share_sheet&igsh=ZDNlZDc0MzIxNw\",\"https:\/\/www.linkedin.com\/in\/ibemf-instituto-brasileiro-de-estudos-para-o-mercado-financeiro-26430220b\/\"]}]}<\/script>\n<!-- \/ Yoast SEO Premium plugin. -->","yoast_head_json":{"title":"Expert na Bolsa - IBEMF - Cursos Certifica\u00e7\u00f5es e Forma\u00e7\u00f5es","description":"Curso Expert na Bolsa para aprender a investir do zero ao avan\u00e7ado, com estrat\u00e9gias profissionais, an\u00e1lise de dados, gest\u00e3o de risco e psicologia do trader.","robots":{"index":"index","follow":"follow","max-snippet":"max-snippet:-1","max-image-preview":"max-image-preview:large","max-video-preview":"max-video-preview:-1"},"canonical":"https:\/\/ibemf.org.br\/index.php\/produto\/expert-na-bolsa\/","og_locale":"pt_BR","og_type":"article","og_title":"Expert na Bolsa","og_description":"Curso Expert na Bolsa para aprender a investir do zero ao avan\u00e7ado, com estrat\u00e9gias profissionais, an\u00e1lise de dados, gest\u00e3o de risco e psicologia do trader.","og_url":"https:\/\/ibemf.org.br\/index.php\/produto\/expert-na-bolsa\/","og_site_name":"IBEMF - Cursos Certifica\u00e7\u00f5es e Forma\u00e7\u00f5es","article_publisher":"https:\/\/www.facebook.com\/ibemfrj","article_modified_time":"2026-01-27T15:34:01+00:00","og_image":[{"width":1080,"height":1080,"url":"https:\/\/ibemf.org.br\/wp-content\/uploads\/2025\/09\/expert-na-bolsa.jpg","type":"image\/jpeg"}],"twitter_card":"summary_large_image","twitter_misc":{"Est. tempo de leitura":"3 minutos"},"schema":{"@context":"https:\/\/schema.org","@graph":[{"@type":"WebPage","@id":"https:\/\/ibemf.org.br\/index.php\/produto\/expert-na-bolsa\/","url":"https:\/\/ibemf.org.br\/index.php\/produto\/expert-na-bolsa\/","name":"Expert na Bolsa - IBEMF - Cursos Certifica\u00e7\u00f5es e Forma\u00e7\u00f5es","isPartOf":{"@id":"https:\/\/ibemf.org.br\/#website"},"primaryImageOfPage":{"@id":"https:\/\/ibemf.org.br\/index.php\/produto\/expert-na-bolsa\/#primaryimage"},"image":{"@id":"https:\/\/ibemf.org.br\/index.php\/produto\/expert-na-bolsa\/#primaryimage"},"thumbnailUrl":"https:\/\/ibemf.org.br\/wp-content\/uploads\/2025\/09\/expert-na-bolsa.jpg","datePublished":"2025-09-08T18:26:37+00:00","dateModified":"2026-01-27T15:34:01+00:00","description":"Curso Expert na Bolsa para aprender a investir do zero ao avan\u00e7ado, com estrat\u00e9gias profissionais, an\u00e1lise de dados, gest\u00e3o de risco e psicologia do trader.","breadcrumb":{"@id":"https:\/\/ibemf.org.br\/index.php\/produto\/expert-na-bolsa\/#breadcrumb"},"inLanguage":"pt-BR","potentialAction":[{"@type":"ReadAction","target":["https:\/\/ibemf.org.br\/index.php\/produto\/expert-na-bolsa\/"]}]},{"@type":"ImageObject","inLanguage":"pt-BR","@id":"https:\/\/ibemf.org.br\/index.php\/produto\/expert-na-bolsa\/#primaryimage","url":"https:\/\/ibemf.org.br\/wp-content\/uploads\/2025\/09\/expert-na-bolsa.jpg","contentUrl":"https:\/\/ibemf.org.br\/wp-content\/uploads\/2025\/09\/expert-na-bolsa.jpg","width":1080,"height":1080,"caption":"Bolsa"},{"@type":"BreadcrumbList","@id":"https:\/\/ibemf.org.br\/index.php\/produto\/expert-na-bolsa\/#breadcrumb","itemListElement":[{"@type":"ListItem","position":1,"name":"In\u00edcio","item":"https:\/\/ibemf.org.br\/"},{"@type":"ListItem","position":2,"name":"Loja","item":"https:\/\/ibemf.org.br\/index.php\/loja\/"},{"@type":"ListItem","position":3,"name":"Expert na Bolsa"}]},{"@type":"WebSite","@id":"https:\/\/ibemf.org.br\/#website","url":"https:\/\/ibemf.org.br\/","name":"IBEMF - Cursos Certifica\u00e7\u00f5es e Forma\u00e7\u00f5es","description":"","publisher":{"@id":"https:\/\/ibemf.org.br\/#organization"},"potentialAction":[{"@type":"SearchAction","target":{"@type":"EntryPoint","urlTemplate":"https:\/\/ibemf.org.br\/?s={search_term_string}"},"query-input":{"@type":"PropertyValueSpecification","valueRequired":true,"valueName":"search_term_string"}}],"inLanguage":"pt-BR"},{"@type":"Organization","@id":"https:\/\/ibemf.org.br\/#organization","name":"IBEMF - Cursos Certifica\u00e7\u00f5es e Forma\u00e7\u00f5es","url":"https:\/\/ibemf.org.br\/","logo":{"@type":"ImageObject","inLanguage":"pt-BR","@id":"https:\/\/ibemf.org.br\/#\/schema\/logo\/image\/","url":"https:\/\/novo.ibemf.org.br\/wp-content\/uploads\/2024\/07\/logo_ibemfxselo.png","contentUrl":"https:\/\/novo.ibemf.org.br\/wp-content\/uploads\/2024\/07\/logo_ibemfxselo.png","width":200,"height":199,"caption":"IBEMF - Cursos Certifica\u00e7\u00f5es e Forma\u00e7\u00f5es"},"image":{"@id":"https:\/\/ibemf.org.br\/#\/schema\/logo\/image\/"},"sameAs":["https:\/\/www.facebook.com\/ibemfrj","https:\/\/www.instagram.com\/ibemf.investeduc?utm_source=ig_web_button_share_sheet&igsh=ZDNlZDc0MzIxNw","https:\/\/www.linkedin.com\/in\/ibemf-instituto-brasileiro-de-estudos-para-o-mercado-financeiro-26430220b\/"]}]}},"_links":{"self":[{"href":"https:\/\/ibemf.org.br\/index.php\/wp-json\/wp\/v2\/product\/932","targetHints":{"allow":["GET"]}}],"collection":[{"href":"https:\/\/ibemf.org.br\/index.php\/wp-json\/wp\/v2\/product"}],"about":[{"href":"https:\/\/ibemf.org.br\/index.php\/wp-json\/wp\/v2\/types\/product"}],"replies":[{"embeddable":true,"href":"https:\/\/ibemf.org.br\/index.php\/wp-json\/wp\/v2\/comments?post=932"}],"wp:featuredmedia":[{"embeddable":true,"href":"https:\/\/ibemf.org.br\/index.php\/wp-json\/wp\/v2\/media\/973"}],"wp:attachment":[{"href":"https:\/\/ibemf.org.br\/index.php\/wp-json\/wp\/v2\/media?parent=932"}],"wp:term":[{"taxonomy":"product_brand","embeddable":true,"href":"https:\/\/ibemf.org.br\/index.php\/wp-json\/wp\/v2\/product_brand?post=932"},{"taxonomy":"product_cat","embeddable":true,"href":"https:\/\/ibemf.org.br\/index.php\/wp-json\/wp\/v2\/product_cat?post=932"},{"taxonomy":"product_tag","embeddable":true,"href":"https:\/\/ibemf.org.br\/index.php\/wp-json\/wp\/v2\/product_tag?post=932"}],"curies":[{"name":"wp","href":"https:\/\/api.w.org\/{rel}","templated":true}]}}