{"id":934,"date":"2025-09-08T18:27:24","date_gmt":"2025-09-08T18:27:24","guid":{"rendered":"https:\/\/novo.ibemf.org.br\/?post_type=product&#038;p=934"},"modified":"2025-10-13T12:29:03","modified_gmt":"2025-10-13T15:29:03","slug":"aprenda-a-investir","status":"publish","type":"product","link":"https:\/\/ibemf.org.br\/index.php\/produto\/aprenda-a-investir\/","title":{"rendered":"Aprenda a Investir"},"content":{"rendered":"<p>O curso <strong>Aprenda a Investir<\/strong> vai te ensinar o melhor m\u00e9todo de como voc\u00ea pode investir, e al\u00e9m disso, dar\u00e1 seguran\u00e7a para o seu futuro para investir.\u00a0Voc\u00ea aprender\u00e1, desde os\u00a0<strong>primeiros passos, <\/strong>para come\u00e7ar a investir seu dinheiro, at\u00e9 como montar uma carteira de investimentos bem diversificada\u00a0<strong>de forma segura e com muito mais rentabilidade<\/strong>.<\/p>\n<p>Voc\u00ea ter\u00e1 os principais fundamentos, regras e m\u00e9todos do mercado financeiro para <strong>se tornar um investidor consciente<\/strong>. Al\u00e9m disso, o curso possui linguagem clara e objetiva e apresentar\u00e1 diversas alternativas de investimento dispon\u00edveis. Assim, voc\u00ea conseguir\u00e1 identificar seu perfil de investidor e, ap\u00f3s tra\u00e7ar seus objetivos financeiros de curto e longo prazo, ser\u00e1 capaz de comparar e escolher as melhores op\u00e7\u00f5es para alcan\u00e7ar suas metas de rendimento de forma mais r\u00e1pida.<\/p>\n<p>O que ser\u00e1 ensinado nesse curso?<\/p>\n<h3>M\u00f3dulo 1:<\/h3>\n<ul>\n<li>O que \u00e9 economia?<\/li>\n<li>Taxa de Juros : CDI e SELIC<\/li>\n<li>Infla\u00e7\u00e3o, IPCA e IGP-M<\/li>\n<li>Pilares para Investir<\/li>\n<\/ul>\n<h3>M\u00f3dulo 2:<\/h3>\n<ul>\n<li>Or\u00e7amento Pessoal<\/li>\n<li>Rentabilidade, Risco e Retorno<\/li>\n<li>Diversifica\u00e7\u00e3o<\/li>\n<li>O que \u00e9 Risco? E tipos de Risco<\/li>\n<li>Tipos de investimentos: individual e coletivo<\/li>\n<li>An\u00e1lise e Perfil do investidor<\/li>\n<\/ul>\n<h3>M\u00f3dulo 3:<\/h3>\n<ul>\n<li>Poupan\u00e7a<\/li>\n<li>CDB<\/li>\n<li>Nota Promiss\u00f3ria e Deb\u00eantures<\/li>\n<li>LCA e LCI<\/li>\n<li>CRI e CRA<\/li>\n<li>COE<\/li>\n<\/ul>\n<h3>Fundos de investimento<\/h3>\n<h3>Introdu\u00e7\u00e3o a renda vari\u00e1vel<\/h3>\n","protected":false},"excerpt":{"rendered":"<p>O curso Aprenda a Investir vai te ensinar o melhor m\u00e9todo de como voc\u00ea pode investir, e al\u00e9m disso, dar\u00e1 seguran\u00e7a para o seu futuro para investir.\u00a0Voc\u00ea aprender\u00e1, desde os\u00a0primeiros passos, para come\u00e7ar a investir seu dinheiro, at\u00e9 como montar uma carteira de investimentos bem diversificada\u00a0de forma segura e com muito mais rentabilidade. Voc\u00ea ter\u00e1 [&hellip;]<\/p>\n","protected":false},"featured_media":964,"comment_status":"open","ping_status":"closed","template":"","meta":{"_joinchat":[]},"product_brand":[],"product_cat":[22,44],"product_tag":[],"class_list":{"0":"post-934","1":"product","2":"type-product","3":"status-publish","4":"has-post-thumbnail","6":"product_cat-cursos-gratuitos","7":"product_cat-loja","9":"first","10":"instock","11":"taxable","12":"shipping-taxable","13":"purchasable","14":"product-type-simple"},"yoast_head":"<!-- This site is optimized with the Yoast SEO Premium plugin v26.9 (Yoast SEO v26.9) - https:\/\/yoast.com\/product\/yoast-seo-premium-wordpress\/ -->\n<title>Aprenda a Investir - IBEMF - Cursos Certifica\u00e7\u00f5es e Forma\u00e7\u00f5es<\/title>\n<meta name=\"description\" content=\"O curso Aprenda a Investir ensina desde os primeiros passos at\u00e9 montar uma carteira diversificada, segura e com maior rentabilidade no mercado financeiro.\" \/>\n<meta name=\"robots\" content=\"index, follow, max-snippet:-1, max-image-preview:large, max-video-preview:-1\" \/>\n<link rel=\"canonical\" href=\"https:\/\/ibemf.org.br\/index.php\/produto\/aprenda-a-investir\/\" \/>\n<meta property=\"og:locale\" content=\"pt_BR\" \/>\n<meta property=\"og:type\" content=\"article\" \/>\n<meta property=\"og:title\" content=\"Aprenda a Investir\" \/>\n<meta property=\"og:description\" content=\"O curso Aprenda a Investir ensina desde os primeiros passos at\u00e9 montar uma carteira diversificada, segura e com maior rentabilidade no mercado financeiro.\" \/>\n<meta property=\"og:url\" content=\"https:\/\/ibemf.org.br\/index.php\/produto\/aprenda-a-investir\/\" \/>\n<meta property=\"og:site_name\" content=\"IBEMF - Cursos Certifica\u00e7\u00f5es e Forma\u00e7\u00f5es\" \/>\n<meta property=\"article:publisher\" content=\"https:\/\/www.facebook.com\/ibemfrj\" \/>\n<meta property=\"article:modified_time\" content=\"2025-10-13T15:29:03+00:00\" \/>\n<meta property=\"og:image\" content=\"https:\/\/ibemf.org.br\/wp-content\/uploads\/2025\/09\/aprenda-a-investir.jpg\" \/>\n\t<meta property=\"og:image:width\" content=\"1080\" \/>\n\t<meta property=\"og:image:height\" content=\"1080\" \/>\n\t<meta property=\"og:image:type\" content=\"image\/jpeg\" \/>\n<meta name=\"twitter:card\" content=\"summary_large_image\" \/>\n<meta name=\"twitter:label1\" content=\"Est. tempo de leitura\" \/>\n\t<meta name=\"twitter:data1\" content=\"2 minutos\" \/>\n<script type=\"application\/ld+json\" class=\"yoast-schema-graph\">{\"@context\":\"https:\/\/schema.org\",\"@graph\":[{\"@type\":\"WebPage\",\"@id\":\"https:\/\/ibemf.org.br\/index.php\/produto\/aprenda-a-investir\/\",\"url\":\"https:\/\/ibemf.org.br\/index.php\/produto\/aprenda-a-investir\/\",\"name\":\"Aprenda a Investir - IBEMF - Cursos Certifica\u00e7\u00f5es e Forma\u00e7\u00f5es\",\"isPartOf\":{\"@id\":\"https:\/\/ibemf.org.br\/#website\"},\"primaryImageOfPage\":{\"@id\":\"https:\/\/ibemf.org.br\/index.php\/produto\/aprenda-a-investir\/#primaryimage\"},\"image\":{\"@id\":\"https:\/\/ibemf.org.br\/index.php\/produto\/aprenda-a-investir\/#primaryimage\"},\"thumbnailUrl\":\"https:\/\/ibemf.org.br\/wp-content\/uploads\/2025\/09\/aprenda-a-investir.jpg\",\"datePublished\":\"2025-09-08T18:27:24+00:00\",\"dateModified\":\"2025-10-13T15:29:03+00:00\",\"description\":\"O curso Aprenda a Investir ensina desde os primeiros passos at\u00e9 montar uma carteira diversificada, segura e com maior rentabilidade no mercado financeiro.\",\"breadcrumb\":{\"@id\":\"https:\/\/ibemf.org.br\/index.php\/produto\/aprenda-a-investir\/#breadcrumb\"},\"inLanguage\":\"pt-BR\",\"potentialAction\":[{\"@type\":\"ReadAction\",\"target\":[\"https:\/\/ibemf.org.br\/index.php\/produto\/aprenda-a-investir\/\"]}]},{\"@type\":\"ImageObject\",\"inLanguage\":\"pt-BR\",\"@id\":\"https:\/\/ibemf.org.br\/index.php\/produto\/aprenda-a-investir\/#primaryimage\",\"url\":\"https:\/\/ibemf.org.br\/wp-content\/uploads\/2025\/09\/aprenda-a-investir.jpg\",\"contentUrl\":\"https:\/\/ibemf.org.br\/wp-content\/uploads\/2025\/09\/aprenda-a-investir.jpg\",\"width\":1080,\"height\":1080},{\"@type\":\"BreadcrumbList\",\"@id\":\"https:\/\/ibemf.org.br\/index.php\/produto\/aprenda-a-investir\/#breadcrumb\",\"itemListElement\":[{\"@type\":\"ListItem\",\"position\":1,\"name\":\"In\u00edcio\",\"item\":\"https:\/\/ibemf.org.br\/\"},{\"@type\":\"ListItem\",\"position\":2,\"name\":\"Loja\",\"item\":\"https:\/\/ibemf.org.br\/index.php\/loja\/\"},{\"@type\":\"ListItem\",\"position\":3,\"name\":\"Aprenda a Investir\"}]},{\"@type\":\"WebSite\",\"@id\":\"https:\/\/ibemf.org.br\/#website\",\"url\":\"https:\/\/ibemf.org.br\/\",\"name\":\"IBEMF - Cursos Certifica\u00e7\u00f5es e Forma\u00e7\u00f5es\",\"description\":\"\",\"publisher\":{\"@id\":\"https:\/\/ibemf.org.br\/#organization\"},\"potentialAction\":[{\"@type\":\"SearchAction\",\"target\":{\"@type\":\"EntryPoint\",\"urlTemplate\":\"https:\/\/ibemf.org.br\/?s={search_term_string}\"},\"query-input\":{\"@type\":\"PropertyValueSpecification\",\"valueRequired\":true,\"valueName\":\"search_term_string\"}}],\"inLanguage\":\"pt-BR\"},{\"@type\":\"Organization\",\"@id\":\"https:\/\/ibemf.org.br\/#organization\",\"name\":\"IBEMF - Cursos Certifica\u00e7\u00f5es e Forma\u00e7\u00f5es\",\"url\":\"https:\/\/ibemf.org.br\/\",\"logo\":{\"@type\":\"ImageObject\",\"inLanguage\":\"pt-BR\",\"@id\":\"https:\/\/ibemf.org.br\/#\/schema\/logo\/image\/\",\"url\":\"https:\/\/novo.ibemf.org.br\/wp-content\/uploads\/2024\/07\/logo_ibemfxselo.png\",\"contentUrl\":\"https:\/\/novo.ibemf.org.br\/wp-content\/uploads\/2024\/07\/logo_ibemfxselo.png\",\"width\":200,\"height\":199,\"caption\":\"IBEMF - Cursos Certifica\u00e7\u00f5es e Forma\u00e7\u00f5es\"},\"image\":{\"@id\":\"https:\/\/ibemf.org.br\/#\/schema\/logo\/image\/\"},\"sameAs\":[\"https:\/\/www.facebook.com\/ibemfrj\",\"https:\/\/www.instagram.com\/ibemf.investeduc?utm_source=ig_web_button_share_sheet&igsh=ZDNlZDc0MzIxNw\",\"https:\/\/www.linkedin.com\/in\/ibemf-instituto-brasileiro-de-estudos-para-o-mercado-financeiro-26430220b\/\"]}]}<\/script>\n<!-- \/ Yoast SEO Premium plugin. -->","yoast_head_json":{"title":"Aprenda a Investir - IBEMF - Cursos Certifica\u00e7\u00f5es e Forma\u00e7\u00f5es","description":"O curso Aprenda a Investir ensina desde os primeiros passos at\u00e9 montar uma carteira diversificada, segura e com maior rentabilidade no mercado financeiro.","robots":{"index":"index","follow":"follow","max-snippet":"max-snippet:-1","max-image-preview":"max-image-preview:large","max-video-preview":"max-video-preview:-1"},"canonical":"https:\/\/ibemf.org.br\/index.php\/produto\/aprenda-a-investir\/","og_locale":"pt_BR","og_type":"article","og_title":"Aprenda a Investir","og_description":"O curso Aprenda a Investir ensina desde os primeiros passos at\u00e9 montar uma carteira diversificada, segura e com maior rentabilidade no mercado financeiro.","og_url":"https:\/\/ibemf.org.br\/index.php\/produto\/aprenda-a-investir\/","og_site_name":"IBEMF - Cursos Certifica\u00e7\u00f5es e Forma\u00e7\u00f5es","article_publisher":"https:\/\/www.facebook.com\/ibemfrj","article_modified_time":"2025-10-13T15:29:03+00:00","og_image":[{"width":1080,"height":1080,"url":"https:\/\/ibemf.org.br\/wp-content\/uploads\/2025\/09\/aprenda-a-investir.jpg","type":"image\/jpeg"}],"twitter_card":"summary_large_image","twitter_misc":{"Est. tempo de leitura":"2 minutos"},"schema":{"@context":"https:\/\/schema.org","@graph":[{"@type":"WebPage","@id":"https:\/\/ibemf.org.br\/index.php\/produto\/aprenda-a-investir\/","url":"https:\/\/ibemf.org.br\/index.php\/produto\/aprenda-a-investir\/","name":"Aprenda a Investir - IBEMF - Cursos Certifica\u00e7\u00f5es e Forma\u00e7\u00f5es","isPartOf":{"@id":"https:\/\/ibemf.org.br\/#website"},"primaryImageOfPage":{"@id":"https:\/\/ibemf.org.br\/index.php\/produto\/aprenda-a-investir\/#primaryimage"},"image":{"@id":"https:\/\/ibemf.org.br\/index.php\/produto\/aprenda-a-investir\/#primaryimage"},"thumbnailUrl":"https:\/\/ibemf.org.br\/wp-content\/uploads\/2025\/09\/aprenda-a-investir.jpg","datePublished":"2025-09-08T18:27:24+00:00","dateModified":"2025-10-13T15:29:03+00:00","description":"O curso Aprenda a Investir ensina desde os primeiros passos at\u00e9 montar uma carteira diversificada, segura e com maior rentabilidade no mercado financeiro.","breadcrumb":{"@id":"https:\/\/ibemf.org.br\/index.php\/produto\/aprenda-a-investir\/#breadcrumb"},"inLanguage":"pt-BR","potentialAction":[{"@type":"ReadAction","target":["https:\/\/ibemf.org.br\/index.php\/produto\/aprenda-a-investir\/"]}]},{"@type":"ImageObject","inLanguage":"pt-BR","@id":"https:\/\/ibemf.org.br\/index.php\/produto\/aprenda-a-investir\/#primaryimage","url":"https:\/\/ibemf.org.br\/wp-content\/uploads\/2025\/09\/aprenda-a-investir.jpg","contentUrl":"https:\/\/ibemf.org.br\/wp-content\/uploads\/2025\/09\/aprenda-a-investir.jpg","width":1080,"height":1080},{"@type":"BreadcrumbList","@id":"https:\/\/ibemf.org.br\/index.php\/produto\/aprenda-a-investir\/#breadcrumb","itemListElement":[{"@type":"ListItem","position":1,"name":"In\u00edcio","item":"https:\/\/ibemf.org.br\/"},{"@type":"ListItem","position":2,"name":"Loja","item":"https:\/\/ibemf.org.br\/index.php\/loja\/"},{"@type":"ListItem","position":3,"name":"Aprenda a Investir"}]},{"@type":"WebSite","@id":"https:\/\/ibemf.org.br\/#website","url":"https:\/\/ibemf.org.br\/","name":"IBEMF - Cursos Certifica\u00e7\u00f5es e Forma\u00e7\u00f5es","description":"","publisher":{"@id":"https:\/\/ibemf.org.br\/#organization"},"potentialAction":[{"@type":"SearchAction","target":{"@type":"EntryPoint","urlTemplate":"https:\/\/ibemf.org.br\/?s={search_term_string}"},"query-input":{"@type":"PropertyValueSpecification","valueRequired":true,"valueName":"search_term_string"}}],"inLanguage":"pt-BR"},{"@type":"Organization","@id":"https:\/\/ibemf.org.br\/#organization","name":"IBEMF - Cursos Certifica\u00e7\u00f5es e Forma\u00e7\u00f5es","url":"https:\/\/ibemf.org.br\/","logo":{"@type":"ImageObject","inLanguage":"pt-BR","@id":"https:\/\/ibemf.org.br\/#\/schema\/logo\/image\/","url":"https:\/\/novo.ibemf.org.br\/wp-content\/uploads\/2024\/07\/logo_ibemfxselo.png","contentUrl":"https:\/\/novo.ibemf.org.br\/wp-content\/uploads\/2024\/07\/logo_ibemfxselo.png","width":200,"height":199,"caption":"IBEMF - Cursos Certifica\u00e7\u00f5es e Forma\u00e7\u00f5es"},"image":{"@id":"https:\/\/ibemf.org.br\/#\/schema\/logo\/image\/"},"sameAs":["https:\/\/www.facebook.com\/ibemfrj","https:\/\/www.instagram.com\/ibemf.investeduc?utm_source=ig_web_button_share_sheet&igsh=ZDNlZDc0MzIxNw","https:\/\/www.linkedin.com\/in\/ibemf-instituto-brasileiro-de-estudos-para-o-mercado-financeiro-26430220b\/"]}]}},"_links":{"self":[{"href":"https:\/\/ibemf.org.br\/index.php\/wp-json\/wp\/v2\/product\/934","targetHints":{"allow":["GET"]}}],"collection":[{"href":"https:\/\/ibemf.org.br\/index.php\/wp-json\/wp\/v2\/product"}],"about":[{"href":"https:\/\/ibemf.org.br\/index.php\/wp-json\/wp\/v2\/types\/product"}],"replies":[{"embeddable":true,"href":"https:\/\/ibemf.org.br\/index.php\/wp-json\/wp\/v2\/comments?post=934"}],"wp:featuredmedia":[{"embeddable":true,"href":"https:\/\/ibemf.org.br\/index.php\/wp-json\/wp\/v2\/media\/964"}],"wp:attachment":[{"href":"https:\/\/ibemf.org.br\/index.php\/wp-json\/wp\/v2\/media?parent=934"}],"wp:term":[{"taxonomy":"product_brand","embeddable":true,"href":"https:\/\/ibemf.org.br\/index.php\/wp-json\/wp\/v2\/product_brand?post=934"},{"taxonomy":"product_cat","embeddable":true,"href":"https:\/\/ibemf.org.br\/index.php\/wp-json\/wp\/v2\/product_cat?post=934"},{"taxonomy":"product_tag","embeddable":true,"href":"https:\/\/ibemf.org.br\/index.php\/wp-json\/wp\/v2\/product_tag?post=934"}],"curies":[{"name":"wp","href":"https:\/\/api.w.org\/{rel}","templated":true}]}}