{"id":935,"date":"2025-09-08T18:27:49","date_gmt":"2025-09-08T18:27:49","guid":{"rendered":"https:\/\/novo.ibemf.org.br\/?post_type=product&#038;p=935"},"modified":"2026-03-31T06:53:20","modified_gmt":"2026-03-31T09:53:20","slug":"introducao-ao-blockchain","status":"publish","type":"product","link":"https:\/\/ibemf.org.br\/index.php\/produto\/introducao-ao-blockchain\/","title":{"rendered":"Introdu\u00e7\u00e3o ao Blockchain"},"content":{"rendered":"<p data-start=\"336\" data-end=\"389\"><strong data-start=\"336\" data-end=\"387\">Introdu\u00e7\u00e3o ao Blockchain \u2013 Curso Gratuito IBEMF<\/strong><\/p>\n<p data-start=\"391\" data-end=\"679\">A <strong data-start=\"393\" data-end=\"421\">Introdu\u00e7\u00e3o ao Blockchain<\/strong> \u00e9 um curso gratuito que ensina os fundamentos da nova tecnologia de registro distribu\u00eddo. Com ele, voc\u00ea vai entender como o blockchain transforma opera\u00e7\u00f5es financeiras, contratos e registros digitais, garantindo seguran\u00e7a, transpar\u00eancia e rastreabilidade.<\/p>\n<h4><strong>M\u00f3dulos &#8211; Introdu\u00e7\u00e3o ao Blockchain:<\/strong><\/h4>\n<p>\u2013 Hist\u00f3rico, arquitetura e funcionamento<\/p>\n<p>\u2013 Potencial de aplica\u00e7\u00f5es plataformas<\/p>\n<p>\u2013 DLT conceito e CriptoEconomia<\/p>\n<hr \/>\n<h4><strong>Instrutor: Glaucia Rangel Miranda<\/strong><\/h4>\n<p>Profissional de TI. Arquiteta de solu\u00e7\u00f5es. Formada em Adm Empresas com especializa\u00e7\u00e3o em Gest\u00e3o de Projetos, Governan\u00e7a de TI e Mercado Financeiro. Presidente da Comiss\u00e3o de Tecnologia do IBEMF e Co-Fundadora da GOBlockchain.<\/p>\n<p>Experi\u00eancia de + 25 anos atuando como Head IT, Head Operations e Senior Consultant. Lideran\u00e7a de projetos de Infraestrutura e Seguran\u00e7a no Banco Prosper, Rede, Embratel, Intesa Sanpaolo, AHK \u2013 C\u00e2mara de Com\u00e9rcio Brasil Alemanha. Projeto de Biometria na Crefisa. Conhecimento de Opera\u00e7\u00f5es em Bolsa e produtos banc\u00e1rios, mercado de cr\u00e9dito, c\u00e2mbio e SPB \u2013 Sistemas de Pagamentos Brasileiro. Skill adicional em Risco e Compliance. Estrutura\u00e7\u00e3o de processos e produtos. Gest\u00e3o \u00e1gil de projetos. Especialmente interessada em Blockchain. Cada dia me interesso mais pelos diferentes aspectos da nova economia e seus impacto na sociedade.<\/p>\n","protected":false},"excerpt":{"rendered":"<p>Introdu\u00e7\u00e3o ao Blockchain \u2013 Curso Gratuito IBEMF A Introdu\u00e7\u00e3o ao Blockchain \u00e9 um curso gratuito que ensina os fundamentos da nova tecnologia de registro distribu\u00eddo. Com ele, voc\u00ea vai entender como o blockchain transforma opera\u00e7\u00f5es financeiras, contratos e registros digitais, garantindo seguran\u00e7a, transpar\u00eancia e rastreabilidade. M\u00f3dulos &#8211; Introdu\u00e7\u00e3o ao Blockchain: \u2013 Hist\u00f3rico, arquitetura e funcionamento [&hellip;]<\/p>\n","protected":false},"featured_media":975,"comment_status":"open","ping_status":"closed","template":"","meta":{"_joinchat":[]},"product_brand":[],"product_cat":[22,44],"product_tag":[],"class_list":{"0":"post-935","1":"product","2":"type-product","3":"status-publish","4":"has-post-thumbnail","6":"product_cat-cursos-gratuitos","7":"product_cat-loja","9":"first","10":"instock","11":"downloadable","12":"virtual","13":"taxable","14":"purchasable","15":"product-type-simple"},"yoast_head":"<!-- This site is optimized with the Yoast SEO Premium plugin v26.9 (Yoast SEO v26.9) - https:\/\/yoast.com\/product\/yoast-seo-premium-wordpress\/ -->\n<title>Introdu\u00e7\u00e3o ao Blockchain - IBEMF - Cursos Certifica\u00e7\u00f5es e Forma\u00e7\u00f5es<\/title>\n<meta name=\"description\" content=\"Curso gratuito de Introdu\u00e7\u00e3o ao Blockchain: aprenda hist\u00f3rico, funcionamento, DLT, CriptoEconomia e potenciais aplica\u00e7\u00f5es dessa tecnologia inovadora.\" \/>\n<meta name=\"robots\" content=\"index, follow, max-snippet:-1, max-image-preview:large, max-video-preview:-1\" \/>\n<link rel=\"canonical\" href=\"https:\/\/ibemf.org.br\/index.php\/produto\/introducao-ao-blockchain\/\" \/>\n<meta property=\"og:locale\" content=\"pt_BR\" \/>\n<meta property=\"og:type\" content=\"article\" \/>\n<meta property=\"og:title\" content=\"Introdu\u00e7\u00e3o ao Blockchain\" \/>\n<meta property=\"og:description\" content=\"Curso gratuito de Introdu\u00e7\u00e3o ao Blockchain: aprenda hist\u00f3rico, funcionamento, DLT, CriptoEconomia e potenciais aplica\u00e7\u00f5es dessa tecnologia inovadora.\" \/>\n<meta property=\"og:url\" content=\"https:\/\/ibemf.org.br\/index.php\/produto\/introducao-ao-blockchain\/\" \/>\n<meta property=\"og:site_name\" content=\"IBEMF - Cursos Certifica\u00e7\u00f5es e Forma\u00e7\u00f5es\" \/>\n<meta property=\"article:publisher\" content=\"https:\/\/www.facebook.com\/ibemfrj\" \/>\n<meta property=\"article:modified_time\" content=\"2026-03-31T09:53:20+00:00\" \/>\n<meta property=\"og:image\" content=\"https:\/\/ibemf.org.br\/wp-content\/uploads\/2025\/09\/introducao-ao-blockchain.jpg\" \/>\n\t<meta property=\"og:image:width\" content=\"1080\" \/>\n\t<meta property=\"og:image:height\" content=\"1080\" \/>\n\t<meta property=\"og:image:type\" content=\"image\/jpeg\" \/>\n<meta name=\"twitter:card\" content=\"summary_large_image\" \/>\n<meta name=\"twitter:label1\" content=\"Est. tempo de leitura\" \/>\n\t<meta name=\"twitter:data1\" content=\"2 minutos\" \/>\n<script type=\"application\/ld+json\" class=\"yoast-schema-graph\">{\"@context\":\"https:\/\/schema.org\",\"@graph\":[{\"@type\":\"WebPage\",\"@id\":\"https:\/\/ibemf.org.br\/index.php\/produto\/introducao-ao-blockchain\/\",\"url\":\"https:\/\/ibemf.org.br\/index.php\/produto\/introducao-ao-blockchain\/\",\"name\":\"Introdu\u00e7\u00e3o ao Blockchain - IBEMF - Cursos Certifica\u00e7\u00f5es e Forma\u00e7\u00f5es\",\"isPartOf\":{\"@id\":\"https:\/\/ibemf.org.br\/#website\"},\"primaryImageOfPage\":{\"@id\":\"https:\/\/ibemf.org.br\/index.php\/produto\/introducao-ao-blockchain\/#primaryimage\"},\"image\":{\"@id\":\"https:\/\/ibemf.org.br\/index.php\/produto\/introducao-ao-blockchain\/#primaryimage\"},\"thumbnailUrl\":\"https:\/\/ibemf.org.br\/wp-content\/uploads\/2025\/09\/introducao-ao-blockchain.jpg\",\"datePublished\":\"2025-09-08T18:27:49+00:00\",\"dateModified\":\"2026-03-31T09:53:20+00:00\",\"description\":\"Curso gratuito de Introdu\u00e7\u00e3o ao Blockchain: aprenda hist\u00f3rico, funcionamento, DLT, CriptoEconomia e potenciais aplica\u00e7\u00f5es dessa tecnologia inovadora.\",\"breadcrumb\":{\"@id\":\"https:\/\/ibemf.org.br\/index.php\/produto\/introducao-ao-blockchain\/#breadcrumb\"},\"inLanguage\":\"pt-BR\",\"potentialAction\":[{\"@type\":\"ReadAction\",\"target\":[\"https:\/\/ibemf.org.br\/index.php\/produto\/introducao-ao-blockchain\/\"]}]},{\"@type\":\"ImageObject\",\"inLanguage\":\"pt-BR\",\"@id\":\"https:\/\/ibemf.org.br\/index.php\/produto\/introducao-ao-blockchain\/#primaryimage\",\"url\":\"https:\/\/ibemf.org.br\/wp-content\/uploads\/2025\/09\/introducao-ao-blockchain.jpg\",\"contentUrl\":\"https:\/\/ibemf.org.br\/wp-content\/uploads\/2025\/09\/introducao-ao-blockchain.jpg\",\"width\":1080,\"height\":1080,\"caption\":\"Blockchain\"},{\"@type\":\"BreadcrumbList\",\"@id\":\"https:\/\/ibemf.org.br\/index.php\/produto\/introducao-ao-blockchain\/#breadcrumb\",\"itemListElement\":[{\"@type\":\"ListItem\",\"position\":1,\"name\":\"In\u00edcio\",\"item\":\"https:\/\/ibemf.org.br\/\"},{\"@type\":\"ListItem\",\"position\":2,\"name\":\"Loja\",\"item\":\"https:\/\/ibemf.org.br\/index.php\/loja\/\"},{\"@type\":\"ListItem\",\"position\":3,\"name\":\"Introdu\u00e7\u00e3o ao Blockchain\"}]},{\"@type\":\"WebSite\",\"@id\":\"https:\/\/ibemf.org.br\/#website\",\"url\":\"https:\/\/ibemf.org.br\/\",\"name\":\"IBEMF - Cursos Certifica\u00e7\u00f5es e Forma\u00e7\u00f5es\",\"description\":\"\",\"publisher\":{\"@id\":\"https:\/\/ibemf.org.br\/#organization\"},\"potentialAction\":[{\"@type\":\"SearchAction\",\"target\":{\"@type\":\"EntryPoint\",\"urlTemplate\":\"https:\/\/ibemf.org.br\/?s={search_term_string}\"},\"query-input\":{\"@type\":\"PropertyValueSpecification\",\"valueRequired\":true,\"valueName\":\"search_term_string\"}}],\"inLanguage\":\"pt-BR\"},{\"@type\":\"Organization\",\"@id\":\"https:\/\/ibemf.org.br\/#organization\",\"name\":\"IBEMF - Cursos Certifica\u00e7\u00f5es e Forma\u00e7\u00f5es\",\"url\":\"https:\/\/ibemf.org.br\/\",\"logo\":{\"@type\":\"ImageObject\",\"inLanguage\":\"pt-BR\",\"@id\":\"https:\/\/ibemf.org.br\/#\/schema\/logo\/image\/\",\"url\":\"https:\/\/novo.ibemf.org.br\/wp-content\/uploads\/2024\/07\/logo_ibemfxselo.png\",\"contentUrl\":\"https:\/\/novo.ibemf.org.br\/wp-content\/uploads\/2024\/07\/logo_ibemfxselo.png\",\"width\":200,\"height\":199,\"caption\":\"IBEMF - Cursos Certifica\u00e7\u00f5es e Forma\u00e7\u00f5es\"},\"image\":{\"@id\":\"https:\/\/ibemf.org.br\/#\/schema\/logo\/image\/\"},\"sameAs\":[\"https:\/\/www.facebook.com\/ibemfrj\",\"https:\/\/www.instagram.com\/ibemf.investeduc?utm_source=ig_web_button_share_sheet&igsh=ZDNlZDc0MzIxNw\",\"https:\/\/www.linkedin.com\/in\/ibemf-instituto-brasileiro-de-estudos-para-o-mercado-financeiro-26430220b\/\"]}]}<\/script>\n<!-- \/ Yoast SEO Premium plugin. -->","yoast_head_json":{"title":"Introdu\u00e7\u00e3o ao Blockchain - IBEMF - Cursos Certifica\u00e7\u00f5es e Forma\u00e7\u00f5es","description":"Curso gratuito de Introdu\u00e7\u00e3o ao Blockchain: aprenda hist\u00f3rico, funcionamento, DLT, CriptoEconomia e potenciais aplica\u00e7\u00f5es dessa tecnologia inovadora.","robots":{"index":"index","follow":"follow","max-snippet":"max-snippet:-1","max-image-preview":"max-image-preview:large","max-video-preview":"max-video-preview:-1"},"canonical":"https:\/\/ibemf.org.br\/index.php\/produto\/introducao-ao-blockchain\/","og_locale":"pt_BR","og_type":"article","og_title":"Introdu\u00e7\u00e3o ao Blockchain","og_description":"Curso gratuito de Introdu\u00e7\u00e3o ao Blockchain: aprenda hist\u00f3rico, funcionamento, DLT, CriptoEconomia e potenciais aplica\u00e7\u00f5es dessa tecnologia inovadora.","og_url":"https:\/\/ibemf.org.br\/index.php\/produto\/introducao-ao-blockchain\/","og_site_name":"IBEMF - Cursos Certifica\u00e7\u00f5es e Forma\u00e7\u00f5es","article_publisher":"https:\/\/www.facebook.com\/ibemfrj","article_modified_time":"2026-03-31T09:53:20+00:00","og_image":[{"width":1080,"height":1080,"url":"https:\/\/ibemf.org.br\/wp-content\/uploads\/2025\/09\/introducao-ao-blockchain.jpg","type":"image\/jpeg"}],"twitter_card":"summary_large_image","twitter_misc":{"Est. tempo de leitura":"2 minutos"},"schema":{"@context":"https:\/\/schema.org","@graph":[{"@type":"WebPage","@id":"https:\/\/ibemf.org.br\/index.php\/produto\/introducao-ao-blockchain\/","url":"https:\/\/ibemf.org.br\/index.php\/produto\/introducao-ao-blockchain\/","name":"Introdu\u00e7\u00e3o ao Blockchain - IBEMF - Cursos Certifica\u00e7\u00f5es e Forma\u00e7\u00f5es","isPartOf":{"@id":"https:\/\/ibemf.org.br\/#website"},"primaryImageOfPage":{"@id":"https:\/\/ibemf.org.br\/index.php\/produto\/introducao-ao-blockchain\/#primaryimage"},"image":{"@id":"https:\/\/ibemf.org.br\/index.php\/produto\/introducao-ao-blockchain\/#primaryimage"},"thumbnailUrl":"https:\/\/ibemf.org.br\/wp-content\/uploads\/2025\/09\/introducao-ao-blockchain.jpg","datePublished":"2025-09-08T18:27:49+00:00","dateModified":"2026-03-31T09:53:20+00:00","description":"Curso gratuito de Introdu\u00e7\u00e3o ao Blockchain: aprenda hist\u00f3rico, funcionamento, DLT, CriptoEconomia e potenciais aplica\u00e7\u00f5es dessa tecnologia inovadora.","breadcrumb":{"@id":"https:\/\/ibemf.org.br\/index.php\/produto\/introducao-ao-blockchain\/#breadcrumb"},"inLanguage":"pt-BR","potentialAction":[{"@type":"ReadAction","target":["https:\/\/ibemf.org.br\/index.php\/produto\/introducao-ao-blockchain\/"]}]},{"@type":"ImageObject","inLanguage":"pt-BR","@id":"https:\/\/ibemf.org.br\/index.php\/produto\/introducao-ao-blockchain\/#primaryimage","url":"https:\/\/ibemf.org.br\/wp-content\/uploads\/2025\/09\/introducao-ao-blockchain.jpg","contentUrl":"https:\/\/ibemf.org.br\/wp-content\/uploads\/2025\/09\/introducao-ao-blockchain.jpg","width":1080,"height":1080,"caption":"Blockchain"},{"@type":"BreadcrumbList","@id":"https:\/\/ibemf.org.br\/index.php\/produto\/introducao-ao-blockchain\/#breadcrumb","itemListElement":[{"@type":"ListItem","position":1,"name":"In\u00edcio","item":"https:\/\/ibemf.org.br\/"},{"@type":"ListItem","position":2,"name":"Loja","item":"https:\/\/ibemf.org.br\/index.php\/loja\/"},{"@type":"ListItem","position":3,"name":"Introdu\u00e7\u00e3o ao Blockchain"}]},{"@type":"WebSite","@id":"https:\/\/ibemf.org.br\/#website","url":"https:\/\/ibemf.org.br\/","name":"IBEMF - Cursos Certifica\u00e7\u00f5es e Forma\u00e7\u00f5es","description":"","publisher":{"@id":"https:\/\/ibemf.org.br\/#organization"},"potentialAction":[{"@type":"SearchAction","target":{"@type":"EntryPoint","urlTemplate":"https:\/\/ibemf.org.br\/?s={search_term_string}"},"query-input":{"@type":"PropertyValueSpecification","valueRequired":true,"valueName":"search_term_string"}}],"inLanguage":"pt-BR"},{"@type":"Organization","@id":"https:\/\/ibemf.org.br\/#organization","name":"IBEMF - Cursos Certifica\u00e7\u00f5es e Forma\u00e7\u00f5es","url":"https:\/\/ibemf.org.br\/","logo":{"@type":"ImageObject","inLanguage":"pt-BR","@id":"https:\/\/ibemf.org.br\/#\/schema\/logo\/image\/","url":"https:\/\/novo.ibemf.org.br\/wp-content\/uploads\/2024\/07\/logo_ibemfxselo.png","contentUrl":"https:\/\/novo.ibemf.org.br\/wp-content\/uploads\/2024\/07\/logo_ibemfxselo.png","width":200,"height":199,"caption":"IBEMF - Cursos Certifica\u00e7\u00f5es e Forma\u00e7\u00f5es"},"image":{"@id":"https:\/\/ibemf.org.br\/#\/schema\/logo\/image\/"},"sameAs":["https:\/\/www.facebook.com\/ibemfrj","https:\/\/www.instagram.com\/ibemf.investeduc?utm_source=ig_web_button_share_sheet&igsh=ZDNlZDc0MzIxNw","https:\/\/www.linkedin.com\/in\/ibemf-instituto-brasileiro-de-estudos-para-o-mercado-financeiro-26430220b\/"]}]}},"_links":{"self":[{"href":"https:\/\/ibemf.org.br\/index.php\/wp-json\/wp\/v2\/product\/935","targetHints":{"allow":["GET"]}}],"collection":[{"href":"https:\/\/ibemf.org.br\/index.php\/wp-json\/wp\/v2\/product"}],"about":[{"href":"https:\/\/ibemf.org.br\/index.php\/wp-json\/wp\/v2\/types\/product"}],"replies":[{"embeddable":true,"href":"https:\/\/ibemf.org.br\/index.php\/wp-json\/wp\/v2\/comments?post=935"}],"wp:featuredmedia":[{"embeddable":true,"href":"https:\/\/ibemf.org.br\/index.php\/wp-json\/wp\/v2\/media\/975"}],"wp:attachment":[{"href":"https:\/\/ibemf.org.br\/index.php\/wp-json\/wp\/v2\/media?parent=935"}],"wp:term":[{"taxonomy":"product_brand","embeddable":true,"href":"https:\/\/ibemf.org.br\/index.php\/wp-json\/wp\/v2\/product_brand?post=935"},{"taxonomy":"product_cat","embeddable":true,"href":"https:\/\/ibemf.org.br\/index.php\/wp-json\/wp\/v2\/product_cat?post=935"},{"taxonomy":"product_tag","embeddable":true,"href":"https:\/\/ibemf.org.br\/index.php\/wp-json\/wp\/v2\/product_tag?post=935"}],"curies":[{"name":"wp","href":"https:\/\/api.w.org\/{rel}","templated":true}]}}