{"id":938,"date":"2025-09-08T19:40:01","date_gmt":"2025-09-08T19:40:01","guid":{"rendered":"https:\/\/novo.ibemf.org.br\/?post_type=product&#038;p=938"},"modified":"2026-03-31T06:54:10","modified_gmt":"2026-03-31T09:54:10","slug":"treinamento-pldft","status":"publish","type":"product","link":"https:\/\/ibemf.org.br\/index.php\/produto\/treinamento-pldft\/","title":{"rendered":"Treinamento PLDFT"},"content":{"rendered":"<p><strong>Objetivo do Treinamento PLDFT \u2013 Preven\u00e7\u00e3o \u00e0 Lavagem de Dinheiro <\/strong>:<\/p>\n<p>Preparar, capacitar assim como reciclar os participantes por meio da apresenta\u00e7\u00e3o de conte\u00fados espec\u00edficos sobre legisla\u00e7\u00e3o e normas para a\u00e7\u00f5es preventivas e melhores pr\u00e1ticas de mercado contra crimes de lavagem de dinheiro e financiamento ao terrorismo.<\/p>\n<h4><strong>Participantes<\/strong>:<\/h4>\n<p>Institui\u00e7\u00f5es Financeiras bem como Corretoras, al\u00e9m de Distribuidoras, Gestoras, Seguradoras, Cooperativas, Cons\u00f3rcios, Correspondentes Banc\u00e1rios no Pa\u00eds, Consultorias, Escrit\u00f3rios de Advocacia, de Contabilidade, Empresas de Classifica\u00e7\u00e3o de Rating, Securitizadoras e demais Empresas enquadradas nas regulamenta\u00e7\u00f5es do COAF: Factoring, Imobili\u00e1rias, Administradoras de Cart\u00f5es de Cr\u00e9dito e Transportadoras de Valores e outras.<\/p>\n<h4><strong>Conte\u00fado Program\u00e1tico, Treinamento PLDFT<\/strong>:<\/h4>\n<ul>\n<li>\u00a0Hist\u00f3ria;<\/li>\n<li>\u00a0GAFI;<\/li>\n<li>\u00a0Lei 9613\/98;<\/li>\n<li>\u00a0Principais instru\u00e7\u00f5es CVM;<\/li>\n<li>Princ\u00edpios b\u00e1sicos da Lavagem de dinheiro;<\/li>\n<li>\u00a0\u00d3rg\u00e3os Reguladores;<\/li>\n<li>Principais t\u00f3picos da Circular Bacen n\u00ba 3461;<\/li>\n<li>A identifica\u00e7\u00e3o e cadastro dos clientes e a<br \/>\nimport\u00e2ncia do Question\u00e1rio KYC;<\/li>\n<li>A obrigatoriedade de comunica\u00e7\u00e3o de opera\u00e7\u00f5es<br \/>\nfinanceiras;<\/li>\n<li>\u00a0A responsabilidade administrativa \u2013 Lei 12.683\/2012;<\/li>\n<li>\u00a0San\u00e7\u00f5es;<\/li>\n<li>Teste Online.<\/li>\n<\/ul>\n<p>&nbsp;<\/p>\n<p>Desde o lan\u00e7amento do treinamento o IBEMF como resultado j\u00e1 capacitou milhares de Profissionais do Mercado Financeiro e \/ ou profissionais com interesse em ingressar neste segmento.<\/p>\n","protected":false},"excerpt":{"rendered":"<p>Objetivo do Treinamento PLDFT \u2013 Preven\u00e7\u00e3o \u00e0 Lavagem de Dinheiro : Preparar, capacitar assim como reciclar os participantes por meio da apresenta\u00e7\u00e3o de conte\u00fados espec\u00edficos sobre legisla\u00e7\u00e3o e normas para a\u00e7\u00f5es preventivas e melhores pr\u00e1ticas de mercado contra crimes de lavagem de dinheiro e financiamento ao terrorismo. Participantes: Institui\u00e7\u00f5es Financeiras bem como Corretoras, al\u00e9m de [&hellip;]<\/p>\n","protected":false},"featured_media":1574,"comment_status":"open","ping_status":"closed","template":"","meta":{"_joinchat":[]},"product_brand":[],"product_cat":[26,44],"product_tag":[],"class_list":{"0":"post-938","1":"product","2":"type-product","3":"status-publish","4":"has-post-thumbnail","6":"product_cat-cursos-online","7":"product_cat-loja","9":"first","10":"instock","11":"downloadable","12":"virtual","13":"taxable","14":"purchasable","15":"product-type-simple"},"yoast_head":"<!-- This site is optimized with the Yoast SEO Premium plugin v26.9 (Yoast SEO v26.9) - https:\/\/yoast.com\/product\/yoast-seo-premium-wordpress\/ -->\n<title>Treinamento PLDFT - IBEMF - Cursos Certifica\u00e7\u00f5es e Forma\u00e7\u00f5es<\/title>\n<meta name=\"description\" content=\"Treinamento PLDFT prepara profissionais do mercado financeiro para preven\u00e7\u00e3o \u00e0 lavagem de dinheiro e financiamento ao terrorismo com pr\u00e1ticas atualizadas.\" \/>\n<meta name=\"robots\" content=\"index, follow, max-snippet:-1, max-image-preview:large, max-video-preview:-1\" \/>\n<link rel=\"canonical\" href=\"https:\/\/ibemf.org.br\/index.php\/produto\/treinamento-pldft\/\" \/>\n<meta property=\"og:locale\" content=\"pt_BR\" \/>\n<meta property=\"og:type\" content=\"article\" \/>\n<meta property=\"og:title\" content=\"Treinamento PLDFT\" \/>\n<meta property=\"og:description\" content=\"Treinamento PLDFT prepara profissionais do mercado financeiro para preven\u00e7\u00e3o \u00e0 lavagem de dinheiro e financiamento ao terrorismo com pr\u00e1ticas atualizadas.\" \/>\n<meta property=\"og:url\" content=\"https:\/\/ibemf.org.br\/index.php\/produto\/treinamento-pldft\/\" \/>\n<meta property=\"og:site_name\" content=\"IBEMF - Cursos Certifica\u00e7\u00f5es e Forma\u00e7\u00f5es\" \/>\n<meta property=\"article:publisher\" content=\"https:\/\/www.facebook.com\/ibemfrj\" \/>\n<meta property=\"article:modified_time\" content=\"2026-03-31T09:54:10+00:00\" \/>\n<meta property=\"og:image\" content=\"https:\/\/ibemf.org.br\/wp-content\/uploads\/2025\/09\/pldcft-1-1.png\" \/>\n\t<meta property=\"og:image:width\" content=\"1080\" \/>\n\t<meta property=\"og:image:height\" content=\"1080\" \/>\n\t<meta property=\"og:image:type\" content=\"image\/png\" \/>\n<meta name=\"twitter:card\" content=\"summary_large_image\" \/>\n<meta name=\"twitter:label1\" content=\"Est. tempo de leitura\" \/>\n\t<meta name=\"twitter:data1\" content=\"2 minutos\" \/>\n<script type=\"application\/ld+json\" class=\"yoast-schema-graph\">{\"@context\":\"https:\/\/schema.org\",\"@graph\":[{\"@type\":\"WebPage\",\"@id\":\"https:\/\/ibemf.org.br\/index.php\/produto\/treinamento-pldft\/\",\"url\":\"https:\/\/ibemf.org.br\/index.php\/produto\/treinamento-pldft\/\",\"name\":\"Treinamento PLDFT - IBEMF - Cursos Certifica\u00e7\u00f5es e Forma\u00e7\u00f5es\",\"isPartOf\":{\"@id\":\"https:\/\/ibemf.org.br\/#website\"},\"primaryImageOfPage\":{\"@id\":\"https:\/\/ibemf.org.br\/index.php\/produto\/treinamento-pldft\/#primaryimage\"},\"image\":{\"@id\":\"https:\/\/ibemf.org.br\/index.php\/produto\/treinamento-pldft\/#primaryimage\"},\"thumbnailUrl\":\"https:\/\/ibemf.org.br\/wp-content\/uploads\/2025\/09\/pldcft-1-1.png\",\"datePublished\":\"2025-09-08T19:40:01+00:00\",\"dateModified\":\"2026-03-31T09:54:10+00:00\",\"description\":\"Treinamento PLDFT prepara profissionais do mercado financeiro para preven\u00e7\u00e3o \u00e0 lavagem de dinheiro e financiamento ao terrorismo com pr\u00e1ticas atualizadas.\",\"breadcrumb\":{\"@id\":\"https:\/\/ibemf.org.br\/index.php\/produto\/treinamento-pldft\/#breadcrumb\"},\"inLanguage\":\"pt-BR\",\"potentialAction\":[{\"@type\":\"ReadAction\",\"target\":[\"https:\/\/ibemf.org.br\/index.php\/produto\/treinamento-pldft\/\"]}]},{\"@type\":\"ImageObject\",\"inLanguage\":\"pt-BR\",\"@id\":\"https:\/\/ibemf.org.br\/index.php\/produto\/treinamento-pldft\/#primaryimage\",\"url\":\"https:\/\/ibemf.org.br\/wp-content\/uploads\/2025\/09\/pldcft-1-1.png\",\"contentUrl\":\"https:\/\/ibemf.org.br\/wp-content\/uploads\/2025\/09\/pldcft-1-1.png\",\"width\":1080,\"height\":1080},{\"@type\":\"BreadcrumbList\",\"@id\":\"https:\/\/ibemf.org.br\/index.php\/produto\/treinamento-pldft\/#breadcrumb\",\"itemListElement\":[{\"@type\":\"ListItem\",\"position\":1,\"name\":\"In\u00edcio\",\"item\":\"https:\/\/ibemf.org.br\/\"},{\"@type\":\"ListItem\",\"position\":2,\"name\":\"Loja\",\"item\":\"https:\/\/ibemf.org.br\/index.php\/loja\/\"},{\"@type\":\"ListItem\",\"position\":3,\"name\":\"Treinamento PLDFT\"}]},{\"@type\":\"WebSite\",\"@id\":\"https:\/\/ibemf.org.br\/#website\",\"url\":\"https:\/\/ibemf.org.br\/\",\"name\":\"IBEMF - Cursos Certifica\u00e7\u00f5es e Forma\u00e7\u00f5es\",\"description\":\"\",\"publisher\":{\"@id\":\"https:\/\/ibemf.org.br\/#organization\"},\"potentialAction\":[{\"@type\":\"SearchAction\",\"target\":{\"@type\":\"EntryPoint\",\"urlTemplate\":\"https:\/\/ibemf.org.br\/?s={search_term_string}\"},\"query-input\":{\"@type\":\"PropertyValueSpecification\",\"valueRequired\":true,\"valueName\":\"search_term_string\"}}],\"inLanguage\":\"pt-BR\"},{\"@type\":\"Organization\",\"@id\":\"https:\/\/ibemf.org.br\/#organization\",\"name\":\"IBEMF - Cursos Certifica\u00e7\u00f5es e Forma\u00e7\u00f5es\",\"url\":\"https:\/\/ibemf.org.br\/\",\"logo\":{\"@type\":\"ImageObject\",\"inLanguage\":\"pt-BR\",\"@id\":\"https:\/\/ibemf.org.br\/#\/schema\/logo\/image\/\",\"url\":\"https:\/\/novo.ibemf.org.br\/wp-content\/uploads\/2024\/07\/logo_ibemfxselo.png\",\"contentUrl\":\"https:\/\/novo.ibemf.org.br\/wp-content\/uploads\/2024\/07\/logo_ibemfxselo.png\",\"width\":200,\"height\":199,\"caption\":\"IBEMF - Cursos Certifica\u00e7\u00f5es e Forma\u00e7\u00f5es\"},\"image\":{\"@id\":\"https:\/\/ibemf.org.br\/#\/schema\/logo\/image\/\"},\"sameAs\":[\"https:\/\/www.facebook.com\/ibemfrj\",\"https:\/\/www.instagram.com\/ibemf.investeduc?utm_source=ig_web_button_share_sheet&igsh=ZDNlZDc0MzIxNw\",\"https:\/\/www.linkedin.com\/in\/ibemf-instituto-brasileiro-de-estudos-para-o-mercado-financeiro-26430220b\/\"]}]}<\/script>\n<!-- \/ Yoast SEO Premium plugin. -->","yoast_head_json":{"title":"Treinamento PLDFT - IBEMF - Cursos Certifica\u00e7\u00f5es e Forma\u00e7\u00f5es","description":"Treinamento PLDFT prepara profissionais do mercado financeiro para preven\u00e7\u00e3o \u00e0 lavagem de dinheiro e financiamento ao terrorismo com pr\u00e1ticas atualizadas.","robots":{"index":"index","follow":"follow","max-snippet":"max-snippet:-1","max-image-preview":"max-image-preview:large","max-video-preview":"max-video-preview:-1"},"canonical":"https:\/\/ibemf.org.br\/index.php\/produto\/treinamento-pldft\/","og_locale":"pt_BR","og_type":"article","og_title":"Treinamento PLDFT","og_description":"Treinamento PLDFT prepara profissionais do mercado financeiro para preven\u00e7\u00e3o \u00e0 lavagem de dinheiro e financiamento ao terrorismo com pr\u00e1ticas atualizadas.","og_url":"https:\/\/ibemf.org.br\/index.php\/produto\/treinamento-pldft\/","og_site_name":"IBEMF - Cursos Certifica\u00e7\u00f5es e Forma\u00e7\u00f5es","article_publisher":"https:\/\/www.facebook.com\/ibemfrj","article_modified_time":"2026-03-31T09:54:10+00:00","og_image":[{"width":1080,"height":1080,"url":"https:\/\/ibemf.org.br\/wp-content\/uploads\/2025\/09\/pldcft-1-1.png","type":"image\/png"}],"twitter_card":"summary_large_image","twitter_misc":{"Est. tempo de leitura":"2 minutos"},"schema":{"@context":"https:\/\/schema.org","@graph":[{"@type":"WebPage","@id":"https:\/\/ibemf.org.br\/index.php\/produto\/treinamento-pldft\/","url":"https:\/\/ibemf.org.br\/index.php\/produto\/treinamento-pldft\/","name":"Treinamento PLDFT - IBEMF - Cursos Certifica\u00e7\u00f5es e Forma\u00e7\u00f5es","isPartOf":{"@id":"https:\/\/ibemf.org.br\/#website"},"primaryImageOfPage":{"@id":"https:\/\/ibemf.org.br\/index.php\/produto\/treinamento-pldft\/#primaryimage"},"image":{"@id":"https:\/\/ibemf.org.br\/index.php\/produto\/treinamento-pldft\/#primaryimage"},"thumbnailUrl":"https:\/\/ibemf.org.br\/wp-content\/uploads\/2025\/09\/pldcft-1-1.png","datePublished":"2025-09-08T19:40:01+00:00","dateModified":"2026-03-31T09:54:10+00:00","description":"Treinamento PLDFT prepara profissionais do mercado financeiro para preven\u00e7\u00e3o \u00e0 lavagem de dinheiro e financiamento ao terrorismo com pr\u00e1ticas atualizadas.","breadcrumb":{"@id":"https:\/\/ibemf.org.br\/index.php\/produto\/treinamento-pldft\/#breadcrumb"},"inLanguage":"pt-BR","potentialAction":[{"@type":"ReadAction","target":["https:\/\/ibemf.org.br\/index.php\/produto\/treinamento-pldft\/"]}]},{"@type":"ImageObject","inLanguage":"pt-BR","@id":"https:\/\/ibemf.org.br\/index.php\/produto\/treinamento-pldft\/#primaryimage","url":"https:\/\/ibemf.org.br\/wp-content\/uploads\/2025\/09\/pldcft-1-1.png","contentUrl":"https:\/\/ibemf.org.br\/wp-content\/uploads\/2025\/09\/pldcft-1-1.png","width":1080,"height":1080},{"@type":"BreadcrumbList","@id":"https:\/\/ibemf.org.br\/index.php\/produto\/treinamento-pldft\/#breadcrumb","itemListElement":[{"@type":"ListItem","position":1,"name":"In\u00edcio","item":"https:\/\/ibemf.org.br\/"},{"@type":"ListItem","position":2,"name":"Loja","item":"https:\/\/ibemf.org.br\/index.php\/loja\/"},{"@type":"ListItem","position":3,"name":"Treinamento PLDFT"}]},{"@type":"WebSite","@id":"https:\/\/ibemf.org.br\/#website","url":"https:\/\/ibemf.org.br\/","name":"IBEMF - Cursos Certifica\u00e7\u00f5es e Forma\u00e7\u00f5es","description":"","publisher":{"@id":"https:\/\/ibemf.org.br\/#organization"},"potentialAction":[{"@type":"SearchAction","target":{"@type":"EntryPoint","urlTemplate":"https:\/\/ibemf.org.br\/?s={search_term_string}"},"query-input":{"@type":"PropertyValueSpecification","valueRequired":true,"valueName":"search_term_string"}}],"inLanguage":"pt-BR"},{"@type":"Organization","@id":"https:\/\/ibemf.org.br\/#organization","name":"IBEMF - Cursos Certifica\u00e7\u00f5es e Forma\u00e7\u00f5es","url":"https:\/\/ibemf.org.br\/","logo":{"@type":"ImageObject","inLanguage":"pt-BR","@id":"https:\/\/ibemf.org.br\/#\/schema\/logo\/image\/","url":"https:\/\/novo.ibemf.org.br\/wp-content\/uploads\/2024\/07\/logo_ibemfxselo.png","contentUrl":"https:\/\/novo.ibemf.org.br\/wp-content\/uploads\/2024\/07\/logo_ibemfxselo.png","width":200,"height":199,"caption":"IBEMF - Cursos Certifica\u00e7\u00f5es e Forma\u00e7\u00f5es"},"image":{"@id":"https:\/\/ibemf.org.br\/#\/schema\/logo\/image\/"},"sameAs":["https:\/\/www.facebook.com\/ibemfrj","https:\/\/www.instagram.com\/ibemf.investeduc?utm_source=ig_web_button_share_sheet&igsh=ZDNlZDc0MzIxNw","https:\/\/www.linkedin.com\/in\/ibemf-instituto-brasileiro-de-estudos-para-o-mercado-financeiro-26430220b\/"]}]}},"_links":{"self":[{"href":"https:\/\/ibemf.org.br\/index.php\/wp-json\/wp\/v2\/product\/938","targetHints":{"allow":["GET"]}}],"collection":[{"href":"https:\/\/ibemf.org.br\/index.php\/wp-json\/wp\/v2\/product"}],"about":[{"href":"https:\/\/ibemf.org.br\/index.php\/wp-json\/wp\/v2\/types\/product"}],"replies":[{"embeddable":true,"href":"https:\/\/ibemf.org.br\/index.php\/wp-json\/wp\/v2\/comments?post=938"}],"wp:featuredmedia":[{"embeddable":true,"href":"https:\/\/ibemf.org.br\/index.php\/wp-json\/wp\/v2\/media\/1574"}],"wp:attachment":[{"href":"https:\/\/ibemf.org.br\/index.php\/wp-json\/wp\/v2\/media?parent=938"}],"wp:term":[{"taxonomy":"product_brand","embeddable":true,"href":"https:\/\/ibemf.org.br\/index.php\/wp-json\/wp\/v2\/product_brand?post=938"},{"taxonomy":"product_cat","embeddable":true,"href":"https:\/\/ibemf.org.br\/index.php\/wp-json\/wp\/v2\/product_cat?post=938"},{"taxonomy":"product_tag","embeddable":true,"href":"https:\/\/ibemf.org.br\/index.php\/wp-json\/wp\/v2\/product_tag?post=938"}],"curies":[{"name":"wp","href":"https:\/\/api.w.org\/{rel}","templated":true}]}}